{"id":1584,"date":"2024-08-23T18:22:39","date_gmt":"2024-08-23T18:22:39","guid":{"rendered":"https:\/\/anateste.000.pe\/?page_id=1584"},"modified":"2024-09-20T17:12:47","modified_gmt":"2024-09-20T17:12:47","slug":"inicio","status":"publish","type":"page","link":"https:\/\/www2.historia.uff.br\/ciadasindias\/","title":{"rendered":"In\u00edcio"},"content":{"rendered":"\t\t<div data-elementor-type=\"wp-page\" data-elementor-id=\"1584\" class=\"elementor elementor-1584\">\n\t\t\t\t<div class=\"elementor-element elementor-element-d565986 e-flex e-con-boxed e-con e-parent\" data-id=\"d565986\" data-element_type=\"container\">\n\t\t\t\t\t<div class=\"e-con-inner\">\n\t\t<div class=\"elementor-element elementor-element-bbc2ff6 e-con-full e-flex e-con e-child\" data-id=\"bbc2ff6\" data-element_type=\"container\">\n\t\t\t\t<div class=\"elementor-element elementor-element-d8b09b5 elementor-widget__width-initial jltma-glass-effect-no elementor-widget elementor-widget-image\" data-id=\"d8b09b5\" data-element_type=\"widget\" data-widget_type=\"image.default\">\n\t\t\t\t<div class=\"elementor-widget-container\">\n\t\t\t\t\t\t\t\t\t\t\t\t\t<img fetchpriority=\"high\" decoding=\"async\" width=\"1154\" height=\"1220\" src=\"https:\/\/www2.historia.uff.br\/ciadasindias\/wp-content\/uploads\/2024\/09\/cia-das-indias_imagem-capa_site_bola1.jpg\" class=\"attachment-full size-full wp-image-2187\" alt=\"\" srcset=\"https:\/\/www2.historia.uff.br\/ciadasindias\/wp-content\/uploads\/2024\/09\/cia-das-indias_imagem-capa_site_bola1.jpg 1154w, https:\/\/www2.historia.uff.br\/ciadasindias\/wp-content\/uploads\/2024\/09\/cia-das-indias_imagem-capa_site_bola1-284x300.jpg 284w, https:\/\/www2.historia.uff.br\/ciadasindias\/wp-content\/uploads\/2024\/09\/cia-das-indias_imagem-capa_site_bola1-969x1024.jpg 969w, https:\/\/www2.historia.uff.br\/ciadasindias\/wp-content\/uploads\/2024\/09\/cia-das-indias_imagem-capa_site_bola1-768x812.jpg 768w, https:\/\/www2.historia.uff.br\/ciadasindias\/wp-content\/uploads\/2024\/09\/cia-das-indias_imagem-capa_site_bola1-600x634.jpg 600w\" sizes=\"(max-width: 1154px) 100vw, 1154px\" \/>\t\t\t\t\t\t\t\t\t\t\t\t\t<\/div>\n\t\t\t\t<\/div>\n\t\t\t\t<\/div>\n\t\t<div class=\"elementor-element elementor-element-f043651 e-con-full e-flex e-con e-child\" data-id=\"f043651\" data-element_type=\"container\">\n\t\t\t\t<div class=\"elementor-element elementor-element-96e4f47 jltma-glass-effect-no elementor-widget elementor-widget-heading\" data-id=\"96e4f47\" data-element_type=\"widget\" data-widget_type=\"heading.default\">\n\t\t\t\t<div class=\"elementor-widget-container\">\n\t\t\t<h2 class=\"elementor-heading-title elementor-size-default\">Companhia <\/h2>\t\t<\/div>\n\t\t\t\t<\/div>\n\t\t\t\t<div class=\"elementor-element elementor-element-d4a9304 elementor-widget__width-initial elementor-widget-mobile__width-initial jltma-glass-effect-no elementor-widget elementor-widget-heading\" data-id=\"d4a9304\" data-element_type=\"widget\" data-widget_type=\"heading.default\">\n\t\t\t\t<div class=\"elementor-widget-container\">\n\t\t\t<h2 class=\"elementor-heading-title elementor-size-default\">pessoas juntas em algum lugar \nunidas entre si por um fim<\/h2>\t\t<\/div>\n\t\t\t\t<\/div>\n\t\t\t\t<div class=\"elementor-element elementor-element-71ea91f jltma-glass-effect-no elementor-widget elementor-widget-heading\" data-id=\"71ea91f\" data-element_type=\"widget\" data-widget_type=\"heading.default\">\n\t\t\t\t<div class=\"elementor-widget-container\">\n\t\t\t<h2 class=\"elementor-heading-title elementor-size-default\">Rafael Bluteau<\/h2>\t\t<\/div>\n\t\t\t\t<\/div>\n\t\t\t\t<div class=\"elementor-element elementor-element-68555e9 elementor-widget-mobile__width-initial jltma-glass-effect-no elementor-widget elementor-widget-heading\" data-id=\"68555e9\" data-element_type=\"widget\" data-widget_type=\"heading.default\">\n\t\t\t\t<div class=\"elementor-widget-container\">\n\t\t\t<h2 class=\"elementor-heading-title elementor-size-default\">A Companhia das \u00cdndias \u2013 N\u00facleo de Hist\u00f3ria dos Tempos Modernos \u2013 \u00e9 um instrumento de aproxima\u00e7\u00e3o entre pesquisadores dedicados aos Tempos Modernos, n\u00e3o s\u00f3 da Universidade Federal Fluminense, mas tamb\u00e9m de outras institui\u00e7\u00f5es no Brasil e no exterior.<\/h2>\t\t<\/div>\n\t\t\t\t<\/div>\n\t\t\t\t<\/div>\n\t\t\t\t\t<\/div>\n\t\t\t\t<\/div>\n\t\t<div class=\"elementor-element elementor-element-7e8c516 e-flex e-con-boxed e-con e-parent\" data-id=\"7e8c516\" data-element_type=\"container\">\n\t\t\t\t\t<div class=\"e-con-inner\">\n\t\t\t\t<div class=\"elementor-element elementor-element-3de85ba elementor-widget-mobile__width-initial elementor-widget-tablet__width-initial jltma-glass-effect-no elementor-widget elementor-widget-heading\" data-id=\"3de85ba\" data-element_type=\"widget\" data-widget_type=\"heading.default\">\n\t\t\t\t<div class=\"elementor-widget-container\">\n\t\t\t<h2 class=\"elementor-heading-title elementor-size-default\"><a href=\"https:\/\/www2.historia.uff.br\/ciadasindias\/elementor-2853\/\">Eventos &amp; Not\u00edcias<\/a><\/h2>\t\t<\/div>\n\t\t\t\t<\/div>\n\t\t\t\t<div class=\"elementor-element elementor-element-24042bd elementor-align-right elementor-widget__width-initial elementor-widget-tablet__width-initial elementor-widget-mobile__width-initial jltma-glass-effect-no elementor-widget elementor-widget-button\" data-id=\"24042bd\" data-element_type=\"widget\" data-widget_type=\"button.default\">\n\t\t\t\t<div class=\"elementor-widget-container\">\n\t\t\t\t\t\t\t<div class=\"elementor-button-wrapper\">\n\t\t\t\t\t<a class=\"elementor-button elementor-button-link elementor-size-sm\" href=\"https:\/\/www2.historia.uff.br\/ciadasindias\/elementor-2853\/\">\n\t\t\t\t\t\t<span class=\"elementor-button-content-wrapper\">\n\t\t\t\t\t\t\t\t\t<span class=\"elementor-button-text\">Mais<\/span>\n\t\t\t\t\t<\/span>\n\t\t\t\t\t<\/a>\n\t\t\t\t<\/div>\n\t\t\t\t\t\t<\/div>\n\t\t\t\t<\/div>\n\t\t\t\t\t<\/div>\n\t\t\t\t<\/div>\n\t\t<div class=\"elementor-element elementor-element-7b077a6 e-flex e-con-boxed e-con e-parent\" data-id=\"7b077a6\" data-element_type=\"container\">\n\t\t\t\t\t<div class=\"e-con-inner\">\n\t\t\t\t<div class=\"elementor-element elementor-element-0c48c5e upk-global-link-yes upk-navigation-type-arrows upk-carousel-style-carousel jltma-glass-effect-no elementor-widget elementor-widget-upk-alice-carousel\" data-id=\"0c48c5e\" data-element_type=\"widget\" data-widget_type=\"upk-alice-carousel.default\">\n\t\t\t\t<div class=\"elementor-widget-container\">\n\t\t\t\t\t<div id=\"upk-alice-carousel-0c48c5e\" class=\"upk-alice-carousel upk-arrows-align-center\" data-settings=\"{&quot;autoplay&quot;:{&quot;delay&quot;:5000},&quot;loop&quot;:true,&quot;speed&quot;:500,&quot;pauseOnHover&quot;:true,&quot;slidesPerView&quot;:1,&quot;slidesPerGroup&quot;:1,&quot;spaceBetween&quot;:20,&quot;effect&quot;:&quot;carousel&quot;,&quot;direction&quot;:&quot;horizontal&quot;,&quot;watchSlidesVisibility&quot;:true,&quot;watchSlidesProgress&quot;:true,&quot;breakpoints&quot;:{&quot;767&quot;:{&quot;slidesPerView&quot;:2,&quot;spaceBetween&quot;:20,&quot;slidesPerGroup&quot;:1},&quot;1023&quot;:{&quot;slidesPerView&quot;:3,&quot;spaceBetween&quot;:20,&quot;slidesPerGroup&quot;:1}},&quot;navigation&quot;:{&quot;nextEl&quot;:&quot;#upk-alice-carousel-0c48c5e .upk-navigation-next&quot;,&quot;prevEl&quot;:&quot;#upk-alice-carousel-0c48c5e .upk-navigation-prev&quot;},&quot;pagination&quot;:{&quot;el&quot;:&quot;#upk-alice-carousel-0c48c5e .swiper-pagination&quot;,&quot;type&quot;:&quot;&quot;,&quot;clickable&quot;:&quot;true&quot;,&quot;dynamicBullets&quot;:false},&quot;scrollbar&quot;:{&quot;el&quot;:&quot;#upk-alice-carousel-0c48c5e .swiper-scrollbar&quot;,&quot;hide&quot;:&quot;true&quot;},&quot;coverflowEffect&quot;:{&quot;rotate&quot;:50,&quot;stretch&quot;:0,&quot;depth&quot;:100,&quot;modifier&quot;:1,&quot;slideShadows&quot;:true}}\">\n\t\t\t<div class=\"upk-content-bottom-center\">\n\t\t\t\t<div class=\"swiper-carousel swiper\">\n\t\t\t\t\t<div class=\"swiper-wrapper\">\n\t\t\t\t\t\t\t\t\t\t\t<div onclick=\"window.open(&#039;https:\/\/www2.historia.uff.br\/ciadasindias\/workshop-desobediencia-e-comunicacao-politica-na-primeira-epoca-moderna\/&#039;, &#039;_self&#039;)\" class=\"upk-item swiper-slide\">\n\t\t\t\t\t\t\t<div class=\"upk-item-box\">\n\t\t\t\t\t\t\t\t<div class=\"upk-img-wrap\">\n\t\t\t\t\t\t\t\t\t<img decoding=\"async\" width=\"396\" height=\"561\" src=\"https:\/\/www2.historia.uff.br\/ciadasindias\/wp-content\/uploads\/2025\/05\/Workshop-Desobediencia-e-comunicacao-politica.png\" class=\"upk-img\" alt=\"Workshop &#8220;Desobedi\u00eancia e comunica\u00e7\u00e3o pol\u00edtica na primeira \u00c9poca Moderna&#8221;\" srcset=\"https:\/\/www2.historia.uff.br\/ciadasindias\/wp-content\/uploads\/2025\/05\/Workshop-Desobediencia-e-comunicacao-politica.png 396w, https:\/\/www2.historia.uff.br\/ciadasindias\/wp-content\/uploads\/2025\/05\/Workshop-Desobediencia-e-comunicacao-politica-212x300.png 212w\" sizes=\"(max-width: 396px) 100vw, 396px\" \/>\t\t\t\t\t\t\t\t<\/div>\n\t\t\t\t\t\t\t\t\t\t\t\t\t\t\t\t<div class=\"upk-content\">\n\t\t\t\t\t\t\t\t\t\t\t\t\t\t\t\t\t\t\t\t\t\t\t\t\t\t<\/div>\n\t\t\t\t\t\t\t<\/div>\n\t\t\t\t\t\t<\/div>\n\t\t\t\t\t\t\t\t\t\t<div onclick=\"window.open(&#039;https:\/\/www2.historia.uff.br\/ciadasindias\/aula-aberta-luciana-villas-boas-o-livro-de-hans-staden-e-a-questao-colonial\/&#039;, &#039;_self&#039;)\" class=\"upk-item swiper-slide\">\n\t\t\t\t\t\t\t<div class=\"upk-item-box\">\n\t\t\t\t\t\t\t\t<div class=\"upk-img-wrap\">\n\t\t\t\t\t\t\t\t\t<img decoding=\"async\" width=\"422\" height=\"528\" src=\"https:\/\/www2.historia.uff.br\/ciadasindias\/wp-content\/uploads\/2025\/04\/WhatsApp-Image-2025-04-04-at-11.52.11-e1743792879890.jpeg\" class=\"upk-img\" alt=\"Aula Aberta &#8211; Luciana Villas B\u00f4as &#8211; O livro de Hans Staden e a quest\u00e3o colonial.\" \/>\t\t\t\t\t\t\t\t<\/div>\n\t\t\t\t\t\t\t\t\t\t\t\t\t\t\t\t<div class=\"upk-content\">\n\t\t\t\t\t\t\t\t\t\t\t\t\t\t\t\t\t\t\t\t\t\t\t\t\t\t<\/div>\n\t\t\t\t\t\t\t<\/div>\n\t\t\t\t\t\t<\/div>\n\t\t\t\t\t\t\t\t\t\t<div onclick=\"window.open(&#039;https:\/\/www2.historia.uff.br\/ciadasindias\/crise-repensar-a-historia-moderna\/&#039;, &#039;_self&#039;)\" class=\"upk-item swiper-slide\">\n\t\t\t\t\t\t\t<div class=\"upk-item-box\">\n\t\t\t\t\t\t\t\t<div class=\"upk-img-wrap\">\n\t\t\t\t\t\t\t\t\t<img loading=\"lazy\" decoding=\"async\" width=\"1080\" height=\"1080\" src=\"https:\/\/www2.historia.uff.br\/ciadasindias\/wp-content\/uploads\/2024\/11\/CRISE-2.jpeg\" class=\"upk-img\" alt=\"CRISE. Repensar a Hist\u00f3ria Moderna\" \/>\t\t\t\t\t\t\t\t<\/div>\n\t\t\t\t\t\t\t\t\t\t\t\t\t\t\t\t<div class=\"upk-content\">\n\t\t\t\t\t\t\t\t\t\t\t\t\t\t\t\t\t\t\t\t\t\t\t\t\t\t<\/div>\n\t\t\t\t\t\t\t<\/div>\n\t\t\t\t\t\t<\/div>\n\t\t\t\t\t\t\t\t\t\t<div onclick=\"window.open(&#039;https:\/\/www2.historia.uff.br\/ciadasindias\/o-passado-colonial-como-enigma-historiografico\/&#039;, &#039;_self&#039;)\" class=\"upk-item swiper-slide\">\n\t\t\t\t\t\t\t<div class=\"upk-item-box\">\n\t\t\t\t\t\t\t\t<div class=\"upk-img-wrap\">\n\t\t\t\t\t\t\t\t\t<img loading=\"lazy\" decoding=\"async\" width=\"422\" height=\"528\" src=\"https:\/\/www2.historia.uff.br\/ciadasindias\/wp-content\/uploads\/2024\/09\/O-passado-colonial-como-enigma-historiografico-1.png\" class=\"upk-img\" alt=\"O Passado Colonial como Enigma Historiogr\u00e1fico\" srcset=\"https:\/\/www2.historia.uff.br\/ciadasindias\/wp-content\/uploads\/2024\/09\/O-passado-colonial-como-enigma-historiografico-1.png 422w, https:\/\/www2.historia.uff.br\/ciadasindias\/wp-content\/uploads\/2024\/09\/O-passado-colonial-como-enigma-historiografico-1-240x300.png 240w\" sizes=\"(max-width: 422px) 100vw, 422px\" \/>\t\t\t\t\t\t\t\t<\/div>\n\t\t\t\t\t\t\t\t\t\t\t\t\t\t\t\t<div class=\"upk-content\">\n\t\t\t\t\t\t\t\t\t\t\t\t\t\t\t\t\t\t\t\t\t\t\t\t\t\t<\/div>\n\t\t\t\t\t\t\t<\/div>\n\t\t\t\t\t\t<\/div>\n\t\t\t\t\t\t\t\t\t\t<div onclick=\"window.open(&#039;https:\/\/www2.historia.uff.br\/ciadasindias\/protagonismos-indigenas-na-pesquisa-historica\/&#039;, &#039;_self&#039;)\" class=\"upk-item swiper-slide\">\n\t\t\t\t\t\t\t<div class=\"upk-item-box\">\n\t\t\t\t\t\t\t\t<div class=\"upk-img-wrap\">\n\t\t\t\t\t\t\t\t\t<img loading=\"lazy\" decoding=\"async\" width=\"2160\" height=\"2700\" src=\"https:\/\/www2.historia.uff.br\/ciadasindias\/wp-content\/uploads\/2024\/08\/rodrigo_coloquio_indigena.png\" class=\"upk-img\" alt=\"Protagonismos Ind\u00edgenas na Pesquisa Hist\u00f3rica\" srcset=\"https:\/\/www2.historia.uff.br\/ciadasindias\/wp-content\/uploads\/2024\/08\/rodrigo_coloquio_indigena.png 2160w, https:\/\/www2.historia.uff.br\/ciadasindias\/wp-content\/uploads\/2024\/08\/rodrigo_coloquio_indigena-240x300.png 240w, https:\/\/www2.historia.uff.br\/ciadasindias\/wp-content\/uploads\/2024\/08\/rodrigo_coloquio_indigena-819x1024.png 819w, https:\/\/www2.historia.uff.br\/ciadasindias\/wp-content\/uploads\/2024\/08\/rodrigo_coloquio_indigena-768x960.png 768w, https:\/\/www2.historia.uff.br\/ciadasindias\/wp-content\/uploads\/2024\/08\/rodrigo_coloquio_indigena-1229x1536.png 1229w, https:\/\/www2.historia.uff.br\/ciadasindias\/wp-content\/uploads\/2024\/08\/rodrigo_coloquio_indigena-1638x2048.png 1638w\" sizes=\"(max-width: 2160px) 100vw, 2160px\" \/>\t\t\t\t\t\t\t\t<\/div>\n\t\t\t\t\t\t\t\t\t\t\t\t\t\t\t\t<div class=\"upk-content\">\n\t\t\t\t\t\t\t\t\t\t\t\t\t\t\t\t\t\t\t\t\t\t\t\t\t\t<\/div>\n\t\t\t\t\t\t\t<\/div>\n\t\t\t\t\t\t<\/div>\n\t\t\t\t\t\t\t\t\t\t<div onclick=\"window.open(&#039;https:\/\/www2.historia.uff.br\/ciadasindias\/treinando-o-olhar\/&#039;, &#039;_self&#039;)\" class=\"upk-item swiper-slide\">\n\t\t\t\t\t\t\t<div class=\"upk-item-box\">\n\t\t\t\t\t\t\t\t<div class=\"upk-img-wrap\">\n\t\t\t\t\t\t\t\t\t<img loading=\"lazy\" decoding=\"async\" width=\"1080\" height=\"1350\" src=\"https:\/\/www2.historia.uff.br\/ciadasindias\/wp-content\/uploads\/2024\/08\/Marcia-Almada_post-oficina.jpg\" class=\"upk-img\" alt=\"Treinando o olhar\" srcset=\"https:\/\/www2.historia.uff.br\/ciadasindias\/wp-content\/uploads\/2024\/08\/Marcia-Almada_post-oficina.jpg 1080w, https:\/\/www2.historia.uff.br\/ciadasindias\/wp-content\/uploads\/2024\/08\/Marcia-Almada_post-oficina-240x300.jpg 240w, https:\/\/www2.historia.uff.br\/ciadasindias\/wp-content\/uploads\/2024\/08\/Marcia-Almada_post-oficina-819x1024.jpg 819w, https:\/\/www2.historia.uff.br\/ciadasindias\/wp-content\/uploads\/2024\/08\/Marcia-Almada_post-oficina-768x960.jpg 768w\" sizes=\"(max-width: 1080px) 100vw, 1080px\" \/>\t\t\t\t\t\t\t\t<\/div>\n\t\t\t\t\t\t\t\t\t\t\t\t\t\t\t\t<div class=\"upk-content\">\n\t\t\t\t\t\t\t\t\t\t\t\t\t\t\t\t\t\t\t\t\t\t\t\t\t\t<\/div>\n\t\t\t\t\t\t\t<\/div>\n\t\t\t\t\t\t<\/div>\n\t\t\t\t\t\t<\/div>\n\t\t\t\t<\/div>\n\t\t\n\t\t\t\t\t\t\t\t\t\t\t<div class=\"upk-position-z-index upk-position-center upk-visible@m\">\n\t\t\t\t<div class=\"upk-arrows-container upk-slidenav-container\">\n\t\t\t\t\t<div class=\"upk-navigation-prev\">\n\t\t\t\t\t\t<i class=\"upk-icon-arrow-left-0\" aria-hidden=\"true\"><\/i>\n\t\t\t\t\t<\/div>\n\t\t\t\t\t<div class=\"upk-navigation-next\">\n\t\t\t\t\t\t<i class=\"upk-icon-arrow-right-0\" aria-hidden=\"true\"><\/i>\n\t\t\t\t\t<\/div>\n\t\t\t\t<\/div>\n\t\t\t<\/div>\n\t\t\t\t\n\t\t<\/div>\n\t\t<\/div>\n\t\t\t\t<\/div>\n\t\t\t\t<\/div>\n\t\t\t\t\t<\/div>\n\t\t\t\t<\/div>\n\t\t<div class=\"elementor-element elementor-element-61d8353 e-flex e-con-boxed e-con e-parent\" data-id=\"61d8353\" data-element_type=\"container\" data-settings=\"{&quot;background_background&quot;:&quot;classic&quot;}\">\n\t\t\t\t\t<div class=\"e-con-inner\">\n\t\t<div class=\"elementor-element elementor-element-f34a4da e-con-full e-flex e-con e-child\" data-id=\"f34a4da\" data-element_type=\"container\">\n\t\t\t\t<div class=\"elementor-element elementor-element-ffbe5c0 elementor-view-default elementor-position-top elementor-mobile-position-top jltma-glass-effect-no elementor-widget elementor-widget-icon-box\" data-id=\"ffbe5c0\" data-element_type=\"widget\" data-widget_type=\"icon-box.default\">\n\t\t\t\t<div class=\"elementor-widget-container\">\n\t\t\t\t\t<div class=\"elementor-icon-box-wrapper\">\n\n\t\t\t\t\t\t<div class=\"elementor-icon-box-icon\">\n\t\t\t\t<a href=\"https:\/\/www2.historia.uff.br\/ciadasindias\/projetos\/\" class=\"elementor-icon elementor-animation-\" tabindex=\"-1\">\n\t\t\t\t<svg aria-hidden=\"true\" class=\"e-font-icon-svg e-fas-asterisk\" viewBox=\"0 0 512 512\" xmlns=\"http:\/\/www.w3.org\/2000\/svg\"><path d=\"M478.21 334.093L336 256l142.21-78.093c11.795-6.477 15.961-21.384 9.232-33.037l-19.48-33.741c-6.728-11.653-21.72-15.499-33.227-8.523L296 186.718l3.475-162.204C299.763 11.061 288.937 0 275.48 0h-38.96c-13.456 0-24.283 11.061-23.994 24.514L216 186.718 77.265 102.607c-11.506-6.976-26.499-3.13-33.227 8.523l-19.48 33.741c-6.728 11.653-2.562 26.56 9.233 33.037L176 256 33.79 334.093c-11.795 6.477-15.961 21.384-9.232 33.037l19.48 33.741c6.728 11.653 21.721 15.499 33.227 8.523L216 325.282l-3.475 162.204C212.237 500.939 223.064 512 236.52 512h38.961c13.456 0 24.283-11.061 23.995-24.514L296 325.282l138.735 84.111c11.506 6.976 26.499 3.13 33.227-8.523l19.48-33.741c6.728-11.653 2.563-26.559-9.232-33.036z\"><\/path><\/svg>\t\t\t\t<\/a>\n\t\t\t<\/div>\n\t\t\t\n\t\t\t\t\t\t<div class=\"elementor-icon-box-content\">\n\n\t\t\t\t\t\t\t\t\t<h3 class=\"elementor-icon-box-title\">\n\t\t\t\t\t\t<a href=\"https:\/\/www2.historia.uff.br\/ciadasindias\/projetos\/\" >\n\t\t\t\t\t\t\tProjetos\t\t\t\t\t\t<\/a>\n\t\t\t\t\t<\/h3>\n\t\t\t\t\n\t\t\t\t\t\t\t\t\t<p class=\"elementor-icon-box-description\">\n\t\t\t\t\t\tConhe\u00e7a nossos projetos digitais\t\t\t\t\t<\/p>\n\t\t\t\t\n\t\t\t<\/div>\n\t\t\t\n\t\t<\/div>\n\t\t\t\t<\/div>\n\t\t\t\t<\/div>\n\t\t\t\t<\/div>\n\t\t<div class=\"elementor-element elementor-element-3b2b455 e-con-full e-flex e-con e-child\" data-id=\"3b2b455\" data-element_type=\"container\">\n\t\t\t\t<div class=\"elementor-element elementor-element-d1ac20c elementor-widget-tablet__width-initial elementor-view-default elementor-position-top elementor-mobile-position-top jltma-glass-effect-no elementor-widget elementor-widget-icon-box\" data-id=\"d1ac20c\" data-element_type=\"widget\" data-widget_type=\"icon-box.default\">\n\t\t\t\t<div class=\"elementor-widget-container\">\n\t\t\t\t\t<div class=\"elementor-icon-box-wrapper\">\n\n\t\t\t\t\t\t<div class=\"elementor-icon-box-icon\">\n\t\t\t\t<a href=\"https:\/\/www2.historia.uff.br\/ciadasindias\/publicacoes\/\" class=\"elementor-icon elementor-animation-\" tabindex=\"-1\">\n\t\t\t\t<svg aria-hidden=\"true\" class=\"e-font-icon-svg e-fas-asterisk\" viewBox=\"0 0 512 512\" xmlns=\"http:\/\/www.w3.org\/2000\/svg\"><path d=\"M478.21 334.093L336 256l142.21-78.093c11.795-6.477 15.961-21.384 9.232-33.037l-19.48-33.741c-6.728-11.653-21.72-15.499-33.227-8.523L296 186.718l3.475-162.204C299.763 11.061 288.937 0 275.48 0h-38.96c-13.456 0-24.283 11.061-23.994 24.514L216 186.718 77.265 102.607c-11.506-6.976-26.499-3.13-33.227 8.523l-19.48 33.741c-6.728 11.653-2.562 26.56 9.233 33.037L176 256 33.79 334.093c-11.795 6.477-15.961 21.384-9.232 33.037l19.48 33.741c6.728 11.653 21.721 15.499 33.227 8.523L216 325.282l-3.475 162.204C212.237 500.939 223.064 512 236.52 512h38.961c13.456 0 24.283-11.061 23.995-24.514L296 325.282l138.735 84.111c11.506 6.976 26.499 3.13 33.227-8.523l19.48-33.741c6.728-11.653 2.563-26.559-9.232-33.036z\"><\/path><\/svg>\t\t\t\t<\/a>\n\t\t\t<\/div>\n\t\t\t\n\t\t\t\t\t\t<div class=\"elementor-icon-box-content\">\n\n\t\t\t\t\t\t\t\t\t<h3 class=\"elementor-icon-box-title\">\n\t\t\t\t\t\t<a href=\"https:\/\/www2.historia.uff.br\/ciadasindias\/publicacoes\/\" >\n\t\t\t\t\t\t\tPublica\u00e7\u00f5es\t\t\t\t\t\t<\/a>\n\t\t\t\t\t<\/h3>\n\t\t\t\t\n\t\t\t\t\t\t\t\t\t<p class=\"elementor-icon-box-description\">\n\t\t\t\t\t\tConhe\u00e7a a produ\u00e7\u00e3o acad\u00eamica dos membros da Cia das \u00cdndias UFF\t\t\t\t\t<\/p>\n\t\t\t\t\n\t\t\t<\/div>\n\t\t\t\n\t\t<\/div>\n\t\t\t\t<\/div>\n\t\t\t\t<\/div>\n\t\t\t\t<\/div>\n\t\t\t\t\t<\/div>\n\t\t\t\t<\/div>\n\t\t\t\t<\/div>\n\t\t","protected":false},"excerpt":{"rendered":"<p>Companhia pessoas juntas em algum lugar unidas entre si por um fim Rafael Bluteau A Companhia das \u00cdndias \u2013 N\u00facleo de Hist\u00f3ria dos Tempos Modernos \u2013 \u00e9 um instrumento de aproxima\u00e7\u00e3o entre pesquisadores dedicados aos Tempos Modernos, n\u00e3o s\u00f3 da Universidade Federal Fluminense, mas tamb\u00e9m de outras institui\u00e7\u00f5es no Brasil e no exterior. Eventos &#038; [&hellip;]<\/p>\n","protected":false},"author":1,"featured_media":0,"parent":0,"menu_order":0,"comment_status":"closed","ping_status":"closed","template":"elementor_header_footer","meta":{"footnotes":""},"class_list":["post-1584","page","type-page","status-publish","hentry"],"_links":{"self":[{"href":"https:\/\/www2.historia.uff.br\/ciadasindias\/wp-json\/wp\/v2\/pages\/1584","targetHints":{"allow":["GET"]}}],"collection":[{"href":"https:\/\/www2.historia.uff.br\/ciadasindias\/wp-json\/wp\/v2\/pages"}],"about":[{"href":"https:\/\/www2.historia.uff.br\/ciadasindias\/wp-json\/wp\/v2\/types\/page"}],"author":[{"embeddable":true,"href":"https:\/\/www2.historia.uff.br\/ciadasindias\/wp-json\/wp\/v2\/users\/1"}],"replies":[{"embeddable":true,"href":"https:\/\/www2.historia.uff.br\/ciadasindias\/wp-json\/wp\/v2\/comments?post=1584"}],"version-history":[{"count":145,"href":"https:\/\/www2.historia.uff.br\/ciadasindias\/wp-json\/wp\/v2\/pages\/1584\/revisions"}],"predecessor-version":[{"id":3298,"href":"https:\/\/www2.historia.uff.br\/ciadasindias\/wp-json\/wp\/v2\/pages\/1584\/revisions\/3298"}],"wp:attachment":[{"href":"https:\/\/www2.historia.uff.br\/ciadasindias\/wp-json\/wp\/v2\/media?parent=1584"}],"curies":[{"name":"wp","href":"https:\/\/api.w.org\/{rel}","templated":true}]}}