{"id":1590,"date":"2024-08-23T18:42:07","date_gmt":"2024-08-23T18:42:07","guid":{"rendered":"https:\/\/anateste.000.pe\/?page_id=1590"},"modified":"2024-12-18T09:09:46","modified_gmt":"2024-12-18T12:09:46","slug":"projetos","status":"publish","type":"page","link":"https:\/\/www2.historia.uff.br\/ciadasindias\/projetos\/","title":{"rendered":"Projetos"},"content":{"rendered":"\t\t<div data-elementor-type=\"wp-page\" data-elementor-id=\"1590\" class=\"elementor elementor-1590\">\n\t\t\t\t<div class=\"elementor-element elementor-element-e7d3795 e-flex e-con-boxed e-con e-parent\" data-id=\"e7d3795\" data-element_type=\"container\" data-settings=\"{&quot;background_background&quot;:&quot;classic&quot;}\">\n\t\t\t\t\t<div class=\"e-con-inner\">\n\t\t\t\t<div class=\"elementor-element elementor-element-d531d73 jltma-glass-effect-no elementor-widget elementor-widget-heading\" data-id=\"d531d73\" data-element_type=\"widget\" data-widget_type=\"heading.default\">\n\t\t\t\t<div class=\"elementor-widget-container\">\n\t\t\t<div class=\"elementor-heading-title elementor-size-default\">Projetos<\/div>\t\t<\/div>\n\t\t\t\t<\/div>\n\t\t\t\t\t<\/div>\n\t\t\t\t<\/div>\n\t\t<div class=\"elementor-element elementor-element-6333d7f e-flex e-con-boxed e-con e-parent\" data-id=\"6333d7f\" data-element_type=\"container\">\n\t\t\t\t\t<div class=\"e-con-inner\">\n\t\t<div class=\"elementor-element elementor-element-2b130eb e-con-full e-flex e-con e-child\" data-id=\"2b130eb\" data-element_type=\"container\">\n\t\t\t\t<div class=\"elementor-element elementor-element-c8669b0 jltma-glass-effect-no elementor-widget elementor-widget-image\" data-id=\"c8669b0\" data-element_type=\"widget\" data-widget_type=\"image.default\">\n\t\t\t\t<div class=\"elementor-widget-container\">\n\t\t\t\t\t\t\t\t\t\t\t\t\t<img fetchpriority=\"high\" decoding=\"async\" width=\"575\" height=\"318\" src=\"https:\/\/www2.historia.uff.br\/ciadasindias\/wp-content\/uploads\/2024\/08\/imp_rebeldes.jpg\" class=\"attachment-full size-full wp-image-2030\" alt=\"\" srcset=\"https:\/\/www2.historia.uff.br\/ciadasindias\/wp-content\/uploads\/2024\/08\/imp_rebeldes.jpg 575w, https:\/\/www2.historia.uff.br\/ciadasindias\/wp-content\/uploads\/2024\/08\/imp_rebeldes-300x166.jpg 300w\" sizes=\"(max-width: 575px) 100vw, 575px\" \/>\t\t\t\t\t\t\t\t\t\t\t\t\t<\/div>\n\t\t\t\t<\/div>\n\t\t\t\t<\/div>\n\t\t<div class=\"elementor-element elementor-element-32aa37a e-con-full e-flex e-con e-child\" data-id=\"32aa37a\" data-element_type=\"container\" data-settings=\"{&quot;background_background&quot;:&quot;classic&quot;}\">\n\t\t\t\t<div class=\"elementor-element elementor-element-b996108 jltma-glass-effect-no elementor-widget elementor-widget-text-editor\" data-id=\"b996108\" data-element_type=\"widget\" data-widget_type=\"text-editor.default\">\n\t\t\t\t<div class=\"elementor-widget-container\">\n\t\t\t\t\t\t\t<p>Impress\u00f5es rebeldes \u2013 documentos e palavras que forjaram a Hist\u00f3ria dos protestos no Brasil, reunindo site, Facebook e Twitter, \u00e9 uma plataforma colaborativa de divulga\u00e7\u00e3o de documentos sobre as revoltas coloniais e, ainda, campo de debates sobre o tema das lutas pol\u00edticas na \u00e9poca moderna. O site IR apresenta iconografia e textos originais, ou reeditados, produzidos por especialistas a respeito de temas relevantes sobre as rebeli\u00f5es.<\/p>\t\t\t\t\t\t<\/div>\n\t\t\t\t<\/div>\n\t\t\t\t<div class=\"elementor-element elementor-element-28311bd jltma-glass-effect-no elementor-widget elementor-widget-button\" data-id=\"28311bd\" data-element_type=\"widget\" data-widget_type=\"button.default\">\n\t\t\t\t<div class=\"elementor-widget-container\">\n\t\t\t\t\t\t\t<div class=\"elementor-button-wrapper\">\n\t\t\t\t\t<a class=\"elementor-button elementor-button-link elementor-size-sm\" href=\"https:\/\/www.historia.uff.br\/impressoesrebeldes\/\">\n\t\t\t\t\t\t<span class=\"elementor-button-content-wrapper\">\n\t\t\t\t\t\t\t\t\t<span class=\"elementor-button-text\">Acessar<\/span>\n\t\t\t\t\t<\/span>\n\t\t\t\t\t<\/a>\n\t\t\t\t<\/div>\n\t\t\t\t\t\t<\/div>\n\t\t\t\t<\/div>\n\t\t\t\t<div class=\"elementor-element elementor-element-0868970 jltma-glass-effect-no elementor-widget elementor-widget-text-editor\" data-id=\"0868970\" data-element_type=\"widget\" data-widget_type=\"text-editor.default\">\n\t\t\t\t<div class=\"elementor-widget-container\">\n\t\t\t\t\t\t\t<p>Impress\u00f5es rebeldes<\/p>\t\t\t\t\t\t<\/div>\n\t\t\t\t<\/div>\n\t\t\t\t<\/div>\n\t\t\t\t\t<\/div>\n\t\t\t\t<\/div>\n\t\t<div class=\"elementor-element elementor-element-b8e05a8 e-flex e-con-boxed e-con e-parent\" data-id=\"b8e05a8\" data-element_type=\"container\">\n\t\t\t\t\t<div class=\"e-con-inner\">\n\t\t<div class=\"elementor-element elementor-element-4c3fa6b e-con-full e-flex e-con e-child\" data-id=\"4c3fa6b\" data-element_type=\"container\">\n\t\t\t\t<div class=\"elementor-element elementor-element-cb14be7 jltma-glass-effect-no elementor-widget elementor-widget-image\" data-id=\"cb14be7\" data-element_type=\"widget\" data-widget_type=\"image.default\">\n\t\t\t\t<div class=\"elementor-widget-container\">\n\t\t\t\t\t\t\t\t\t\t\t\t\t\t<a href=\"https:\/\/www.youtube.com\/c\/Ciadas%C3%8DndiasUFF\">\n\t\t\t\t\t\t\t<img decoding=\"async\" width=\"1127\" height=\"638\" src=\"https:\/\/www2.historia.uff.br\/ciadasindias\/wp-content\/uploads\/2024\/09\/imagem_youtube-1.jpg\" class=\"attachment-full size-full wp-image-2526\" alt=\"\" srcset=\"https:\/\/www2.historia.uff.br\/ciadasindias\/wp-content\/uploads\/2024\/09\/imagem_youtube-1.jpg 1127w, https:\/\/www2.historia.uff.br\/ciadasindias\/wp-content\/uploads\/2024\/09\/imagem_youtube-1-300x170.jpg 300w, https:\/\/www2.historia.uff.br\/ciadasindias\/wp-content\/uploads\/2024\/09\/imagem_youtube-1-1024x580.jpg 1024w, https:\/\/www2.historia.uff.br\/ciadasindias\/wp-content\/uploads\/2024\/09\/imagem_youtube-1-768x435.jpg 768w, https:\/\/www2.historia.uff.br\/ciadasindias\/wp-content\/uploads\/2024\/09\/imagem_youtube-1-150x85.jpg 150w, https:\/\/www2.historia.uff.br\/ciadasindias\/wp-content\/uploads\/2024\/09\/imagem_youtube-1-600x340.jpg 600w\" sizes=\"(max-width: 1127px) 100vw, 1127px\" \/>\t\t\t\t\t\t\t\t<\/a>\n\t\t\t\t\t\t\t\t\t\t\t\t\t<\/div>\n\t\t\t\t<\/div>\n\t\t\t\t<\/div>\n\t\t<div class=\"elementor-element elementor-element-a34d246 e-con-full e-flex e-con e-child\" data-id=\"a34d246\" data-element_type=\"container\" data-settings=\"{&quot;background_background&quot;:&quot;classic&quot;}\">\n\t\t\t\t<div class=\"elementor-element elementor-element-b292479 jltma-glass-effect-no elementor-widget elementor-widget-text-editor\" data-id=\"b292479\" data-element_type=\"widget\" data-widget_type=\"text-editor.default\">\n\t\t\t\t<div class=\"elementor-widget-container\">\n\t\t\t\t\t\t\t<p>No canal Cia das \u00cdndias &#8211; UFF encontram-se v\u00eddeos de s\u00e9ries de entrevistas, semin\u00e1rios e palestras realizados on-line pelo grupo, al\u00e9m de v\u00eddeos promocionais de divulga\u00e7\u00e3o de livros.\u00a0<\/p>\t\t\t\t\t\t<\/div>\n\t\t\t\t<\/div>\n\t\t\t\t<div class=\"elementor-element elementor-element-79b5d23 jltma-glass-effect-no elementor-widget elementor-widget-button\" data-id=\"79b5d23\" data-element_type=\"widget\" data-widget_type=\"button.default\">\n\t\t\t\t<div class=\"elementor-widget-container\">\n\t\t\t\t\t\t\t<div class=\"elementor-button-wrapper\">\n\t\t\t\t\t<a class=\"elementor-button elementor-button-link elementor-size-sm\" href=\"https:\/\/www.youtube.com\/c\/Ciadas%C3%8DndiasUFF\">\n\t\t\t\t\t\t<span class=\"elementor-button-content-wrapper\">\n\t\t\t\t\t\t<span class=\"elementor-button-icon\">\n\t\t\t\t<svg aria-hidden=\"true\" class=\"e-font-icon-svg e-fab-youtube\" viewBox=\"0 0 576 512\" xmlns=\"http:\/\/www.w3.org\/2000\/svg\"><path d=\"M549.655 124.083c-6.281-23.65-24.787-42.276-48.284-48.597C458.781 64 288 64 288 64S117.22 64 74.629 75.486c-23.497 6.322-42.003 24.947-48.284 48.597-11.412 42.867-11.412 132.305-11.412 132.305s0 89.438 11.412 132.305c6.281 23.65 24.787 41.5 48.284 47.821C117.22 448 288 448 288 448s170.78 0 213.371-11.486c23.497-6.321 42.003-24.171 48.284-47.821 11.412-42.867 11.412-132.305 11.412-132.305s0-89.438-11.412-132.305zm-317.51 213.508V175.185l142.739 81.205-142.739 81.201z\"><\/path><\/svg>\t\t\t<\/span>\n\t\t\t\t\t\t\t\t\t<span class=\"elementor-button-text\">YouTube<\/span>\n\t\t\t\t\t<\/span>\n\t\t\t\t\t<\/a>\n\t\t\t\t<\/div>\n\t\t\t\t\t\t<\/div>\n\t\t\t\t<\/div>\n\t\t\t\t<div class=\"elementor-element elementor-element-c93a83b jltma-glass-effect-no elementor-widget elementor-widget-text-editor\" data-id=\"c93a83b\" data-element_type=\"widget\" data-widget_type=\"text-editor.default\">\n\t\t\t\t<div class=\"elementor-widget-container\">\n\t\t\t\t\t\t\t<p>Canal da Cia no YouTube<\/p>\t\t\t\t\t\t<\/div>\n\t\t\t\t<\/div>\n\t\t\t\t<\/div>\n\t\t\t\t\t<\/div>\n\t\t\t\t<\/div>\n\t\t<div class=\"elementor-element elementor-element-560f599 e-flex e-con-boxed e-con e-parent\" data-id=\"560f599\" data-element_type=\"container\">\n\t\t\t\t\t<div class=\"e-con-inner\">\n\t\t<div class=\"elementor-element elementor-element-772041b e-con-full e-flex e-con e-child\" data-id=\"772041b\" data-element_type=\"container\">\n\t\t\t\t<div class=\"elementor-element elementor-element-bafad73 jltma-glass-effect-no elementor-widget elementor-widget-image\" data-id=\"bafad73\" data-element_type=\"widget\" data-widget_type=\"image.default\">\n\t\t\t\t<div class=\"elementor-widget-container\">\n\t\t\t\t\t\t\t\t\t\t\t\t\t\t<a href=\"https:\/\/pt.wikiversity.org\/wiki\/Laborat%C3%B3rio_Mulheres_ind%C3%ADgenas_na_Wikip%C3%A9dia\">\n\t\t\t\t\t\t\t<img decoding=\"async\" width=\"708\" height=\"441\" src=\"https:\/\/www2.historia.uff.br\/ciadasindias\/wp-content\/uploads\/2024\/09\/mulherws-wik.jpg\" class=\"attachment-full size-full wp-image-3230\" alt=\"\" srcset=\"https:\/\/www2.historia.uff.br\/ciadasindias\/wp-content\/uploads\/2024\/09\/mulherws-wik.jpg 708w, https:\/\/www2.historia.uff.br\/ciadasindias\/wp-content\/uploads\/2024\/09\/mulherws-wik-300x187.jpg 300w, https:\/\/www2.historia.uff.br\/ciadasindias\/wp-content\/uploads\/2024\/09\/mulherws-wik-600x374.jpg 600w\" sizes=\"(max-width: 708px) 100vw, 708px\" \/>\t\t\t\t\t\t\t\t<\/a>\n\t\t\t\t\t\t\t\t\t\t\t\t\t<\/div>\n\t\t\t\t<\/div>\n\t\t\t\t<\/div>\n\t\t<div class=\"elementor-element elementor-element-ac94c4c e-con-full e-flex e-con e-child\" data-id=\"ac94c4c\" data-element_type=\"container\" data-settings=\"{&quot;background_background&quot;:&quot;classic&quot;}\">\n\t\t\t\t<div class=\"elementor-element elementor-element-85f4d12 jltma-glass-effect-no elementor-widget elementor-widget-text-editor\" data-id=\"85f4d12\" data-element_type=\"widget\" data-widget_type=\"text-editor.default\">\n\t\t\t\t<div class=\"elementor-widget-container\">\n\t\t\t\t\t\t\t<p>Mulheres ind\u00edgenas na Wikip\u00e9dia \u00e9 um laborat\u00f3rio de ensino e pesquisa do IHT-UFF, voltado para a divulga\u00e7\u00e3o cient\u00edfica na internet, coordenado por Elisa Fr\u00fchauf Garcia, com alunos da gradua\u00e7\u00e3o e p\u00f3s-gradua\u00e7\u00e3o. O projeto contribui para difundir o conhecimento sobre a hist\u00f3ria das mulheres ind\u00edgenas na Wikip\u00e9dia. Suas atividades abrangem a cria\u00e7\u00e3o de verbetes, inclus\u00e3o de informa\u00e7\u00f5es em artigos existentes, discuss\u00f5es sobre o movimento Wikimedia, divulga\u00e7\u00e3o cient\u00edfica na internet e o conhecimento livre.\u00a0<span style=\"color: var( --e-global-color-text ); letter-spacing: 0px; text-align: var(--text-align);\">O projeto integra o Cat\u00e1logo de Tecnologias Sociais de 2024 da UFF.\u00a0<\/span><\/p>\t\t\t\t\t\t<\/div>\n\t\t\t\t<\/div>\n\t\t\t\t<div class=\"elementor-element elementor-element-961ee75 jltma-glass-effect-no elementor-widget elementor-widget-text-editor\" data-id=\"961ee75\" data-element_type=\"widget\" data-widget_type=\"text-editor.default\">\n\t\t\t\t<div class=\"elementor-widget-container\">\n\t\t\t\t\t\t\t<p>Mulheres ind\u00edgenas na Wikip\u00e9dia<\/p>\t\t\t\t\t\t<\/div>\n\t\t\t\t<\/div>\n\t\t\t\t<div class=\"elementor-element elementor-element-b8fd00a elementor-shape-rounded elementor-grid-0 e-grid-align-center jltma-glass-effect-no elementor-widget elementor-widget-social-icons\" data-id=\"b8fd00a\" data-element_type=\"widget\" data-widget_type=\"social-icons.default\">\n\t\t\t\t<div class=\"elementor-widget-container\">\n\t\t\t\t\t<div class=\"elementor-social-icons-wrapper elementor-grid\">\n\t\t\t\t\t\t\t<span class=\"elementor-grid-item\">\n\t\t\t\t\t<a class=\"elementor-icon elementor-social-icon elementor-social-icon-external-link-alt elementor-repeater-item-cef937f\" href=\"https:\/\/pt.wikiversity.org\/wiki\/Laborat%C3%B3rio_Mulheres_ind%C3%ADgenas_na_Wikip%C3%A9dia\" target=\"_blank\">\n\t\t\t\t\t\t<span class=\"elementor-screen-only\">External-link-alt<\/span>\n\t\t\t\t\t\t<svg class=\"e-font-icon-svg e-fas-external-link-alt\" viewBox=\"0 0 512 512\" xmlns=\"http:\/\/www.w3.org\/2000\/svg\"><path d=\"M432,320H400a16,16,0,0,0-16,16V448H64V128H208a16,16,0,0,0,16-16V80a16,16,0,0,0-16-16H48A48,48,0,0,0,0,112V464a48,48,0,0,0,48,48H400a48,48,0,0,0,48-48V336A16,16,0,0,0,432,320ZM488,0h-128c-21.37,0-32.05,25.91-17,41l35.73,35.73L135,320.37a24,24,0,0,0,0,34L157.67,377a24,24,0,0,0,34,0L435.28,133.32,471,169c15,15,41,4.5,41-17V24A24,24,0,0,0,488,0Z\"><\/path><\/svg>\t\t\t\t\t<\/a>\n\t\t\t\t<\/span>\n\t\t\t\t\t\t\t<span class=\"elementor-grid-item\">\n\t\t\t\t\t<a class=\"elementor-icon elementor-social-icon elementor-social-icon-icon-instagram-1 elementor-repeater-item-7e5ad2c\" href=\"http:\/\/linktr.ee\/MulheresIndigenasnaWiki\" target=\"_blank\">\n\t\t\t\t\t\t<span class=\"elementor-screen-only\">Icon-instagram-1<\/span>\n\t\t\t\t\t\t<i class=\"icon icon-instagram-1\"><\/i>\t\t\t\t\t<\/a>\n\t\t\t\t<\/span>\n\t\t\t\t\t<\/div>\n\t\t\t\t<\/div>\n\t\t\t\t<\/div>\n\t\t\t\t<\/div>\n\t\t\t\t\t<\/div>\n\t\t\t\t<\/div>\n\t\t<div class=\"elementor-element elementor-element-9a390a5 e-flex e-con-boxed e-con e-parent\" data-id=\"9a390a5\" data-element_type=\"container\">\n\t\t\t\t\t<div class=\"e-con-inner\">\n\t\t<div class=\"elementor-element elementor-element-faa451b e-con-full e-flex e-con e-child\" data-id=\"faa451b\" data-element_type=\"container\">\n\t\t\t\t<div class=\"elementor-element elementor-element-ce488b5 jltma-glass-effect-no elementor-widget elementor-widget-image\" data-id=\"ce488b5\" data-element_type=\"widget\" data-widget_type=\"image.default\">\n\t\t\t\t<div class=\"elementor-widget-container\">\n\t\t\t\t\t\t\t\t\t\t\t\t\t<img loading=\"lazy\" decoding=\"async\" width=\"575\" height=\"318\" src=\"https:\/\/www2.historia.uff.br\/ciadasindias\/wp-content\/uploads\/2024\/08\/7mares.jpg\" class=\"attachment-full size-full wp-image-2025\" alt=\"\" srcset=\"https:\/\/www2.historia.uff.br\/ciadasindias\/wp-content\/uploads\/2024\/08\/7mares.jpg 575w, https:\/\/www2.historia.uff.br\/ciadasindias\/wp-content\/uploads\/2024\/08\/7mares-300x166.jpg 300w\" sizes=\"(max-width: 575px) 100vw, 575px\" \/>\t\t\t\t\t\t\t\t\t\t\t\t\t<\/div>\n\t\t\t\t<\/div>\n\t\t\t\t<\/div>\n\t\t<div class=\"elementor-element elementor-element-fbc7b79 e-con-full e-flex e-con e-child\" data-id=\"fbc7b79\" data-element_type=\"container\" data-settings=\"{&quot;background_background&quot;:&quot;classic&quot;}\">\n\t\t\t\t<div class=\"elementor-element elementor-element-f914899 jltma-glass-effect-no elementor-widget elementor-widget-text-editor\" data-id=\"f914899\" data-element_type=\"widget\" data-widget_type=\"text-editor.default\">\n\t\t\t\t<div class=\"elementor-widget-container\">\n\t\t\t\t\t\t\t<p>A revista 7 Mares \u00e9 uma publica\u00e7\u00e3o eletr\u00f4nica semestral, organizada e dirigida por p\u00f3s-graduandos de Hist\u00f3ria ligados ao n\u00facleo Companhia das \u00cdndias da Universidade Federal Fluminense, com a finalidade de publicar artigos originais e outros trabalhos especificamente relacionados \u00e0 \u00c9poca Moderna.<\/p>\t\t\t\t\t\t<\/div>\n\t\t\t\t<\/div>\n\t\t\t\t<div class=\"elementor-element elementor-element-6a7322d jltma-glass-effect-no elementor-widget elementor-widget-text-editor\" data-id=\"6a7322d\" data-element_type=\"widget\" data-widget_type=\"text-editor.default\">\n\t\t\t\t<div class=\"elementor-widget-container\">\n\t\t\t\t\t\t\t<p>Revista 7 Mares<\/p>\t\t\t\t\t\t<\/div>\n\t\t\t\t<\/div>\n\t\t\t\t<div class=\"elementor-element elementor-element-d2f7ef2 jltma-glass-effect-no elementor-widget elementor-widget-button\" data-id=\"d2f7ef2\" data-element_type=\"widget\" data-widget_type=\"button.default\">\n\t\t\t\t<div class=\"elementor-widget-container\">\n\t\t\t\t\t\t\t<div class=\"elementor-button-wrapper\">\n\t\t\t\t\t<a class=\"elementor-button elementor-button-link elementor-size-sm\" href=\"https:\/\/www.historia.uff.br\/7mares\/\">\n\t\t\t\t\t\t<span class=\"elementor-button-content-wrapper\">\n\t\t\t\t\t\t\t\t\t<span class=\"elementor-button-text\">Acessar<\/span>\n\t\t\t\t\t<\/span>\n\t\t\t\t\t<\/a>\n\t\t\t\t<\/div>\n\t\t\t\t\t\t<\/div>\n\t\t\t\t<\/div>\n\t\t\t\t<\/div>\n\t\t\t\t\t<\/div>\n\t\t\t\t<\/div>\n\t\t\t\t<\/div>\n\t\t","protected":false},"excerpt":{"rendered":"<p>Projetos Impress\u00f5es rebeldes \u2013 documentos e palavras que forjaram a Hist\u00f3ria dos protestos no Brasil, reunindo site, Facebook e Twitter, \u00e9 uma plataforma colaborativa de divulga\u00e7\u00e3o de documentos sobre as revoltas coloniais e, ainda, campo de debates sobre o tema das lutas pol\u00edticas na \u00e9poca moderna. O site IR apresenta iconografia e textos originais, ou [&hellip;]<\/p>\n","protected":false},"author":1,"featured_media":0,"parent":0,"menu_order":0,"comment_status":"closed","ping_status":"closed","template":"elementor_header_footer","meta":{"footnotes":""},"class_list":["post-1590","page","type-page","status-publish","hentry"],"_links":{"self":[{"href":"https:\/\/www2.historia.uff.br\/ciadasindias\/wp-json\/wp\/v2\/pages\/1590","targetHints":{"allow":["GET"]}}],"collection":[{"href":"https:\/\/www2.historia.uff.br\/ciadasindias\/wp-json\/wp\/v2\/pages"}],"about":[{"href":"https:\/\/www2.historia.uff.br\/ciadasindias\/wp-json\/wp\/v2\/types\/page"}],"author":[{"embeddable":true,"href":"https:\/\/www2.historia.uff.br\/ciadasindias\/wp-json\/wp\/v2\/users\/1"}],"replies":[{"embeddable":true,"href":"https:\/\/www2.historia.uff.br\/ciadasindias\/wp-json\/wp\/v2\/comments?post=1590"}],"version-history":[{"count":85,"href":"https:\/\/www2.historia.uff.br\/ciadasindias\/wp-json\/wp\/v2\/pages\/1590\/revisions"}],"predecessor-version":[{"id":3363,"href":"https:\/\/www2.historia.uff.br\/ciadasindias\/wp-json\/wp\/v2\/pages\/1590\/revisions\/3363"}],"wp:attachment":[{"href":"https:\/\/www2.historia.uff.br\/ciadasindias\/wp-json\/wp\/v2\/media?parent=1590"}],"curies":[{"name":"wp","href":"https:\/\/api.w.org\/{rel}","templated":true}]}}