{"id":1592,"date":"2024-08-23T18:42:27","date_gmt":"2024-08-23T18:42:27","guid":{"rendered":"https:\/\/anateste.000.pe\/?page_id=1592"},"modified":"2024-09-03T21:25:20","modified_gmt":"2024-09-03T21:25:20","slug":"publicacoes","status":"publish","type":"page","link":"https:\/\/www2.historia.uff.br\/ciadasindias\/publicacoes\/","title":{"rendered":"Publica\u00e7\u00f5es"},"content":{"rendered":"\t\t<div data-elementor-type=\"wp-page\" data-elementor-id=\"1592\" class=\"elementor elementor-1592\">\n\t\t\t\t<div class=\"elementor-element elementor-element-4cfbfec e-con-full e-flex e-con e-parent\" data-id=\"4cfbfec\" data-element_type=\"container\">\n\t\t<div class=\"elementor-element elementor-element-8d0f1eb e-con-full e-flex e-con e-child\" data-id=\"8d0f1eb\" data-element_type=\"container\" data-settings=\"{&quot;background_background&quot;:&quot;classic&quot;}\">\n\t\t\t\t<div class=\"elementor-element elementor-element-dc7de7b jltma-glass-effect-no elementor-widget elementor-widget-heading\" data-id=\"dc7de7b\" data-element_type=\"widget\" data-widget_type=\"heading.default\">\n\t\t\t\t<div class=\"elementor-widget-container\">\n\t\t\t<div class=\"elementor-heading-title elementor-size-default\">Publica\u00e7\u00f5es<\/div>\t\t<\/div>\n\t\t\t\t<\/div>\n\t\t\t\t<\/div>\n\t\t\t\t<\/div>\n\t\t<div class=\"elementor-element elementor-element-0768738 e-flex e-con-boxed e-con e-parent\" data-id=\"0768738\" data-element_type=\"container\">\n\t\t\t\t\t<div class=\"e-con-inner\">\n\t\t\t\t<div class=\"elementor-element elementor-element-8ab7088 jltma-glass-effect-no elementor-widget elementor-widget-shortcode\" data-id=\"8ab7088\" data-element_type=\"widget\" data-widget_type=\"shortcode.default\">\n\t\t\t\t<div class=\"elementor-widget-container\">\n\t\t\t\t\t<div class=\"elementor-shortcode\"><style type=\"text\/css\">\r\n\/* Search Panel *\/\r\n.wbg-search-container {\r\n    background: #FFFFFF;\r\n    border: 0px solid #CCCCCC;\r\n    border-radius: 0px;\r\n}\r\n\/* Search Input *\/\r\n.wbg-search-container .wbg-search-item input[type=\"text\"],\r\n.selectize-control.single .selectize-input {\r\n    background-color: #FFFFFF;\r\n    color: #009900!important;\r\n    font-size: 22px;\r\n}\r\n.selectize-input input {\r\n    color: #009900!important;\r\n}\r\n\/* Search Button *\/\r\n.wbg-search-container .wbg-search-item .submit-btn {\r\n    background: #00034d;\r\n    border: 1px solid #003b84;\r\n    color: #FFFFFF;\r\n}\r\n.wbg-search-container .wbg-search-item .submit-btn:hover {\r\n    background: #EAEAEA;\r\n    color: #242424;\r\n}\r\n\/* Search Reset Button *\/\r\n.wbg-search-container .wbg-search-item a#wbg-search-refresh {\r\n    background: #EEEEEE;\r\n    border: 1px solid #999999;\r\n    color: #111111;\r\n    width: 45px;\r\n    font-size: 18px;\r\n}\r\n.wbg-search-container .wbg-search-item a#wbg-search-refresh:hover {\r\n    background: #6fa0df;\r\n    color: #FFFFFF;\r\n    border: 1px solid #6fa0df;\r\n}\r\n<\/style><style type=\"text\/css\">\r\n    .wbg-parent-wrapper {\r\n    background: #ffffff;\r\n    border: 1px solid #FFFFFF;\r\n    max-width: 1200px;\r\n    margin-top: 0px;\r\n    margin-bottom: 0px;\r\n    padding: 0px;\r\n    border-radius: 0px;\r\n  }\r\n  .wbg-main-wrapper .wbg-item {\r\n    border: 1px solid #FFFFFF;\r\n    background-color: #ffffff;\r\n    white-space: normal;\r\n    padding-top: 10px;\r\n    padding-right: 10px;\r\n    padding-left: 10px;\r\n  }\r\n  \/*\r\n  .wbg-main-wrapper .wbg-item img {\r\n    width: ;\r\n    height: ;\r\n  }\r\n  *\/\r\n  .wbg-main-wrapper .wbg-item img:hover {\r\n      }\r\n  .wbg-main-wrapper .wbg-item a.wbg-btn {\r\n    background: #0274be;\r\n    color: #FFFFFF;\r\n    font-size: 12px;\r\n  }\r\n  .wbg-main-wrapper .wbg-item a.wbg-btn:hover {\r\n    background: #ae1145;\r\n    color: #FFFFFF;\r\n  }\r\n  .wbg-main-wrapper .wbg-item .wgb-item-link {\r\n    color: #515151 !important;\r\n    font-size: 15px !important;\r\n  }\r\n  .wbg-main-wrapper .wbg-item .wgb-item-link:hover {\r\n    color: #ae1145 !important;\r\n  }\r\n  .wbg-main-wrapper .wbg-item .wbg-description-content {\r\n    font-size: 10px !important;\r\n    color: #515151 !important;\r\n  }\r\n  \r\n  @-webkit-keyframes rotation {\r\n    from {\r\n      -webkit-transform: rotate(0deg);\r\n    }\r\n    to {\r\n      -webkit-transform: rotate(360deg);\r\n    }\r\n  }\r\n\r\n  \/* List style *\/\r\n  .wbg-main-wrapper.list .wbg-item-list-wrapper {\r\n      border-bottom: 1px solid #FFFFFF;\r\n      background-color: #ffffff;\r\n      white-space: normal;\r\n  }\r\n  .wbg-main-wrapper.list .wbg-item-list-wrapper .wbg-item-list-detials .wbg-title h3.wgb-item-link,\r\n  .wbg-main-wrapper.list .wbg-item-list-wrapper .wbg-item-list-detials .wbg-title a.wgb-item-link {\r\n      color: #515151 !important;\r\n      font-size: 15px !important;\r\n  }\r\n  .wbg-main-wrapper.list .wbg-item-list-wrapper .wbg-item-list-detials .wbg-title h3.wgb-item-link:hover,\r\n  .wbg-main-wrapper.list .wbg-item-list-wrapper .wbg-item-list-detials .wbg-title a.wgb-item-link:hover {\r\n      color: #ae1145 !important;\r\n  }\r\n  .wbg-main-wrapper.list .wbg-item-list-wrapper .wbg-item-list-detials .regular-price .wbgp-price {\r\n    font-size: 16px;\r\n  }\r\n  .wbg-main-wrapper.list .wbg-item-list-wrapper .wbg-item-list-detials .regular-price .wbgp-price.price-after {\r\n      color: #13b651;\r\n  }\r\n  .wbg-main-wrapper.list .wbg-item-list-wrapper .wbg-item-list-detials .regular-price .wbgp-price.price-before {\r\n      color: #ff7162;\r\n  }\r\n  .wbg-main-wrapper.list .wbg-item-list-wrapper .wbg-item-list-detials span.loop-author,\r\n  .wbg-main-wrapper.list .wbg-item-list-wrapper .wbg-item-list-detials span.loop-author a.wbg-list-author {\r\n    color: #555555;\r\n    font-size: 11px !important;\r\n  }\r\n  .wbg-main-wrapper.list .wbg-item-list-wrapper .wbg-item-list-detials span.loop-category,\r\n  .wbg-main-wrapper.list .wbg-item-list-wrapper .wbg-item-list-detials span.loop-category a.wbg-list-cat {\r\n    color: #555555;\r\n    font-size: 11px !important;\r\n  }\r\n  .wbg-main-wrapper.list .wbg-item-list-wrapper .wbg-item-list-detials .wbg-description-content {\r\n      font-size: 10px !important;\r\n      color: #515151 !important;\r\n  }\r\n  .wbg-main-wrapper .wbg-item-list-wrapper a.wbg-btn {\r\n      background: #0274be;\r\n      color: #FFFFFF;\r\n      font-size: 12px;\r\n  }\r\n  .wbg-main-wrapper .wbg-item-list-wrapper a.wbg-btn:hover {\r\n      background: #ae1145;\r\n      color: #FFFFFF;\r\n  }\r\n<\/style><div class=\"wbg-parent-wrapper\">\r\n      <div class=\"wbg-main-wrapper wbg-product-column-4 wbg-product-column-mobile-1 grid\">\r\n      <div class=\"wbg-item\">\r\n            <a class=\"wgb-item-link\" href=\"https:\/\/www2.historia.uff.br\/ciadasindias\/books\/segunda-visitacao-do-santo-oficio-a-bahia-1618-1620\/\" >\r\n            <img decoding=\"async\" width=\"140\" height=\"200\" src=\"https:\/\/www2.historia.uff.br\/ciadasindias\/wp-content\/uploads\/2025\/05\/Segunda-visitacao-210x300.jpg\" class=\"attachment-0x200 size-0x200 wp-post-image\" alt=\"\" srcset=\"https:\/\/www2.historia.uff.br\/ciadasindias\/wp-content\/uploads\/2025\/05\/Segunda-visitacao-210x300.jpg 210w, https:\/\/www2.historia.uff.br\/ciadasindias\/wp-content\/uploads\/2025\/05\/Segunda-visitacao.jpg 400w\" sizes=\"(max-width: 140px) 100vw, 140px\" \/>            Segunda visita\u00e7\u00e3o do Santo Of\u00edcio \u00e0 Bahia (1618-1620)        <\/a>\r\n                    <span class=\"loop-author\">\r\n                                <a href=\"?wbg_author_s=Ronaldo+Vainfas%3B+%C3%82ngelo+Adriano+Faria+de+Assis\" class=\"wbg-single-link\">\r\n                    Ronaldo Vainfas; \u00c2ngelo Adriano Faria de Assis                <\/a>\r\n                            <\/span>\r\n                <!-- Button Panel -->\r\n    <div class=\"wbg-button-container\">\r\n            <\/div>\r\n<\/div><div class=\"wbg-item\">\r\n            <a class=\"wgb-item-link\" href=\"https:\/\/www2.historia.uff.br\/ciadasindias\/books\/sinhas-pretas-damas-mercadoras\/\" >\r\n            <img decoding=\"async\" width=\"140\" height=\"200\" src=\"https:\/\/www2.historia.uff.br\/ciadasindias\/wp-content\/uploads\/2025\/05\/Sinhas-pretas-210x300.jpg\" class=\"attachment-0x200 size-0x200 wp-post-image\" alt=\"\" srcset=\"https:\/\/www2.historia.uff.br\/ciadasindias\/wp-content\/uploads\/2025\/05\/Sinhas-pretas-210x300.jpg 210w, https:\/\/www2.historia.uff.br\/ciadasindias\/wp-content\/uploads\/2025\/05\/Sinhas-pretas.jpg 400w\" sizes=\"(max-width: 140px) 100vw, 140px\" \/>            Sinh\u00e1s pretas, Damas mercadoras        <\/a>\r\n                    <span class=\"loop-author\">\r\n                                <a href=\"?wbg_author_s=Sheila+de+Castro+Faria\" class=\"wbg-single-link\">\r\n                    Sheila de Castro Faria                <\/a>\r\n                            <\/span>\r\n                <!-- Button Panel -->\r\n    <div class=\"wbg-button-container\">\r\n            <\/div>\r\n<\/div><div class=\"wbg-item\">\r\n            <a class=\"wgb-item-link\" href=\"https:\/\/www2.historia.uff.br\/ciadasindias\/books\/justicas-e-fracassos-em-xeque-metodo-e-pesquisa-em-conversas-com-historiadores\/\" >\r\n            <img decoding=\"async\" width=\"145\" height=\"200\" src=\"https:\/\/www2.historia.uff.br\/ciadasindias\/wp-content\/uploads\/2024\/11\/Justicas-e-fracassos-em-xeque-217x300.png\" class=\"attachment-0x200 size-0x200 wp-post-image\" alt=\"\" srcset=\"https:\/\/www2.historia.uff.br\/ciadasindias\/wp-content\/uploads\/2024\/11\/Justicas-e-fracassos-em-xeque-217x300.png 217w, https:\/\/www2.historia.uff.br\/ciadasindias\/wp-content\/uploads\/2024\/11\/Justicas-e-fracassos-em-xeque.png 353w\" sizes=\"(max-width: 145px) 100vw, 145px\" \/>            Justi\u00e7as e fracassos em xeque &#8211; m\u00e9todo e pesquisa em conversas com...        <\/a>\r\n                    <span class=\"loop-author\">\r\n                                <a href=\"?wbg_author_s=Daniela+Buono+Calainho%2C+Rodrigo+Bentes+Monteiro\" class=\"wbg-single-link\">\r\n                    Daniela Buono Calainho, Rodrigo Bentes Monteiro                <\/a>\r\n                            <\/span>\r\n                <!-- Button Panel -->\r\n    <div class=\"wbg-button-container\">\r\n            <\/div>\r\n<\/div><div class=\"wbg-item\">\r\n            <a class=\"wgb-item-link\" href=\"https:\/\/www2.historia.uff.br\/ciadasindias\/books\/mao-de-luva-e-as-novas-minas-de-cantagalo\/\" >\r\n            <img loading=\"lazy\" decoding=\"async\" width=\"133\" height=\"200\" src=\"https:\/\/www2.historia.uff.br\/ciadasindias\/wp-content\/uploads\/2024\/11\/Mao-de-luva-2-200x300.png\" class=\"attachment-0x200 size-0x200 wp-post-image\" alt=\"\" srcset=\"https:\/\/www2.historia.uff.br\/ciadasindias\/wp-content\/uploads\/2024\/11\/Mao-de-luva-2-200x300.png 200w, https:\/\/www2.historia.uff.br\/ciadasindias\/wp-content\/uploads\/2024\/11\/Mao-de-luva-2.png 280w\" sizes=\"(max-width: 133px) 100vw, 133px\" \/>            M\u00e3o de Luva e as Novas Minas de Cantagalo        <\/a>\r\n                    <span class=\"loop-author\">\r\n                                <a href=\"?wbg_author_s=Sheila+de+Castro+Faria%2C+Anderson+Jos%C3%A9+Machado+de+Oliveira\" class=\"wbg-single-link\">\r\n                    Sheila de Castro Faria, Anderson Jos\u00e9 Machado de Oliveira                <\/a>\r\n                            <\/span>\r\n                <!-- Button Panel -->\r\n    <div class=\"wbg-button-container\">\r\n            <\/div>\r\n<\/div><div class=\"wbg-item\">\r\n            <a class=\"wgb-item-link\" href=\"https:\/\/www2.historia.uff.br\/ciadasindias\/books\/o-codice-endiabrado-da-sublevacao-das-minas-em-1720\/\" >\r\n            <img loading=\"lazy\" decoding=\"async\" width=\"138\" height=\"200\" src=\"https:\/\/www2.historia.uff.br\/ciadasindias\/wp-content\/uploads\/2024\/11\/Codice-endiabrado-207x300.png\" class=\"attachment-0x200 size-0x200 wp-post-image\" alt=\"\" srcset=\"https:\/\/www2.historia.uff.br\/ciadasindias\/wp-content\/uploads\/2024\/11\/Codice-endiabrado-207x300.png 207w, https:\/\/www2.historia.uff.br\/ciadasindias\/wp-content\/uploads\/2024\/11\/Codice-endiabrado.png 304w\" sizes=\"(max-width: 138px) 100vw, 138px\" \/>            O c\u00f3dice endiabrado: da subleva\u00e7\u00e3o das Minas em 1720        <\/a>\r\n                    <span class=\"loop-author\">\r\n                                <a href=\"?wbg_author_s=Rodrigo+Bentes+Monteiro\" class=\"wbg-single-link\">\r\n                    Rodrigo Bentes Monteiro                <\/a>\r\n                            <\/span>\r\n                <!-- Button Panel -->\r\n    <div class=\"wbg-button-container\">\r\n            <\/div>\r\n<\/div><div class=\"wbg-item\">\r\n            <a class=\"wgb-item-link\" href=\"https:\/\/www2.historia.uff.br\/ciadasindias\/books\/a-cristandade-insular-jesuitas-e-inquisidores-em-goa-1540-1682\/\" >\r\n            <img loading=\"lazy\" decoding=\"async\" width=\"127\" height=\"200\" src=\"https:\/\/www2.historia.uff.br\/ciadasindias\/wp-content\/uploads\/2024\/11\/A-cristandade-insular-190x300.png\" class=\"attachment-0x200 size-0x200 wp-post-image\" alt=\"\" srcset=\"https:\/\/www2.historia.uff.br\/ciadasindias\/wp-content\/uploads\/2024\/11\/A-cristandade-insular-190x300.png 190w, https:\/\/www2.historia.uff.br\/ciadasindias\/wp-content\/uploads\/2024\/11\/A-cristandade-insular.png 225w\" sizes=\"(max-width: 127px) 100vw, 127px\" \/>            A Cristandade Insular: Jesu\u00edtas e Inquisidores em Goa (1540 &#8211; 1682)        <\/a>\r\n                    <span class=\"loop-author\">\r\n                                <a href=\"?wbg_author_s=C%C3%A9lia+Cristina+Tavares\" class=\"wbg-single-link\">\r\n                    C\u00e9lia Cristina Tavares                <\/a>\r\n                            <\/span>\r\n                <!-- Button Panel -->\r\n    <div class=\"wbg-button-container\">\r\n            <\/div>\r\n<\/div><div class=\"wbg-item\">\r\n            <a class=\"wgb-item-link\" href=\"https:\/\/www2.historia.uff.br\/ciadasindias\/books\/a-europa-no-antigo-regime-uma-visao-plural-do-renascimento-a-revolucao-francesa\/\" >\r\n            <img loading=\"lazy\" decoding=\"async\" width=\"143\" height=\"200\" src=\"https:\/\/www2.historia.uff.br\/ciadasindias\/wp-content\/uploads\/2025\/02\/Screenshot-2025-02-17-at-11-38-24-A-Europa-no-antigo-regime-uma-visao-plural-do-Renascimento-a-Revolucao-Francesa-eBook-Vainfas-Ronaldo-Amazon.com_.br-Loja-Kindle-215x300.png\" class=\"attachment-0x200 size-0x200 wp-post-image\" alt=\"\" srcset=\"https:\/\/www2.historia.uff.br\/ciadasindias\/wp-content\/uploads\/2025\/02\/Screenshot-2025-02-17-at-11-38-24-A-Europa-no-antigo-regime-uma-visao-plural-do-Renascimento-a-Revolucao-Francesa-eBook-Vainfas-Ronaldo-Amazon.com_.br-Loja-Kindle-215x300.png 215w, https:\/\/www2.historia.uff.br\/ciadasindias\/wp-content\/uploads\/2025\/02\/Screenshot-2025-02-17-at-11-38-24-A-Europa-no-antigo-regime-uma-visao-plural-do-Renascimento-a-Revolucao-Francesa-eBook-Vainfas-Ronaldo-Amazon.com_.br-Loja-Kindle.png 261w\" sizes=\"(max-width: 143px) 100vw, 143px\" \/>            A Europa no antigo regime: uma vis\u00e3o plural. Do Renascimento \u00e0 Revolu\u00e7\u00e3o...        <\/a>\r\n                    <span class=\"loop-author\">\r\n                                <a href=\"?wbg_author_s=Ronaldo+Vainfas\" class=\"wbg-single-link\">\r\n                    Ronaldo Vainfas                <\/a>\r\n                            <\/span>\r\n                <!-- Button Panel -->\r\n    <div class=\"wbg-button-container\">\r\n            <\/div>\r\n<\/div><div class=\"wbg-item\">\r\n            <a class=\"wgb-item-link\" href=\"https:\/\/www2.historia.uff.br\/ciadasindias\/books\/revertendo-o-fracasso-ufanismo-centenario-e-o-descobrimento-afetivo-do-brasil-1898-1901\/\" >\r\n            <img loading=\"lazy\" decoding=\"async\" width=\"114\" height=\"200\" src=\"https:\/\/www2.historia.uff.br\/ciadasindias\/wp-content\/uploads\/2024\/11\/Revertendo-o-fracasso-171x300.jpg\" class=\"attachment-0x200 size-0x200 wp-post-image\" alt=\"\" srcset=\"https:\/\/www2.historia.uff.br\/ciadasindias\/wp-content\/uploads\/2024\/11\/Revertendo-o-fracasso-171x300.jpg 171w, https:\/\/www2.historia.uff.br\/ciadasindias\/wp-content\/uploads\/2024\/11\/Revertendo-o-fracasso-584x1024.jpg 584w, https:\/\/www2.historia.uff.br\/ciadasindias\/wp-content\/uploads\/2024\/11\/Revertendo-o-fracasso-570x999.jpg 570w, https:\/\/www2.historia.uff.br\/ciadasindias\/wp-content\/uploads\/2024\/11\/Revertendo-o-fracasso.jpg 664w\" sizes=\"(max-width: 114px) 100vw, 114px\" \/>            Revertendo o fracasso: ufanismo, centen\u00e1rio e o descobrimento afetivo do Brasil (1898...        <\/a>\r\n                    <span class=\"loop-author\">\r\n                                <a href=\"?wbg_author_s=Marcelo+da+Rocha+Wanderley\" class=\"wbg-single-link\">\r\n                    Marcelo da Rocha Wanderley                <\/a>\r\n                            <\/span>\r\n                <!-- Button Panel -->\r\n    <div class=\"wbg-button-container\">\r\n            <\/div>\r\n<\/div><div class=\"wbg-item\">\r\n            <a class=\"wgb-item-link\" href=\"https:\/\/www2.historia.uff.br\/ciadasindias\/books\/filhos-de-mafoma-mouriscos-criptoislamismo-e-inquisicao-no-portugal-quinhentista\/\" >\r\n            <img loading=\"lazy\" decoding=\"async\" width=\"139\" height=\"200\" src=\"https:\/\/www2.historia.uff.br\/ciadasindias\/wp-content\/uploads\/2025\/02\/Filhos-de-Mafoma-208x300.png\" class=\"attachment-0x200 size-0x200 wp-post-image\" alt=\"\" srcset=\"https:\/\/www2.historia.uff.br\/ciadasindias\/wp-content\/uploads\/2025\/02\/Filhos-de-Mafoma-208x300.png 208w, https:\/\/www2.historia.uff.br\/ciadasindias\/wp-content\/uploads\/2025\/02\/Filhos-de-Mafoma.png 362w\" sizes=\"(max-width: 139px) 100vw, 139px\" \/>            Filhos de Mafoma: mouriscos, criptoislamismo e Inquisi\u00e7\u00e3o no Portugal Quinhentista.        <\/a>\r\n                    <span class=\"loop-author\">\r\n                                <a href=\"?wbg_author_s=Rog%C3%A9rio+de+Oliveira+Ribas\" class=\"wbg-single-link\">\r\n                    Rog\u00e9rio de Oliveira Ribas                <\/a>\r\n                            <\/span>\r\n                <!-- Button Panel -->\r\n    <div class=\"wbg-button-container\">\r\n            <\/div>\r\n<\/div><div class=\"wbg-item\">\r\n            <a class=\"wgb-item-link\" href=\"https:\/\/www2.historia.uff.br\/ciadasindias\/books\/mulheres-negras-em-perspectiva-identidades-e-experiencias-de-escravidao-e-liberdade-no-espaco-atlantico-seculos-xvii-xix\/\" >\r\n            <img loading=\"lazy\" decoding=\"async\" width=\"143\" height=\"200\" src=\"https:\/\/www2.historia.uff.br\/ciadasindias\/wp-content\/uploads\/2025\/02\/Mulheres-negras-em-perspectiva-214x300.png\" class=\"attachment-0x200 size-0x200 wp-post-image\" alt=\"\" srcset=\"https:\/\/www2.historia.uff.br\/ciadasindias\/wp-content\/uploads\/2025\/02\/Mulheres-negras-em-perspectiva-214x300.png 214w, https:\/\/www2.historia.uff.br\/ciadasindias\/wp-content\/uploads\/2025\/02\/Mulheres-negras-em-perspectiva.png 328w\" sizes=\"(max-width: 143px) 100vw, 143px\" \/>            Mulheres negras em perspectiva. Identidades e experi\u00eancias de escravid\u00e3o e liberdade no...        <\/a>\r\n                    <span class=\"loop-author\">\r\n                                <a href=\"?wbg_author_s=Sheila+de+Castro+Faria%2C+Adriana+Dantas+Reis\" class=\"wbg-single-link\">\r\n                    Sheila de Castro Faria, Adriana Dantas Reis                <\/a>\r\n                            <\/span>\r\n                <!-- Button Panel -->\r\n    <div class=\"wbg-button-container\">\r\n            <\/div>\r\n<\/div><div class=\"wbg-item\">\r\n            <a class=\"wgb-item-link\" href=\"https:\/\/www2.historia.uff.br\/ciadasindias\/books\/a-cidade-e-o-imperio-rio-de-janeiro-no-seculo-xviii\/\" >\r\n            <img loading=\"lazy\" decoding=\"async\" width=\"172\" height=\"172\" src=\"https:\/\/www2.historia.uff.br\/ciadasindias\/wp-content\/uploads\/2024\/09\/fernanda6.jpg\" class=\"attachment-0x200 size-0x200 wp-post-image\" alt=\"\" srcset=\"https:\/\/www2.historia.uff.br\/ciadasindias\/wp-content\/uploads\/2024\/09\/fernanda6.jpg 172w, https:\/\/www2.historia.uff.br\/ciadasindias\/wp-content\/uploads\/2024\/09\/fernanda6-150x150.jpg 150w\" sizes=\"(max-width: 172px) 100vw, 172px\" \/>            A Cidade e o Imp\u00e9rio: Rio de Janeiro no s\u00e9culo XVIII        <\/a>\r\n                    <span class=\"loop-author\">\r\n                                <a href=\"?wbg_author_s=Maria+Fernanda+Bicalho\" class=\"wbg-single-link\">\r\n                    Maria Fernanda Bicalho                <\/a>\r\n                            <\/span>\r\n                <!-- Button Panel -->\r\n    <div class=\"wbg-button-container\">\r\n            <\/div>\r\n<\/div>    <\/div>\r\n    <\/div>\r\n<\/div>\n\t\t\t\t<\/div>\n\t\t\t\t<\/div>\n\t\t\t\t\t<\/div>\n\t\t\t\t<\/div>\n\t\t\t\t<\/div>\n\t\t","protected":false},"excerpt":{"rendered":"<p>Publica\u00e7\u00f5es<\/p>\n","protected":false},"author":1,"featured_media":0,"parent":0,"menu_order":0,"comment_status":"closed","ping_status":"closed","template":"elementor_header_footer","meta":{"footnotes":""},"class_list":["post-1592","page","type-page","status-publish","hentry"],"_links":{"self":[{"href":"https:\/\/www2.historia.uff.br\/ciadasindias\/wp-json\/wp\/v2\/pages\/1592","targetHints":{"allow":["GET"]}}],"collection":[{"href":"https:\/\/www2.historia.uff.br\/ciadasindias\/wp-json\/wp\/v2\/pages"}],"about":[{"href":"https:\/\/www2.historia.uff.br\/ciadasindias\/wp-json\/wp\/v2\/types\/page"}],"author":[{"embeddable":true,"href":"https:\/\/www2.historia.uff.br\/ciadasindias\/wp-json\/wp\/v2\/users\/1"}],"replies":[{"embeddable":true,"href":"https:\/\/www2.historia.uff.br\/ciadasindias\/wp-json\/wp\/v2\/comments?post=1592"}],"version-history":[{"count":22,"href":"https:\/\/www2.historia.uff.br\/ciadasindias\/wp-json\/wp\/v2\/pages\/1592\/revisions"}],"predecessor-version":[{"id":2371,"href":"https:\/\/www2.historia.uff.br\/ciadasindias\/wp-json\/wp\/v2\/pages\/1592\/revisions\/2371"}],"wp:attachment":[{"href":"https:\/\/www2.historia.uff.br\/ciadasindias\/wp-json\/wp\/v2\/media?parent=1592"}],"curies":[{"name":"wp","href":"https:\/\/api.w.org\/{rel}","templated":true}]}}