{"id":1340,"date":"2024-07-16T12:49:28","date_gmt":"2024-07-16T15:49:28","guid":{"rendered":"https:\/\/base.pro.br\/iht\/?page_id=1340"},"modified":"2026-02-26T08:32:07","modified_gmt":"2026-02-26T11:32:07","slug":"pos-md-calendario","status":"publish","type":"page","link":"https:\/\/www2.historia.uff.br\/site\/index.php\/pos-md-calendario\/","title":{"rendered":"POS-MD-Calend\u00e1rio"},"content":{"rendered":"\t\t<div data-elementor-type=\"wp-page\" data-elementor-id=\"1340\" class=\"elementor elementor-1340\" data-elementor-post-type=\"page\">\n\t\t\t\t<div class=\"elementor-element elementor-element-7158819 e-flex e-con-boxed e-con e-parent\" data-id=\"7158819\" data-element_type=\"container\" data-settings=\"{&quot;background_background&quot;:&quot;classic&quot;}\">\n\t\t\t\t\t<div class=\"e-con-inner\">\n\t\t\t\t<div class=\"elementor-element elementor-element-de29de9 elementor-widget elementor-widget-heading\" data-id=\"de29de9\" data-element_type=\"widget\" data-widget_type=\"heading.default\">\n\t\t\t\t<div class=\"elementor-widget-container\">\n\t\t\t<style>\/*! elementor - v3.22.0 - 24-06-2024 *\/\n.elementor-heading-title{padding:0;margin:0;line-height:1}.elementor-widget-heading .elementor-heading-title[class*=elementor-size-]>a{color:inherit;font-size:inherit;line-height:inherit}.elementor-widget-heading .elementor-heading-title.elementor-size-small{font-size:15px}.elementor-widget-heading .elementor-heading-title.elementor-size-medium{font-size:19px}.elementor-widget-heading .elementor-heading-title.elementor-size-large{font-size:29px}.elementor-widget-heading .elementor-heading-title.elementor-size-xl{font-size:39px}.elementor-widget-heading .elementor-heading-title.elementor-size-xxl{font-size:59px}<\/style><h5 class=\"elementor-heading-title elementor-size-default\">Mestrado e Doutorado<\/h5>\t\t<\/div>\n\t\t\t\t<\/div>\n\t\t\t\t\t<\/div>\n\t\t\t\t<\/div>\n\t\t<div class=\"elementor-element elementor-element-c3b842e e-flex e-con-boxed e-con e-parent\" data-id=\"c3b842e\" data-element_type=\"container\" data-settings=\"{&quot;background_background&quot;:&quot;classic&quot;}\">\n\t\t\t\t\t<div class=\"e-con-inner\">\n\t\t<div class=\"elementor-element elementor-element-32ee5ab e-con-full e-flex e-con e-child\" data-id=\"32ee5ab\" data-element_type=\"container\">\n\t\t\t\t<div class=\"elementor-element elementor-element-f856625 elementor-nav-menu--dropdown-tablet elementor-nav-menu__text-align-aside elementor-nav-menu--toggle elementor-nav-menu--burger elementor-widget elementor-widget-nav-menu\" data-id=\"f856625\" data-element_type=\"widget\" data-settings=\"{&quot;layout&quot;:&quot;vertical&quot;,&quot;submenu_icon&quot;:{&quot;value&quot;:&quot;&lt;svg class=\\&quot;e-font-icon-svg e-fas-caret-down\\&quot; viewBox=\\&quot;0 0 320 512\\&quot; xmlns=\\&quot;http:\\\/\\\/www.w3.org\\\/2000\\\/svg\\&quot;&gt;&lt;path d=\\&quot;M31.3 192h257.3c17.8 0 26.7 21.5 14.1 34.1L174.1 354.8c-7.8 7.8-20.5 7.8-28.3 0L17.2 226.1C4.6 213.5 13.5 192 31.3 192z\\&quot;&gt;&lt;\\\/path&gt;&lt;\\\/svg&gt;&quot;,&quot;library&quot;:&quot;fa-solid&quot;},&quot;toggle&quot;:&quot;burger&quot;}\" data-widget_type=\"nav-menu.default\">\n\t\t\t\t<div class=\"elementor-widget-container\">\n\t\t\t<link rel=\"stylesheet\" href=\"https:\/\/www2.historia.uff.br\/site\/wp-content\/plugins\/elementor-pro\/assets\/css\/widget-nav-menu.min.css\">\t\t\t<nav class=\"elementor-nav-menu--main elementor-nav-menu__container elementor-nav-menu--layout-vertical e--pointer-underline e--animation-fade\">\n\t\t\t\t<ul id=\"menu-1-f856625\" class=\"elementor-nav-menu sm-vertical\"><li class=\"menu-item menu-item-type-post_type menu-item-object-page menu-item-1599\"><a href=\"https:\/\/www2.historia.uff.br\/site\/index.php\/pos-md-objetivos\/\" class=\"elementor-item\">Objetivos<\/a><\/li>\n<li class=\"menu-item menu-item-type-post_type menu-item-object-page menu-item-1597\"><a href=\"https:\/\/www2.historia.uff.br\/site\/index.php\/pos-md-grade-doutorado\/\" class=\"elementor-item\">Grade: Doutorado<\/a><\/li>\n<li class=\"menu-item menu-item-type-post_type menu-item-object-page menu-item-1598\"><a href=\"https:\/\/www2.historia.uff.br\/site\/index.php\/pos-md-grede-mestrado\/\" class=\"elementor-item\">Grade: Mestrado<\/a><\/li>\n<li class=\"menu-item menu-item-type-post_type menu-item-object-page menu-item-1595\"><a href=\"https:\/\/www2.historia.uff.br\/site\/index.php\/pos-md-calendario\/\" class=\"elementor-item\">Calend\u00e1rio<\/a><\/li>\n<li class=\"menu-item menu-item-type-post_type menu-item-object-page menu-item-1596\"><a href=\"https:\/\/www2.historia.uff.br\/site\/index.php\/pos-md-grede-doutorado\/\" class=\"elementor-item\">CURSOS por SEMESTRE<\/a><\/li>\n<li class=\"menu-item menu-item-type-post_type menu-item-object-page menu-item-1592\"><a href=\"https:\/\/www2.historia.uff.br\/site\/index.php\/pos-md-objetivos-2\/\" class=\"elementor-item\">BOLSAS<\/a><\/li>\n<li class=\"menu-item menu-item-type-post_type menu-item-object-page menu-item-1591\"><a href=\"https:\/\/www2.historia.uff.br\/site\/index.php\/pos-md-cursos-semestre\/\" class=\"elementor-item\">ALUNOS PPGH<\/a><\/li>\n<\/ul>\t\t\t<\/nav>\n\t\t\t\t\t<div class=\"elementor-menu-toggle\" role=\"button\" tabindex=\"0\" aria-label=\"Menu Toggle\" aria-expanded=\"false\">\n\t\t\t<svg aria-hidden=\"true\" role=\"presentation\" class=\"elementor-menu-toggle__icon--open e-font-icon-svg e-eicon-menu-bar\" viewBox=\"0 0 1000 1000\" xmlns=\"http:\/\/www.w3.org\/2000\/svg\"><path d=\"M104 333H896C929 333 958 304 958 271S929 208 896 208H104C71 208 42 237 42 271S71 333 104 333ZM104 583H896C929 583 958 554 958 521S929 458 896 458H104C71 458 42 487 42 521S71 583 104 583ZM104 833H896C929 833 958 804 958 771S929 708 896 708H104C71 708 42 737 42 771S71 833 104 833Z\"><\/path><\/svg><svg aria-hidden=\"true\" role=\"presentation\" class=\"elementor-menu-toggle__icon--close e-font-icon-svg e-eicon-close\" viewBox=\"0 0 1000 1000\" xmlns=\"http:\/\/www.w3.org\/2000\/svg\"><path d=\"M742 167L500 408 258 167C246 154 233 150 217 150 196 150 179 158 167 167 154 179 150 196 150 212 150 229 154 242 171 254L408 500 167 742C138 771 138 800 167 829 196 858 225 858 254 829L496 587 738 829C750 842 767 846 783 846 800 846 817 842 829 829 842 817 846 804 846 783 846 767 842 750 829 737L588 500 833 258C863 229 863 200 833 171 804 137 775 137 742 167Z\"><\/path><\/svg>\t\t\t<span class=\"elementor-screen-only\">Menu<\/span>\n\t\t<\/div>\n\t\t\t\t\t<nav class=\"elementor-nav-menu--dropdown elementor-nav-menu__container\" aria-hidden=\"true\">\n\t\t\t\t<ul id=\"menu-2-f856625\" class=\"elementor-nav-menu sm-vertical\"><li class=\"menu-item menu-item-type-post_type menu-item-object-page menu-item-1599\"><a href=\"https:\/\/www2.historia.uff.br\/site\/index.php\/pos-md-objetivos\/\" class=\"elementor-item\" tabindex=\"-1\">Objetivos<\/a><\/li>\n<li class=\"menu-item menu-item-type-post_type menu-item-object-page menu-item-1597\"><a href=\"https:\/\/www2.historia.uff.br\/site\/index.php\/pos-md-grade-doutorado\/\" class=\"elementor-item\" tabindex=\"-1\">Grade: Doutorado<\/a><\/li>\n<li class=\"menu-item menu-item-type-post_type menu-item-object-page menu-item-1598\"><a href=\"https:\/\/www2.historia.uff.br\/site\/index.php\/pos-md-grede-mestrado\/\" class=\"elementor-item\" tabindex=\"-1\">Grade: Mestrado<\/a><\/li>\n<li class=\"menu-item menu-item-type-post_type menu-item-object-page menu-item-1595\"><a href=\"https:\/\/www2.historia.uff.br\/site\/index.php\/pos-md-calendario\/\" class=\"elementor-item\" tabindex=\"-1\">Calend\u00e1rio<\/a><\/li>\n<li class=\"menu-item menu-item-type-post_type menu-item-object-page menu-item-1596\"><a href=\"https:\/\/www2.historia.uff.br\/site\/index.php\/pos-md-grede-doutorado\/\" class=\"elementor-item\" tabindex=\"-1\">CURSOS por SEMESTRE<\/a><\/li>\n<li class=\"menu-item menu-item-type-post_type menu-item-object-page menu-item-1592\"><a href=\"https:\/\/www2.historia.uff.br\/site\/index.php\/pos-md-objetivos-2\/\" class=\"elementor-item\" tabindex=\"-1\">BOLSAS<\/a><\/li>\n<li class=\"menu-item menu-item-type-post_type menu-item-object-page menu-item-1591\"><a href=\"https:\/\/www2.historia.uff.br\/site\/index.php\/pos-md-cursos-semestre\/\" class=\"elementor-item\" tabindex=\"-1\">ALUNOS PPGH<\/a><\/li>\n<\/ul>\t\t\t<\/nav>\n\t\t\t\t<\/div>\n\t\t\t\t<\/div>\n\t\t\t\t<\/div>\n\t\t<div class=\"elementor-element elementor-element-e423482 e-con-full e-flex e-con e-child\" data-id=\"e423482\" data-element_type=\"container\">\n\t\t\t\t<div class=\"elementor-element elementor-element-894e554 elementor-widget elementor-widget-heading\" data-id=\"894e554\" data-element_type=\"widget\" data-widget_type=\"heading.default\">\n\t\t\t\t<div class=\"elementor-widget-container\">\n\t\t\t<h5 class=\"elementor-heading-title elementor-size-default\">Calend\u00e1rio<\/h5>\t\t<\/div>\n\t\t\t\t<\/div>\n\t\t\t\t<div class=\"elementor-element elementor-element-8e9ab2c elementor-widget elementor-widget-text-editor\" data-id=\"8e9ab2c\" data-element_type=\"widget\" data-widget_type=\"text-editor.default\">\n\t\t\t\t<div class=\"elementor-widget-container\">\n\t\t\t<style>\/*! elementor - v3.22.0 - 24-06-2024 *\/\n.elementor-widget-text-editor.elementor-drop-cap-view-stacked .elementor-drop-cap{background-color:#69727d;color:#fff}.elementor-widget-text-editor.elementor-drop-cap-view-framed .elementor-drop-cap{color:#69727d;border:3px solid;background-color:transparent}.elementor-widget-text-editor:not(.elementor-drop-cap-view-default) .elementor-drop-cap{margin-top:8px}.elementor-widget-text-editor:not(.elementor-drop-cap-view-default) .elementor-drop-cap-letter{width:1em;height:1em}.elementor-widget-text-editor .elementor-drop-cap{float:left;text-align:center;line-height:1;font-size:50px}.elementor-widget-text-editor .elementor-drop-cap-letter{display:inline-block}<\/style>\t\t\t\t<h5 class=\"pagetitle\"><b style=\"text-align: var(--text-align); font-size: 14px;\">2026<\/b><\/h5><div><div><a href=\"https:\/\/www2.historia.uff.br\/site\/wp-content\/uploads\/2025\/12\/Calendario_PPGH_UFF__2026-2.pdf\"><strong>Calend\u00e1rio PPGH-UFF 2026<\/strong><\/a><\/div><\/div><div><div>\u00a0<\/div><div><b style=\"text-align: var(--text-align); font-size: 14px;\">2025<\/b><\/div><div><a href=\"https:\/\/www2.historia.uff.br\/site\/wp-content\/uploads\/2026\/02\/Calendario_CPLAN_2-sem-2025.pdf\"><strong>Calend\u00e1rio PPGH-UFF 2025\u00a0 &#8211; ret. 26\/02\/2026<\/strong><\/a><\/div><div><a href=\"https:\/\/www2.historia.uff.br\/site\/wp-content\/uploads\/2026\/01\/Calendario_PPGH_UFF__2025-ret29_01_2026-1.pdf\"><strong>Calend\u00e1rio PPGH-UFF 2025\u00a0 &#8211; ret. 29\/01\/2026<\/strong><\/a><\/div><\/div><div><div><strong><a href=\"https:\/\/www2.historia.uff.br\/site\/wp-content\/uploads\/2026\/01\/Calendario_PPGH_UFF__2025-ret.22_01_26.pdf\" target=\"_blank\" rel=\"noopener\">Calend\u00e1rio PPGH-UFF 2025\u00a0 &#8211; ret. 18\/02\/2025<\/a><\/strong><\/div><div>Calend\u00e1rio PPGH-UFF 2025 (Retificado)<\/div><div><a href=\"https:\/\/www2.historia.uff.br\/site\/wp-content\/uploads\/2025\/10\/Calendario_PPGH_UFF__2025-_RET-08_10_2025.pdf\"><strong>Calend\u00e1rio PPGH-UFF 2025 <\/strong><\/a>&#8211; ret. 08\/10\/2025<\/div><\/div><div>\u00a0<\/div><div><div>Calend\u00e1rio PPGH-UFF 2025<\/div><div><a href=\"https:\/\/drive.google.com\/file\/d\/1VZyDtb7-YyvtZ74Iq5j6Ij3AixDyO82c\/view?usp=drive_link\"><strong>Calend\u00e1rio PPGH-UFF 2025 <\/strong><\/a>&#8211; inserido em 18 de Dezembro de 2024<\/div><\/div><h5 class=\"pagetitle\"><b style=\"text-align: var(--text-align); font-size: 14px;\">2024<\/b><\/h5><div><div>Calend\u00e1rio PPGH-UFF 2024<\/div><div><a href=\"https:\/\/drive.google.com\/file\/d\/1JmKHJkkCSAkflsdkLBPNmETno_13e-7m\/view?usp=drive_link\"><strong>Calend\u00e1rio PPGH-UFF 2024\u00a0<\/strong><\/a>&#8211; inserido em 21 de Dezembro de 2023 atualizado em 14 de Mar\u00e7o de 2024<\/div><p><b><br \/>2023<\/b><\/p><div>Calend\u00e1rio PPGH-UFF 2023<\/div><div><a href=\"https:\/\/www.historia.uff.br\/academico\/media\/aux-bolsa\/calendarioppgh2023.pdf\"><strong>Calend\u00e1rio 2023\u00a0<\/strong><\/a>&#8211; inserido em 4 de Janeiro de 2023 atualizado em 7 de Agosto de 2023<\/div><p><b><br \/>2022<\/b><\/p><div>Calend\u00e1rio PPGH-UFF 2022<\/div><div><a href=\"https:\/\/www.historia.uff.br\/academico\/media\/aux-bolsa\/2022calendario__PPGH_A1AumsN.pdf\"><strong>Calend\u00e1rio PPGH-2022\u00a0<\/strong><\/a>&#8211; inserido em 17 de Dezembro de 2021 atualizado em 3 de Agosto de 2022<\/div><p><b><br \/>2021<\/b><\/p><div>Calend\u00e1rio 2021<\/div><div><a href=\"https:\/\/www.historia.uff.br\/academico\/media\/aux-bolsa\/Calendario_PPGH_UFF__2021_EIVY5bc.pdf\"><strong>Calend\u00e1rio 2021 PPGH\u00a0<\/strong><\/a>&#8211; inserido em 21 de Janeiro de 2021 atualizado em 9 de Julho de 2021<\/div><p><b><br \/>2020<\/b><\/p><div>Calend\u00e1rio 2020<\/div><div><p><a href=\"https:\/\/www.historia.uff.br\/academico\/media\/aux-bolsa\/1598457921370_Proposta_Calendario_2020_PPGH_pandemia.pdf\"><strong>Calend\u00e1rio 2020 do PPGH\u00a0<\/strong><\/a>&#8211; inserido em 6 de Janeiro de 2020 atualizado em 26 de Agosto de 2020<\/p><\/div><p><b>2019<\/b><\/p><div>Calend\u00e1rio 2019<\/div><div><a href=\"https:\/\/www.historia.uff.br\/academico\/media\/aux-bolsa\/Calendario_2019_PPGH.pdf\"><strong>Calend\u00e1rio 2019 do PPGH\u00a0<\/strong><\/a>&#8211; inserido em 14 de Dezembro de 2018<\/div><\/div>\t\t\t\t\t\t<\/div>\n\t\t\t\t<\/div>\n\t\t\t\t<\/div>\n\t\t\t\t\t<\/div>\n\t\t\t\t<\/div>\n\t\t\t\t<\/div>\n\t\t","protected":false},"excerpt":{"rendered":"<p>Mestrado e Doutorado Calend\u00e1rio 2026 Calend\u00e1rio PPGH-UFF 2026\u00a02025Calend\u00e1rio PPGH-UFF 2025\u00a0 &#8211; ret. 26\/02\/2026Calend\u00e1rio PPGH-UFF 2025\u00a0 &#8211; ret. 29\/01\/2026Calend\u00e1rio PPGH-UFF 2025\u00a0 &#8211; ret. 18\/02\/2025Calend\u00e1rio PPGH-UFF 2025 (Retificado)Calend\u00e1rio PPGH-UFF 2025 &#8211; ret. 08\/10\/2025\u00a0Calend\u00e1rio PPGH-UFF 2025Calend\u00e1rio PPGH-UFF 2025 &#8211; inserido em 18 de Dezembro de 2024 2024 Calend\u00e1rio PPGH-UFF 2024Calend\u00e1rio PPGH-UFF 2024\u00a0&#8211; inserido em 21 de Dezembro de [&hellip;]<\/p>\n","protected":false},"author":1,"featured_media":0,"parent":0,"menu_order":0,"comment_status":"closed","ping_status":"closed","template":"","meta":{"footnotes":""},"categories":[21],"tags":[],"folder":[9],"_links":{"self":[{"href":"https:\/\/www2.historia.uff.br\/site\/index.php\/wp-json\/wp\/v2\/pages\/1340"}],"collection":[{"href":"https:\/\/www2.historia.uff.br\/site\/index.php\/wp-json\/wp\/v2\/pages"}],"about":[{"href":"https:\/\/www2.historia.uff.br\/site\/index.php\/wp-json\/wp\/v2\/types\/page"}],"author":[{"embeddable":true,"href":"https:\/\/www2.historia.uff.br\/site\/index.php\/wp-json\/wp\/v2\/users\/1"}],"replies":[{"embeddable":true,"href":"https:\/\/www2.historia.uff.br\/site\/index.php\/wp-json\/wp\/v2\/comments?post=1340"}],"version-history":[{"count":72,"href":"https:\/\/www2.historia.uff.br\/site\/index.php\/wp-json\/wp\/v2\/pages\/1340\/revisions"}],"predecessor-version":[{"id":4901,"href":"https:\/\/www2.historia.uff.br\/site\/index.php\/wp-json\/wp\/v2\/pages\/1340\/revisions\/4901"}],"wp:attachment":[{"href":"https:\/\/www2.historia.uff.br\/site\/index.php\/wp-json\/wp\/v2\/media?parent=1340"}],"wp:term":[{"taxonomy":"category","embeddable":true,"href":"https:\/\/www2.historia.uff.br\/site\/index.php\/wp-json\/wp\/v2\/categories?post=1340"},{"taxonomy":"post_tag","embeddable":true,"href":"https:\/\/www2.historia.uff.br\/site\/index.php\/wp-json\/wp\/v2\/tags?post=1340"},{"taxonomy":"folder","embeddable":true,"href":"https:\/\/www2.historia.uff.br\/site\/index.php\/wp-json\/wp\/v2\/folder?post=1340"}],"curies":[{"name":"wp","href":"https:\/\/api.w.org\/{rel}","templated":true}]}}