{"id":168,"date":"2024-04-16T18:24:30","date_gmt":"2024-04-16T21:24:30","guid":{"rendered":"https:\/\/base.pro.br\/fundacao\/?page_id=168"},"modified":"2025-08-11T17:59:23","modified_gmt":"2025-08-11T20:59:23","slug":"quem-somos","status":"publish","type":"page","link":"https:\/\/www2.historia.uff.br\/site\/index.php\/quem-somos\/","title":{"rendered":"IHT-QUEM-SOMOS"},"content":{"rendered":"\t\t<div data-elementor-type=\"wp-page\" data-elementor-id=\"168\" class=\"elementor elementor-168\" data-elementor-post-type=\"page\">\n\t\t\t\t<div class=\"elementor-element elementor-element-5c029dc e-flex e-con-boxed e-con e-parent\" data-id=\"5c029dc\" data-element_type=\"container\" data-settings=\"{&quot;background_background&quot;:&quot;classic&quot;}\">\n\t\t\t\t\t<div class=\"e-con-inner\">\n\t\t<div class=\"elementor-element elementor-element-673680e e-con-full e-flex e-con e-child\" data-id=\"673680e\" data-element_type=\"container\">\n\t\t\t\t<div class=\"elementor-element elementor-element-f7aa74b elementor-widget elementor-widget-heading\" data-id=\"f7aa74b\" data-element_type=\"widget\" data-widget_type=\"heading.default\">\n\t\t\t\t<div class=\"elementor-widget-container\">\n\t\t\t<style>\/*! elementor - v3.22.0 - 24-06-2024 *\/\n.elementor-heading-title{padding:0;margin:0;line-height:1}.elementor-widget-heading .elementor-heading-title[class*=elementor-size-]>a{color:inherit;font-size:inherit;line-height:inherit}.elementor-widget-heading .elementor-heading-title.elementor-size-small{font-size:15px}.elementor-widget-heading .elementor-heading-title.elementor-size-medium{font-size:19px}.elementor-widget-heading .elementor-heading-title.elementor-size-large{font-size:29px}.elementor-widget-heading .elementor-heading-title.elementor-size-xl{font-size:39px}.elementor-widget-heading .elementor-heading-title.elementor-size-xxl{font-size:59px}<\/style><h2 class=\"elementor-heading-title elementor-size-default\">Quem Somos<\/h2>\t\t<\/div>\n\t\t\t\t<\/div>\n\t\t\t\t<\/div>\n\t\t<div class=\"elementor-element elementor-element-b9892d0 e-con-full e-flex e-con e-child\" data-id=\"b9892d0\" data-element_type=\"container\">\n\t\t\t\t<div class=\"elementor-element elementor-element-cca76aa elementor-widget elementor-widget-text-editor\" data-id=\"cca76aa\" data-element_type=\"widget\" data-widget_type=\"text-editor.default\">\n\t\t\t\t<div class=\"elementor-widget-container\">\n\t\t\t<style>\/*! elementor - v3.22.0 - 24-06-2024 *\/\n.elementor-widget-text-editor.elementor-drop-cap-view-stacked .elementor-drop-cap{background-color:#69727d;color:#fff}.elementor-widget-text-editor.elementor-drop-cap-view-framed .elementor-drop-cap{color:#69727d;border:3px solid;background-color:transparent}.elementor-widget-text-editor:not(.elementor-drop-cap-view-default) .elementor-drop-cap{margin-top:8px}.elementor-widget-text-editor:not(.elementor-drop-cap-view-default) .elementor-drop-cap-letter{width:1em;height:1em}.elementor-widget-text-editor .elementor-drop-cap{float:left;text-align:center;line-height:1;font-size:50px}.elementor-widget-text-editor .elementor-drop-cap-letter{display:inline-block}<\/style>\t\t\t\t<h5 class=\"pagetitle\"><span style=\"font-size: 16px;\">O Instituto de Hist\u00f3ria foi criado em 2016, mas sua hist\u00f3ria est\u00e1 fortemente enraizada na trajet\u00f3ria da nossa Universidade \u2013 a partir da incorpora\u00e7\u00e3o de escolas e faculdades isoladas entre 1960 e 1965 \u2013 e no v\u00ednculo com o Instituto de Filosofia e Ci\u00eancias Humanas (ICHF), do qual fizemos parte at\u00e9 recentemente. A cria\u00e7\u00e3o do Instituto de Hist\u00f3ria permitiu ampliar nossa autonomia acad\u00eamica e administrativa e estabelecer um novo v\u00ednculo com a UFF. Ao mesmo tempo, intensificou o peso institucional da \u00e1rea de Hist\u00f3ria na Universidade e fortaleceu sua presen\u00e7a entre os cursos de Hist\u00f3ria no Rio de Janeiro.<\/span><\/h5><div class=\"text\"><p><strong>Diretora do Instituto de Hist\u00f3ria:<\/strong> Elisa de Campos Borges<br \/><strong>Vice-Diretora:<\/strong> Juniele Rabelo de Almeida<br \/><strong>Chefe de Departamento:<\/strong> Felipe Paiva Soares<br \/><strong>Vice-Chefe de Departamento:<\/strong> Mariana Rodrigues Tavares<br \/><strong>Coordenadora de Licenciatura:<\/strong> Angela Moreira Domingues da Silva<br \/><strong>Coordenadora de Bacharelado:<\/strong> Yna\u00ea Lopes dos Santos<br \/><strong>Coordenadora do PPGH:<\/strong> Francine Iegelski <br \/><strong>Vice-coordenador do PPGH:<\/strong> Rodrigo\u00a0Bentes\u00a0Monteiro<\/p><\/div>\t\t\t\t\t\t<\/div>\n\t\t\t\t<\/div>\n\t\t\t\t<\/div>\n\t\t\t\t\t<\/div>\n\t\t\t\t<\/div>\n\t\t\t\t<\/div>\n\t\t","protected":false},"excerpt":{"rendered":"<p>Quem Somos O Instituto de Hist\u00f3ria foi criado em 2016, mas sua hist\u00f3ria est\u00e1 fortemente enraizada na trajet\u00f3ria da nossa Universidade \u2013 a partir da incorpora\u00e7\u00e3o de escolas e faculdades isoladas entre 1960 e 1965 \u2013 e no v\u00ednculo com o Instituto de Filosofia e Ci\u00eancias Humanas (ICHF), do qual fizemos parte at\u00e9 recentemente. A [&hellip;]<\/p>\n","protected":false},"author":1,"featured_media":0,"parent":0,"menu_order":0,"comment_status":"closed","ping_status":"closed","template":"elementor_header_footer","meta":{"footnotes":""},"categories":[21],"tags":[],"folder":[9],"_links":{"self":[{"href":"https:\/\/www2.historia.uff.br\/site\/index.php\/wp-json\/wp\/v2\/pages\/168"}],"collection":[{"href":"https:\/\/www2.historia.uff.br\/site\/index.php\/wp-json\/wp\/v2\/pages"}],"about":[{"href":"https:\/\/www2.historia.uff.br\/site\/index.php\/wp-json\/wp\/v2\/types\/page"}],"author":[{"embeddable":true,"href":"https:\/\/www2.historia.uff.br\/site\/index.php\/wp-json\/wp\/v2\/users\/1"}],"replies":[{"embeddable":true,"href":"https:\/\/www2.historia.uff.br\/site\/index.php\/wp-json\/wp\/v2\/comments?post=168"}],"version-history":[{"count":12,"href":"https:\/\/www2.historia.uff.br\/site\/index.php\/wp-json\/wp\/v2\/pages\/168\/revisions"}],"predecessor-version":[{"id":4617,"href":"https:\/\/www2.historia.uff.br\/site\/index.php\/wp-json\/wp\/v2\/pages\/168\/revisions\/4617"}],"wp:attachment":[{"href":"https:\/\/www2.historia.uff.br\/site\/index.php\/wp-json\/wp\/v2\/media?parent=168"}],"wp:term":[{"taxonomy":"category","embeddable":true,"href":"https:\/\/www2.historia.uff.br\/site\/index.php\/wp-json\/wp\/v2\/categories?post=168"},{"taxonomy":"post_tag","embeddable":true,"href":"https:\/\/www2.historia.uff.br\/site\/index.php\/wp-json\/wp\/v2\/tags?post=168"},{"taxonomy":"folder","embeddable":true,"href":"https:\/\/www2.historia.uff.br\/site\/index.php\/wp-json\/wp\/v2\/folder?post=168"}],"curies":[{"name":"wp","href":"https:\/\/api.w.org\/{rel}","templated":true}]}}