{"id":2224,"date":"2024-09-10T20:04:47","date_gmt":"2024-09-10T23:04:47","guid":{"rendered":"https:\/\/base.pro.br\/iht\/?page_id=2224"},"modified":"2025-05-09T14:42:08","modified_gmt":"2025-05-09T17:42:08","slug":"en-pos-internacionalizacao","status":"publish","type":"page","link":"https:\/\/www2.historia.uff.br\/site\/index.php\/en-pos-internacionalizacao\/","title":{"rendered":"EN-POS-INTERNACIONALIZACAO"},"content":{"rendered":"\t\t<div data-elementor-type=\"wp-page\" data-elementor-id=\"2224\" class=\"elementor elementor-2224\" data-elementor-post-type=\"page\">\n\t\t\t\t<div class=\"elementor-element elementor-element-9e72775 e-flex e-con-boxed e-con e-parent\" data-id=\"9e72775\" data-element_type=\"container\" data-settings=\"{&quot;background_background&quot;:&quot;classic&quot;}\">\n\t\t\t\t\t<div class=\"e-con-inner\">\n\t\t\t\t<div class=\"elementor-element elementor-element-f7b176b elementor-widget elementor-widget-heading\" data-id=\"f7b176b\" data-element_type=\"widget\" data-widget_type=\"heading.default\">\n\t\t\t\t<div class=\"elementor-widget-container\">\n\t\t\t<style>\/*! elementor - v3.22.0 - 24-06-2024 *\/\n.elementor-heading-title{padding:0;margin:0;line-height:1}.elementor-widget-heading .elementor-heading-title[class*=elementor-size-]>a{color:inherit;font-size:inherit;line-height:inherit}.elementor-widget-heading .elementor-heading-title.elementor-size-small{font-size:15px}.elementor-widget-heading .elementor-heading-title.elementor-size-medium{font-size:19px}.elementor-widget-heading .elementor-heading-title.elementor-size-large{font-size:29px}.elementor-widget-heading .elementor-heading-title.elementor-size-xl{font-size:39px}.elementor-widget-heading .elementor-heading-title.elementor-size-xxl{font-size:59px}<\/style><h4 class=\"elementor-heading-title elementor-size-default\">Programa de P\u00f3s-Gradua\u00e7\u00e3o em Hist\u00f3ria<\/h4>\t\t<\/div>\n\t\t\t\t<\/div>\n\t\t\t\t\t<\/div>\n\t\t\t\t<\/div>\n\t\t<div class=\"elementor-element elementor-element-6287b2c e-flex e-con-boxed e-con e-parent\" data-id=\"6287b2c\" data-element_type=\"container\" data-settings=\"{&quot;background_background&quot;:&quot;classic&quot;}\">\n\t\t\t\t\t<div class=\"e-con-inner\">\n\t\t<div class=\"elementor-element elementor-element-302dba0 e-flex e-con-boxed e-con e-child\" data-id=\"302dba0\" data-element_type=\"container\" data-settings=\"{&quot;background_background&quot;:&quot;classic&quot;}\">\n\t\t\t\t\t<div class=\"e-con-inner\">\n\t\t<div class=\"elementor-element elementor-element-60701a6 e-con-full e-flex e-con e-child\" data-id=\"60701a6\" data-element_type=\"container\">\n\t\t\t\t<div class=\"elementor-element elementor-element-12e06dc elementor-nav-menu--dropdown-tablet elementor-nav-menu__text-align-aside elementor-nav-menu--toggle elementor-nav-menu--burger elementor-widget elementor-widget-nav-menu\" data-id=\"12e06dc\" data-element_type=\"widget\" data-settings=\"{&quot;layout&quot;:&quot;vertical&quot;,&quot;submenu_icon&quot;:{&quot;value&quot;:&quot;&lt;svg class=\\&quot;e-font-icon-svg e-fas-caret-down\\&quot; viewBox=\\&quot;0 0 320 512\\&quot; xmlns=\\&quot;http:\\\/\\\/www.w3.org\\\/2000\\\/svg\\&quot;&gt;&lt;path d=\\&quot;M31.3 192h257.3c17.8 0 26.7 21.5 14.1 34.1L174.1 354.8c-7.8 7.8-20.5 7.8-28.3 0L17.2 226.1C4.6 213.5 13.5 192 31.3 192z\\&quot;&gt;&lt;\\\/path&gt;&lt;\\\/svg&gt;&quot;,&quot;library&quot;:&quot;fa-solid&quot;},&quot;toggle&quot;:&quot;burger&quot;}\" data-widget_type=\"nav-menu.default\">\n\t\t\t\t<div class=\"elementor-widget-container\">\n\t\t\t<link rel=\"stylesheet\" href=\"https:\/\/www2.historia.uff.br\/site\/wp-content\/plugins\/elementor-pro\/assets\/css\/widget-nav-menu.min.css\">\t\t\t<nav class=\"elementor-nav-menu--main elementor-nav-menu__container elementor-nav-menu--layout-vertical e--pointer-underline e--animation-fade\">\n\t\t\t\t<ul id=\"menu-1-12e06dc\" class=\"elementor-nav-menu sm-vertical\"><li class=\"menu-item menu-item-type-post_type menu-item-object-page menu-item-1638\"><a href=\"https:\/\/www2.historia.uff.br\/site\/index.php\/elementor-615\/\" class=\"elementor-item\">\u00c1REAS de CONCENTRA\u00c7\u00c3O<\/a><\/li>\n<li class=\"menu-item menu-item-type-post_type menu-item-object-page menu-item-1643\"><a href=\"https:\/\/www2.historia.uff.br\/site\/index.php\/pos-lihas-pesquisa\/\" class=\"elementor-item\">LINHAS de PESQUISA<\/a><\/li>\n<li class=\"menu-item menu-item-type-post_type menu-item-object-page menu-item-1640\"><a href=\"https:\/\/www2.historia.uff.br\/site\/index.php\/elementor-638\/\" class=\"elementor-item\">COMISS\u00d5ES<\/a><\/li>\n<li class=\"menu-item menu-item-type-post_type menu-item-object-page menu-item-1644\"><a href=\"https:\/\/www2.historia.uff.br\/site\/index.php\/pos-regimento\/\" class=\"elementor-item\">REGIMENTO<\/a><\/li>\n<li class=\"menu-item menu-item-type-post_type menu-item-object-page menu-item-1639\"><a href=\"https:\/\/www2.historia.uff.br\/site\/index.php\/elementor-656\/\" class=\"elementor-item\">AUTOAVALIA\u00c7\u00c3O<\/a><\/li>\n<li class=\"menu-item menu-item-type-post_type menu-item-object-page menu-item-1646\"><a href=\"https:\/\/www2.historia.uff.br\/site\/index.php\/pos-internacionalizacao\/\" class=\"elementor-item\">INTERNACIONALIZA\u00c7\u00c3O<\/a><\/li>\n<li class=\"menu-item menu-item-type-post_type menu-item-object-page menu-item-1645\"><a href=\"https:\/\/www2.historia.uff.br\/site\/index.php\/pos-logo\/\" class=\"elementor-item\">LOGO do PPGH<\/a><\/li>\n<li class=\"menu-item menu-item-type-post_type menu-item-object-page menu-item-1637\"><a href=\"https:\/\/www2.historia.uff.br\/site\/index.php\/pos-internacionalizacao-2\/\" class=\"elementor-item\">PR\u00caMIOS<\/a><\/li>\n<li class=\"menu-item menu-item-type-post_type menu-item-object-page menu-item-1642\"><a href=\"https:\/\/www2.historia.uff.br\/site\/index.php\/pos-ex-coords\/\" class=\"elementor-item\">EX-COORDENADORES<\/a><\/li>\n<\/ul>\t\t\t<\/nav>\n\t\t\t\t\t<div class=\"elementor-menu-toggle\" role=\"button\" tabindex=\"0\" aria-label=\"Menu Toggle\" aria-expanded=\"false\">\n\t\t\t<svg aria-hidden=\"true\" role=\"presentation\" class=\"elementor-menu-toggle__icon--open e-font-icon-svg e-eicon-menu-bar\" viewBox=\"0 0 1000 1000\" xmlns=\"http:\/\/www.w3.org\/2000\/svg\"><path d=\"M104 333H896C929 333 958 304 958 271S929 208 896 208H104C71 208 42 237 42 271S71 333 104 333ZM104 583H896C929 583 958 554 958 521S929 458 896 458H104C71 458 42 487 42 521S71 583 104 583ZM104 833H896C929 833 958 804 958 771S929 708 896 708H104C71 708 42 737 42 771S71 833 104 833Z\"><\/path><\/svg><svg aria-hidden=\"true\" role=\"presentation\" class=\"elementor-menu-toggle__icon--close e-font-icon-svg e-eicon-close\" viewBox=\"0 0 1000 1000\" xmlns=\"http:\/\/www.w3.org\/2000\/svg\"><path d=\"M742 167L500 408 258 167C246 154 233 150 217 150 196 150 179 158 167 167 154 179 150 196 150 212 150 229 154 242 171 254L408 500 167 742C138 771 138 800 167 829 196 858 225 858 254 829L496 587 738 829C750 842 767 846 783 846 800 846 817 842 829 829 842 817 846 804 846 783 846 767 842 750 829 737L588 500 833 258C863 229 863 200 833 171 804 137 775 137 742 167Z\"><\/path><\/svg>\t\t\t<span class=\"elementor-screen-only\">Menu<\/span>\n\t\t<\/div>\n\t\t\t\t\t<nav class=\"elementor-nav-menu--dropdown elementor-nav-menu__container\" aria-hidden=\"true\">\n\t\t\t\t<ul id=\"menu-2-12e06dc\" class=\"elementor-nav-menu sm-vertical\"><li class=\"menu-item menu-item-type-post_type menu-item-object-page menu-item-1638\"><a href=\"https:\/\/www2.historia.uff.br\/site\/index.php\/elementor-615\/\" class=\"elementor-item\" tabindex=\"-1\">\u00c1REAS de CONCENTRA\u00c7\u00c3O<\/a><\/li>\n<li class=\"menu-item menu-item-type-post_type menu-item-object-page menu-item-1643\"><a href=\"https:\/\/www2.historia.uff.br\/site\/index.php\/pos-lihas-pesquisa\/\" class=\"elementor-item\" tabindex=\"-1\">LINHAS de PESQUISA<\/a><\/li>\n<li class=\"menu-item menu-item-type-post_type menu-item-object-page menu-item-1640\"><a href=\"https:\/\/www2.historia.uff.br\/site\/index.php\/elementor-638\/\" class=\"elementor-item\" tabindex=\"-1\">COMISS\u00d5ES<\/a><\/li>\n<li class=\"menu-item menu-item-type-post_type menu-item-object-page menu-item-1644\"><a href=\"https:\/\/www2.historia.uff.br\/site\/index.php\/pos-regimento\/\" class=\"elementor-item\" tabindex=\"-1\">REGIMENTO<\/a><\/li>\n<li class=\"menu-item menu-item-type-post_type menu-item-object-page menu-item-1639\"><a href=\"https:\/\/www2.historia.uff.br\/site\/index.php\/elementor-656\/\" class=\"elementor-item\" tabindex=\"-1\">AUTOAVALIA\u00c7\u00c3O<\/a><\/li>\n<li class=\"menu-item menu-item-type-post_type menu-item-object-page menu-item-1646\"><a href=\"https:\/\/www2.historia.uff.br\/site\/index.php\/pos-internacionalizacao\/\" class=\"elementor-item\" tabindex=\"-1\">INTERNACIONALIZA\u00c7\u00c3O<\/a><\/li>\n<li class=\"menu-item menu-item-type-post_type menu-item-object-page menu-item-1645\"><a href=\"https:\/\/www2.historia.uff.br\/site\/index.php\/pos-logo\/\" class=\"elementor-item\" tabindex=\"-1\">LOGO do PPGH<\/a><\/li>\n<li class=\"menu-item menu-item-type-post_type menu-item-object-page menu-item-1637\"><a href=\"https:\/\/www2.historia.uff.br\/site\/index.php\/pos-internacionalizacao-2\/\" class=\"elementor-item\" tabindex=\"-1\">PR\u00caMIOS<\/a><\/li>\n<li class=\"menu-item menu-item-type-post_type menu-item-object-page menu-item-1642\"><a href=\"https:\/\/www2.historia.uff.br\/site\/index.php\/pos-ex-coords\/\" class=\"elementor-item\" tabindex=\"-1\">EX-COORDENADORES<\/a><\/li>\n<\/ul>\t\t\t<\/nav>\n\t\t\t\t<\/div>\n\t\t\t\t<\/div>\n\t\t\t\t<\/div>\n\t\t<div class=\"elementor-element elementor-element-2a34cd3 e-con-full e-flex e-con e-child\" data-id=\"2a34cd3\" data-element_type=\"container\">\n\t\t\t\t<div class=\"elementor-element elementor-element-97788f2 elementor-widget elementor-widget-heading\" data-id=\"97788f2\" data-element_type=\"widget\" data-widget_type=\"heading.default\">\n\t\t\t\t<div class=\"elementor-widget-container\">\n\t\t\t<h3 class=\"elementor-heading-title elementor-size-default\">Internacionaliza\u00e7\u00e3o do PPGH UFF<\/h3>\t\t<\/div>\n\t\t\t\t<\/div>\n\t\t\t\t<div class=\"elementor-element elementor-element-0ad9a73 elementor-widget elementor-widget-text-editor\" data-id=\"0ad9a73\" data-element_type=\"widget\" data-widget_type=\"text-editor.default\">\n\t\t\t\t<div class=\"elementor-widget-container\">\n\t\t\t<style>\/*! elementor - v3.22.0 - 24-06-2024 *\/\n.elementor-widget-text-editor.elementor-drop-cap-view-stacked .elementor-drop-cap{background-color:#69727d;color:#fff}.elementor-widget-text-editor.elementor-drop-cap-view-framed .elementor-drop-cap{color:#69727d;border:3px solid;background-color:transparent}.elementor-widget-text-editor:not(.elementor-drop-cap-view-default) .elementor-drop-cap{margin-top:8px}.elementor-widget-text-editor:not(.elementor-drop-cap-view-default) .elementor-drop-cap-letter{width:1em;height:1em}.elementor-widget-text-editor .elementor-drop-cap{float:left;text-align:center;line-height:1;font-size:50px}.elementor-widget-text-editor .elementor-drop-cap-letter{display:inline-block}<\/style>\t\t\t\t<p><img decoding=\"async\" src=\"https:\/\/www.historia.uff.br\/academico\/static\/ppgh\/images\/internacional_logo_final.svg\" \/><\/p><div class=\"text\"><p>O Programa de P\u00f3s-Gradua\u00e7\u00e3o em Hist\u00f3ria da Universidade Federal Fluminense, logo no in\u00edcio do ano de 2022, abriu mais uma importante frente em sua ampla esfera de internacionaliza\u00e7\u00e3o com a C\u00e1tedra UFF\/UNESCO Desigualdades globais e sociais, abordagens inovadoras: consolida pesquisas a respeitos das m\u00faltiplas desigualdades globais, analisadas em ampla perspectiva temporal e espacial. A C\u00e1tedra, sediada na UFF, tem como parceiros professores das seguintes institui\u00e7\u00f5es:\u00a0 Weatherhead Initiative on Global History (Harvard University); Binghamton University; Emory University; Universit\u00e9 Sorbonne Nouvelle (Institut des Hautes \u00c9tudes de l\u2019Am\u00e9rique Latine); Paris-Saclay University; Instituto de Hist\u00f3ria Contempor\u00e2nea (Universidade Nova de Lisboa); Universidad Nacional de San Mart\u00edn (Argentina); Museu Nacional (UFRJ); Casa de Oswaldo Cruz \u2013 Fiocruz; e Programa de Hist\u00f3ria Social (UFRJ).<\/p><p>O PPGH UFF abriga tr\u00eas Programas CAPES-Print coordenados pelos seguintes Professores (as): Norberto Ferreras, M\u00e1rcia Motta e Ana Mauad.<\/p><p>Em maio de 2019 foi criado o Centro de Ci\u00eancia Social Hist\u00f3rica sobre Desigualdades Globais: Iniciativa dos Professores T\u00e2mis Parron e Leonardo Marques, o espa\u00e7o re\u00fane acad\u00eamicos, gestores de pol\u00edtica p\u00fablica e atores sociais para pensar formas poss\u00edveis de fazer frente \u00e0 pobreza, \u00e0s desigualdades sociais e \u00e0s rela\u00e7\u00f5es injustas de poder na sociedade. O Centro herdou a agenda intelectual, a rede colaborativa internacional e o acervo bibliogr\u00e1fico do Fernand Braudel Center (Binghamton University), al\u00e9m da biblioteca particular do historiador Dale Tomich.<\/p><p>A partir de 2021 o PPGH participa ativamente do MINOR\/UFF Desafios Globais com \u00eanfase em Desigualdades: Proposta inovadora de internacionaliza\u00e7\u00e3o em casa. \u00c9 um curso sequencial transversal, multidisciplinar, cujos objetivos s\u00e3o: a internacionaliza\u00e7\u00e3o do curr\u00edculo dos diversos cursos da universidade, a oferta de disciplinas ministradas em l\u00edngua estrangeira (ingl\u00eas, franc\u00eas ou espanhol), al\u00e9m da oferta de disciplinas colaborativas com parceiros internacionais. O PPGH participa com oferta de disciplinas semestrais.<\/p><p>INCT\/ Instituto Nacional de Ci\u00eancia e Tecnologia (CNPq): Hist\u00f3ria Social das Propriedades e Direitos de Acesso\/ Rede Proprietas: Coordenado pela Professora M\u00e1rcia Motta, o Instituto \u00e9 uma proposta de estudo sobre a propriedade enquanto institui\u00e7\u00e3o social em suas distintas dimens\u00f5es, com \u00eanfase para seus efeitos sobre a produ\u00e7\u00e3o e o acesso a bens patrimoniais e culturais.<\/p><p>Programa de Doutorado Internacional em Patrim\u00f4nio de Influ\u00eancia Portuguesa (DIPIP): O PPGH\/UFF participa, desde 2013, do Programa, no qual tamb\u00e9m colaboram o PPGAU e o POSLIT, ambos da UFF. Com sede na Universidade de Coimbra, o programa conta ainda com parcerias da Universidades Alma Mater Studiorum (Universit\u00e0 di Bologna) e Universidade do Algarve, entre outras.<\/p><p>O PRONEX (FAPERJ) Pr\u00e1ticas da Justi\u00e7a e desigualdades sociorraciais no mundo ib\u00e9rico (s\u00e9culos XVI-XVIII), coordenado pelo Professor Ronaldo Vainfas, consolida as rela\u00e7\u00f5es de colabora\u00e7\u00e3o internacionais com os tradicionais parceiros do laborat\u00f3rio de Hist\u00f3ria Moderna: Companhia das \u00cdndias.<\/p><p>Nos \u00faltimos dez anos, o PPGH UFF abrigou tr\u00eas Programas CAPES-Cofecub, liderados pelos (as) Professores (as): V\u00e2nia Fr\u00f3es, Daniel Aar\u00e3o Reis e Denise Rollemberg.<\/p><p>Em todos os seis Setores Tem\u00e1ticos do PPGH UFF h\u00e1 Docentes Permanentes inseridos em redes de pesquisas internacionais.\u00a0<a href=\"https:\/\/www.historia.uff.br\/academico\/pt-br\/o-ppgh\/internacional\/profs\/\">Atualmente, 80,7% dos Professores participam de projetos coletivos e\/ou individuais internacionais.<\/a><\/p><p>Os alunos, tanto de Mestrado quanto de Doutorado, est\u00e3o tamb\u00e9m inseridos nas redes internacionais de pesquisa, por interm\u00e9dio dos laborat\u00f3rios do PPGH UFF. Entre 2017-2020 vinte e seis alunos do PPGH realizaram miss\u00f5es de pesquisa no exterior, por meio de bolsas PDSE, CAPES PRINT, recursos pr\u00f3prios e dezessete atrav\u00e9s de Editais Chave Print PROEX\/PPGH. Al\u00e9m de nove doutorandos usufru\u00edram bolsas de institui\u00e7\u00f5es estrangeiras para viabilizar miss\u00f5es de pesquisas em centros de excel\u00eancia na Europa e nos. Durante o quadri\u00eanio ocorreram, no PPGH UFF, quatro pesquisas de Doutorado cotutela e tr\u00eas de doutorado reverso.<\/p><p>Destaca-se tamb\u00e9m a participa\u00e7\u00e3o do PPGH UFF no Programa de Alian\u00e7as para a Educa\u00e7\u00e3o e a Capacita\u00e7\u00e3o \u2013 PAEC OEA\/GCUB (Organiza\u00e7\u00e3o dos Estados Americanos\\ e o Grupo Coimbra de Universidades Brasileiras) com o apoio da Divis\u00e3o de Temas Educacionais do Minist\u00e9rio das Rela\u00e7\u00f5es Exteriores do Brasil). O PPGH recebeu a \u00fanica cota de Doutorado do Programa OEA\/UFF em 2018.<\/p><p>Esse breve e sint\u00e9tico panorama, a respeito da internacionaliza\u00e7\u00e3o do PPGH UFF, demonstra a voca\u00e7\u00e3o dos docentes e discentes em participar ativamente de redes din\u00e2micas de pesquisa, conectadas com centros de excel\u00eancia e universidades dispersos na Europa, \u00c1frica e Am\u00e9rica.<\/p><\/div>\t\t\t\t\t\t<\/div>\n\t\t\t\t<\/div>\n\t\t\t\t<\/div>\n\t\t\t\t\t<\/div>\n\t\t\t\t<\/div>\n\t\t\t\t\t<\/div>\n\t\t\t\t<\/div>\n\t\t\t\t<\/div>\n\t\t","protected":false},"excerpt":{"rendered":"<p>Programa de P\u00f3s-Gradua\u00e7\u00e3o em Hist\u00f3ria Internacionaliza\u00e7\u00e3o do PPGH UFF O Programa de P\u00f3s-Gradua\u00e7\u00e3o em Hist\u00f3ria da Universidade Federal Fluminense, logo no in\u00edcio do ano de 2022, abriu mais uma importante frente em sua ampla esfera de internacionaliza\u00e7\u00e3o com a C\u00e1tedra UFF\/UNESCO Desigualdades globais e sociais, abordagens inovadoras: consolida pesquisas a respeitos das m\u00faltiplas desigualdades globais, [&hellip;]<\/p>\n","protected":false},"author":4,"featured_media":0,"parent":0,"menu_order":0,"comment_status":"closed","ping_status":"closed","template":"","meta":{"footnotes":""},"categories":[24],"tags":[],"folder":[10],"_links":{"self":[{"href":"https:\/\/www2.historia.uff.br\/site\/index.php\/wp-json\/wp\/v2\/pages\/2224"}],"collection":[{"href":"https:\/\/www2.historia.uff.br\/site\/index.php\/wp-json\/wp\/v2\/pages"}],"about":[{"href":"https:\/\/www2.historia.uff.br\/site\/index.php\/wp-json\/wp\/v2\/types\/page"}],"author":[{"embeddable":true,"href":"https:\/\/www2.historia.uff.br\/site\/index.php\/wp-json\/wp\/v2\/users\/4"}],"replies":[{"embeddable":true,"href":"https:\/\/www2.historia.uff.br\/site\/index.php\/wp-json\/wp\/v2\/comments?post=2224"}],"version-history":[{"count":3,"href":"https:\/\/www2.historia.uff.br\/site\/index.php\/wp-json\/wp\/v2\/pages\/2224\/revisions"}],"predecessor-version":[{"id":2227,"href":"https:\/\/www2.historia.uff.br\/site\/index.php\/wp-json\/wp\/v2\/pages\/2224\/revisions\/2227"}],"wp:attachment":[{"href":"https:\/\/www2.historia.uff.br\/site\/index.php\/wp-json\/wp\/v2\/media?parent=2224"}],"wp:term":[{"taxonomy":"category","embeddable":true,"href":"https:\/\/www2.historia.uff.br\/site\/index.php\/wp-json\/wp\/v2\/categories?post=2224"},{"taxonomy":"post_tag","embeddable":true,"href":"https:\/\/www2.historia.uff.br\/site\/index.php\/wp-json\/wp\/v2\/tags?post=2224"},{"taxonomy":"folder","embeddable":true,"href":"https:\/\/www2.historia.uff.br\/site\/index.php\/wp-json\/wp\/v2\/folder?post=2224"}],"curies":[{"name":"wp","href":"https:\/\/api.w.org\/{rel}","templated":true}]}}