{"id":2270,"date":"2024-09-10T20:14:31","date_gmt":"2024-09-10T23:14:31","guid":{"rendered":"https:\/\/base.pro.br\/iht\/?page_id=2270"},"modified":"2025-05-09T14:45:57","modified_gmt":"2025-05-09T17:45:57","slug":"en-pos-md-normas-regulamentos","status":"publish","type":"page","link":"https:\/\/www2.historia.uff.br\/site\/index.php\/en-pos-md-normas-regulamentos\/","title":{"rendered":"EN-POS-MD-NORMAS-REGULAMENTOS"},"content":{"rendered":"\t\t<div data-elementor-type=\"wp-page\" data-elementor-id=\"2270\" class=\"elementor elementor-2270\" data-elementor-post-type=\"page\">\n\t\t\t\t<div class=\"elementor-element elementor-element-7158819 e-flex e-con-boxed e-con e-parent\" data-id=\"7158819\" data-element_type=\"container\" data-settings=\"{&quot;background_background&quot;:&quot;classic&quot;}\">\n\t\t\t\t\t<div class=\"e-con-inner\">\n\t\t\t\t<div class=\"elementor-element elementor-element-de29de9 elementor-widget elementor-widget-heading\" data-id=\"de29de9\" data-element_type=\"widget\" data-widget_type=\"heading.default\">\n\t\t\t\t<div class=\"elementor-widget-container\">\n\t\t\t<style>\/*! elementor - v3.22.0 - 24-06-2024 *\/\n.elementor-heading-title{padding:0;margin:0;line-height:1}.elementor-widget-heading .elementor-heading-title[class*=elementor-size-]>a{color:inherit;font-size:inherit;line-height:inherit}.elementor-widget-heading .elementor-heading-title.elementor-size-small{font-size:15px}.elementor-widget-heading .elementor-heading-title.elementor-size-medium{font-size:19px}.elementor-widget-heading .elementor-heading-title.elementor-size-large{font-size:29px}.elementor-widget-heading .elementor-heading-title.elementor-size-xl{font-size:39px}.elementor-widget-heading .elementor-heading-title.elementor-size-xxl{font-size:59px}<\/style><h5 class=\"elementor-heading-title elementor-size-default\">Mestrado e Doutorado<\/h5>\t\t<\/div>\n\t\t\t\t<\/div>\n\t\t\t\t\t<\/div>\n\t\t\t\t<\/div>\n\t\t<div class=\"elementor-element elementor-element-c3b842e e-flex e-con-boxed e-con e-parent\" data-id=\"c3b842e\" data-element_type=\"container\" data-settings=\"{&quot;background_background&quot;:&quot;classic&quot;}\">\n\t\t\t\t\t<div class=\"e-con-inner\">\n\t\t<div class=\"elementor-element elementor-element-32ee5ab e-con-full e-flex e-con e-child\" data-id=\"32ee5ab\" data-element_type=\"container\">\n\t\t\t\t<div class=\"elementor-element elementor-element-0ce5c59 elementor-nav-menu--dropdown-tablet elementor-nav-menu__text-align-aside elementor-nav-menu--toggle elementor-nav-menu--burger elementor-widget elementor-widget-nav-menu\" data-id=\"0ce5c59\" data-element_type=\"widget\" data-settings=\"{&quot;layout&quot;:&quot;vertical&quot;,&quot;submenu_icon&quot;:{&quot;value&quot;:&quot;&lt;svg class=\\&quot;e-font-icon-svg e-fas-caret-down\\&quot; viewBox=\\&quot;0 0 320 512\\&quot; xmlns=\\&quot;http:\\\/\\\/www.w3.org\\\/2000\\\/svg\\&quot;&gt;&lt;path d=\\&quot;M31.3 192h257.3c17.8 0 26.7 21.5 14.1 34.1L174.1 354.8c-7.8 7.8-20.5 7.8-28.3 0L17.2 226.1C4.6 213.5 13.5 192 31.3 192z\\&quot;&gt;&lt;\\\/path&gt;&lt;\\\/svg&gt;&quot;,&quot;library&quot;:&quot;fa-solid&quot;},&quot;toggle&quot;:&quot;burger&quot;}\" data-widget_type=\"nav-menu.default\">\n\t\t\t\t<div class=\"elementor-widget-container\">\n\t\t\t<link rel=\"stylesheet\" href=\"https:\/\/www2.historia.uff.br\/site\/wp-content\/plugins\/elementor-pro\/assets\/css\/widget-nav-menu.min.css\">\t\t\t<nav class=\"elementor-nav-menu--main elementor-nav-menu__container elementor-nav-menu--layout-vertical e--pointer-underline e--animation-fade\">\n\t\t\t\t<ul id=\"menu-1-0ce5c59\" class=\"elementor-nav-menu sm-vertical\"><li class=\"menu-item menu-item-type-post_type menu-item-object-page menu-item-1599\"><a href=\"https:\/\/www2.historia.uff.br\/site\/index.php\/pos-md-objetivos\/\" class=\"elementor-item\">Objetivos<\/a><\/li>\n<li class=\"menu-item menu-item-type-post_type menu-item-object-page menu-item-1597\"><a href=\"https:\/\/www2.historia.uff.br\/site\/index.php\/pos-md-grade-doutorado\/\" class=\"elementor-item\">Grade: Doutorado<\/a><\/li>\n<li class=\"menu-item menu-item-type-post_type menu-item-object-page menu-item-1598\"><a href=\"https:\/\/www2.historia.uff.br\/site\/index.php\/pos-md-grede-mestrado\/\" class=\"elementor-item\">Grade: Mestrado<\/a><\/li>\n<li class=\"menu-item menu-item-type-post_type menu-item-object-page menu-item-1595\"><a href=\"https:\/\/www2.historia.uff.br\/site\/index.php\/pos-md-calendario\/\" class=\"elementor-item\">Calend\u00e1rio<\/a><\/li>\n<li class=\"menu-item menu-item-type-post_type menu-item-object-page menu-item-1596\"><a href=\"https:\/\/www2.historia.uff.br\/site\/index.php\/pos-md-grede-doutorado\/\" class=\"elementor-item\">CURSOS por SEMESTRE<\/a><\/li>\n<li class=\"menu-item menu-item-type-post_type menu-item-object-page menu-item-1592\"><a href=\"https:\/\/www2.historia.uff.br\/site\/index.php\/pos-md-objetivos-2\/\" class=\"elementor-item\">BOLSAS<\/a><\/li>\n<li class=\"menu-item menu-item-type-post_type menu-item-object-page menu-item-1591\"><a href=\"https:\/\/www2.historia.uff.br\/site\/index.php\/pos-md-cursos-semestre\/\" class=\"elementor-item\">ALUNOS PPGH<\/a><\/li>\n<\/ul>\t\t\t<\/nav>\n\t\t\t\t\t<div class=\"elementor-menu-toggle\" role=\"button\" tabindex=\"0\" aria-label=\"Menu Toggle\" aria-expanded=\"false\">\n\t\t\t<svg aria-hidden=\"true\" role=\"presentation\" class=\"elementor-menu-toggle__icon--open e-font-icon-svg e-eicon-menu-bar\" viewBox=\"0 0 1000 1000\" xmlns=\"http:\/\/www.w3.org\/2000\/svg\"><path d=\"M104 333H896C929 333 958 304 958 271S929 208 896 208H104C71 208 42 237 42 271S71 333 104 333ZM104 583H896C929 583 958 554 958 521S929 458 896 458H104C71 458 42 487 42 521S71 583 104 583ZM104 833H896C929 833 958 804 958 771S929 708 896 708H104C71 708 42 737 42 771S71 833 104 833Z\"><\/path><\/svg><svg aria-hidden=\"true\" role=\"presentation\" class=\"elementor-menu-toggle__icon--close e-font-icon-svg e-eicon-close\" viewBox=\"0 0 1000 1000\" xmlns=\"http:\/\/www.w3.org\/2000\/svg\"><path d=\"M742 167L500 408 258 167C246 154 233 150 217 150 196 150 179 158 167 167 154 179 150 196 150 212 150 229 154 242 171 254L408 500 167 742C138 771 138 800 167 829 196 858 225 858 254 829L496 587 738 829C750 842 767 846 783 846 800 846 817 842 829 829 842 817 846 804 846 783 846 767 842 750 829 737L588 500 833 258C863 229 863 200 833 171 804 137 775 137 742 167Z\"><\/path><\/svg>\t\t\t<span class=\"elementor-screen-only\">Menu<\/span>\n\t\t<\/div>\n\t\t\t\t\t<nav class=\"elementor-nav-menu--dropdown elementor-nav-menu__container\" aria-hidden=\"true\">\n\t\t\t\t<ul id=\"menu-2-0ce5c59\" class=\"elementor-nav-menu sm-vertical\"><li class=\"menu-item menu-item-type-post_type menu-item-object-page menu-item-1599\"><a href=\"https:\/\/www2.historia.uff.br\/site\/index.php\/pos-md-objetivos\/\" class=\"elementor-item\" tabindex=\"-1\">Objetivos<\/a><\/li>\n<li class=\"menu-item menu-item-type-post_type menu-item-object-page menu-item-1597\"><a href=\"https:\/\/www2.historia.uff.br\/site\/index.php\/pos-md-grade-doutorado\/\" class=\"elementor-item\" tabindex=\"-1\">Grade: Doutorado<\/a><\/li>\n<li class=\"menu-item menu-item-type-post_type menu-item-object-page menu-item-1598\"><a href=\"https:\/\/www2.historia.uff.br\/site\/index.php\/pos-md-grede-mestrado\/\" class=\"elementor-item\" tabindex=\"-1\">Grade: Mestrado<\/a><\/li>\n<li class=\"menu-item menu-item-type-post_type menu-item-object-page menu-item-1595\"><a href=\"https:\/\/www2.historia.uff.br\/site\/index.php\/pos-md-calendario\/\" class=\"elementor-item\" tabindex=\"-1\">Calend\u00e1rio<\/a><\/li>\n<li class=\"menu-item menu-item-type-post_type menu-item-object-page menu-item-1596\"><a href=\"https:\/\/www2.historia.uff.br\/site\/index.php\/pos-md-grede-doutorado\/\" class=\"elementor-item\" tabindex=\"-1\">CURSOS por SEMESTRE<\/a><\/li>\n<li class=\"menu-item menu-item-type-post_type menu-item-object-page menu-item-1592\"><a href=\"https:\/\/www2.historia.uff.br\/site\/index.php\/pos-md-objetivos-2\/\" class=\"elementor-item\" tabindex=\"-1\">BOLSAS<\/a><\/li>\n<li class=\"menu-item menu-item-type-post_type menu-item-object-page menu-item-1591\"><a href=\"https:\/\/www2.historia.uff.br\/site\/index.php\/pos-md-cursos-semestre\/\" class=\"elementor-item\" tabindex=\"-1\">ALUNOS PPGH<\/a><\/li>\n<\/ul>\t\t\t<\/nav>\n\t\t\t\t<\/div>\n\t\t\t\t<\/div>\n\t\t\t\t<\/div>\n\t\t<div class=\"elementor-element elementor-element-e423482 e-con-full e-flex e-con e-child\" data-id=\"e423482\" data-element_type=\"container\">\n\t\t\t\t<div class=\"elementor-element elementor-element-b755d9b elementor-widget elementor-widget-heading\" data-id=\"b755d9b\" data-element_type=\"widget\" data-widget_type=\"heading.default\">\n\t\t\t\t<div class=\"elementor-widget-container\">\n\t\t\t<h5 class=\"elementor-heading-title elementor-size-default\">Normas e Regulamentos<\/h5>\t\t<\/div>\n\t\t\t\t<\/div>\n\t\t\t\t<div class=\"elementor-element elementor-element-d678bee elementor-widget elementor-widget-accordion\" data-id=\"d678bee\" data-element_type=\"widget\" data-widget_type=\"accordion.default\">\n\t\t\t\t<div class=\"elementor-widget-container\">\n\t\t\t<style>\/*! elementor - v3.22.0 - 24-06-2024 *\/\n.elementor-accordion{text-align:start}.elementor-accordion .elementor-accordion-item{border:1px solid #d5d8dc}.elementor-accordion .elementor-accordion-item+.elementor-accordion-item{border-top:none}.elementor-accordion .elementor-tab-title{margin:0;padding:15px 20px;font-weight:700;line-height:1;cursor:pointer;outline:none}.elementor-accordion .elementor-tab-title .elementor-accordion-icon{display:inline-block;width:1.5em}.elementor-accordion .elementor-tab-title .elementor-accordion-icon svg{width:1em;height:1em}.elementor-accordion .elementor-tab-title .elementor-accordion-icon.elementor-accordion-icon-right{float:right;text-align:right}.elementor-accordion .elementor-tab-title .elementor-accordion-icon.elementor-accordion-icon-left{float:left;text-align:left}.elementor-accordion .elementor-tab-title .elementor-accordion-icon .elementor-accordion-icon-closed{display:block}.elementor-accordion .elementor-tab-title .elementor-accordion-icon .elementor-accordion-icon-opened,.elementor-accordion .elementor-tab-title.elementor-active .elementor-accordion-icon-closed{display:none}.elementor-accordion .elementor-tab-title.elementor-active .elementor-accordion-icon-opened{display:block}.elementor-accordion .elementor-tab-content{display:none;padding:15px 20px;border-top:1px solid #d5d8dc}@media (max-width:767px){.elementor-accordion .elementor-tab-title{padding:12px 15px}.elementor-accordion .elementor-tab-title .elementor-accordion-icon{width:1.2em}.elementor-accordion .elementor-tab-content{padding:7px 15px}}.e-con-inner>.elementor-widget-accordion,.e-con>.elementor-widget-accordion{width:var(--container-widget-width);--flex-grow:var(--container-widget-flex-grow)}<\/style>\t\t<div class=\"elementor-accordion\">\n\t\t\t\t\t\t\t<div class=\"elementor-accordion-item\">\n\t\t\t\t\t<div id=\"elementor-tab-title-2241\" class=\"elementor-tab-title\" data-tab=\"1\" role=\"button\" aria-controls=\"elementor-tab-content-2241\" aria-expanded=\"false\">\n\t\t\t\t\t\t\t\t\t\t\t\t\t<span class=\"elementor-accordion-icon elementor-accordion-icon-left\" aria-hidden=\"true\">\n\t\t\t\t\t\t\t\t\t\t\t\t\t\t\t<span class=\"elementor-accordion-icon-closed\"><svg class=\"e-font-icon-svg e-fas-plus\" viewBox=\"0 0 448 512\" xmlns=\"http:\/\/www.w3.org\/2000\/svg\"><path d=\"M416 208H272V64c0-17.67-14.33-32-32-32h-32c-17.67 0-32 14.33-32 32v144H32c-17.67 0-32 14.33-32 32v32c0 17.67 14.33 32 32 32h144v144c0 17.67 14.33 32 32 32h32c17.67 0 32-14.33 32-32V304h144c17.67 0 32-14.33 32-32v-32c0-17.67-14.33-32-32-32z\"><\/path><\/svg><\/span>\n\t\t\t\t\t\t\t\t<span class=\"elementor-accordion-icon-opened\"><svg class=\"e-font-icon-svg e-fas-minus\" viewBox=\"0 0 448 512\" xmlns=\"http:\/\/www.w3.org\/2000\/svg\"><path d=\"M416 208H32c-17.67 0-32 14.33-32 32v32c0 17.67 14.33 32 32 32h384c17.67 0 32-14.33 32-32v-32c0-17.67-14.33-32-32-32z\"><\/path><\/svg><\/span>\n\t\t\t\t\t\t\t\t\t\t\t\t\t\t<\/span>\n\t\t\t\t\t\t\t\t\t\t\t\t<a class=\"elementor-accordion-title\" tabindex=\"0\">MANUAL DO BOLSISTA<\/a>\n\t\t\t\t\t<\/div>\n\t\t\t\t\t<div id=\"elementor-tab-content-2241\" class=\"elementor-tab-content elementor-clearfix\" data-tab=\"1\" role=\"region\" aria-labelledby=\"elementor-tab-title-2241\"><p><a href=\"https:\/\/www.historia.uff.br\/academico\/media\/manuals\/RESOLU%C3%87%C3%83O_EST%C3%81GIO_DOC%C3%8ANCIA_REVISADA_2023.pdf\"><strong>Resolu\u00e7\u00e3o 2023<\/strong><\/a><\/p><div>Resolu\u00e7\u00e3o Est\u00e1gio Doc\u00eancia Revisada 2023<br \/>inserido em 3 de Junho de 2023<div><a href=\"https:\/\/www.historia.uff.br\/academico\/media\/manuals\/2019-resolu%C3%A7%C3%A3o_do_est%C3%A1gio_doc%C3%AAncia_lKQZJCf.pdf\"><strong>Resolu\u00e7\u00e3o 2019<\/strong><\/a><div>Resolu\u00e7\u00e3o do est\u00e1gio doc\u00eancia<br \/>inserido em 6 de Junho de 2019<div><a href=\"https:\/\/www.historia.uff.br\/academico\/media\/manuals\/2016_manual_bolsista.pdf\"><strong>Vers\u00e3o 2016<\/strong><\/a><div>Aprovado em Reuni\u00e3o de Colegiado em 14\/12\/2016<br \/>inserido em 14 de Dezembro de 2016<div><a href=\"https:\/\/www.historia.uff.br\/academico\/media\/Manuals\/2015_manual_bolsista.pdf\"><strong>Vers\u00e3o 2015<\/strong><\/a><div>Aprovado em Reuni\u00e3o de Colegiado em 10\/06\/2015<br \/>inserido em 10 de Junho de 2015<div><a href=\"https:\/\/www.historia.uff.br\/academico\/media\/manuals\/2011_Manual_Bolsistas.pdf\"><strong>Vers\u00e3o 2011<\/strong><\/a><div>inserido em 5 de Mar\u00e7o de 2012<div><a href=\"https:\/\/www.historia.uff.br\/academico\/media\/manuals\/2010_ManualBolsas.pdf\"><strong>Vers\u00e3o 2010b<\/strong><\/a><div>inserido em 19 de Agosto de 2010<div><a href=\"https:\/\/www.historia.uff.br\/academico\/media\/manuals\/2010-03_ManualBolsas.pdf\"><strong>Vers\u00e3o 2010a<\/strong><\/a><div>inserido em 10 de Mar\u00e7o de 2010<div><a href=\"https:\/\/www.historia.uff.br\/academico\/media\/manuals\/2009_resolucaodeBolsas.pdf\"><strong>Vers\u00e3o 2009<\/strong><\/a><div>inserido em 5 de Mar\u00e7o de 2009<\/div><\/div><\/div><\/div><\/div><\/div><\/div><\/div><\/div><\/div><\/div><\/div><\/div><\/div><\/div><\/div>\n\t\t\t\t<\/div>\n\t\t\t\t\t\t\t<div class=\"elementor-accordion-item\">\n\t\t\t\t\t<div id=\"elementor-tab-title-2242\" class=\"elementor-tab-title\" data-tab=\"2\" role=\"button\" aria-controls=\"elementor-tab-content-2242\" aria-expanded=\"false\">\n\t\t\t\t\t\t\t\t\t\t\t\t\t<span class=\"elementor-accordion-icon elementor-accordion-icon-left\" aria-hidden=\"true\">\n\t\t\t\t\t\t\t\t\t\t\t\t\t\t\t<span class=\"elementor-accordion-icon-closed\"><svg class=\"e-font-icon-svg e-fas-plus\" viewBox=\"0 0 448 512\" xmlns=\"http:\/\/www.w3.org\/2000\/svg\"><path d=\"M416 208H272V64c0-17.67-14.33-32-32-32h-32c-17.67 0-32 14.33-32 32v144H32c-17.67 0-32 14.33-32 32v32c0 17.67 14.33 32 32 32h144v144c0 17.67 14.33 32 32 32h32c17.67 0 32-14.33 32-32V304h144c17.67 0 32-14.33 32-32v-32c0-17.67-14.33-32-32-32z\"><\/path><\/svg><\/span>\n\t\t\t\t\t\t\t\t<span class=\"elementor-accordion-icon-opened\"><svg class=\"e-font-icon-svg e-fas-minus\" viewBox=\"0 0 448 512\" xmlns=\"http:\/\/www.w3.org\/2000\/svg\"><path d=\"M416 208H32c-17.67 0-32 14.33-32 32v32c0 17.67 14.33 32 32 32h384c17.67 0 32-14.33 32-32v-32c0-17.67-14.33-32-32-32z\"><\/path><\/svg><\/span>\n\t\t\t\t\t\t\t\t\t\t\t\t\t\t<\/span>\n\t\t\t\t\t\t\t\t\t\t\t\t<a class=\"elementor-accordion-title\" tabindex=\"0\">MANUAL DO P\u00d3S-GRADUADO<\/a>\n\t\t\t\t\t<\/div>\n\t\t\t\t\t<div id=\"elementor-tab-content-2242\" class=\"elementor-tab-content elementor-clearfix\" data-tab=\"2\" role=\"region\" aria-labelledby=\"elementor-tab-title-2242\"><h5 class=\"pagetitle\">Manual do P\u00f3s Graduando<\/h5><div class=\"text\"><p>O manual do P\u00f3s-Graduando \u00e9 uma publica\u00e7\u00e3o anual do Programa de P\u00f3s-Gradua\u00e7\u00e3o na qual procura-se reunir o maior n\u00famero poss\u00edvel de informa\u00e7\u00f5es \u00fateis para a vida acad\u00eamica de todos os discentes.<\/p><p>A cada ano procura-se de acordo com as d\u00favidas apresentadas no ano anterior, melhorar o texto para uma compreens\u00e3o mais r\u00e1pida e adequada das regras que envolvem cada momento da vida do aluno durante seu curso.<\/p><\/div><div><p><a href=\"https:\/\/www.historia.uff.br\/academico\/media\/manuals-pos\/Manual_Vers%C3%A3o_2018.pdf\"><strong>Manual do P\u00f3s-Graduando 2018<\/strong><\/a><\/p><div><p>Manual do P\u00f3s-Graduando 2018<br \/>inserido em 26 de Setembro de 2018 atualizado em None<\/p><div><p><a href=\"https:\/\/www.historia.uff.br\/academico\/media\/manuals-pos\/2014_manual_posgranduando.pdf\"><strong>Manual 2014<\/strong><\/a><\/p><div><p>inserido em 7 de Outubro de 2014<\/p><div><p><a href=\"https:\/\/www.historia.uff.br\/academico\/media\/manuals-pos\/2009_manual.pdf\"><strong>Manual 2009<\/strong><\/a><\/p><div><p>inserido em 5 de Mar\u00e7o de 2009<\/p><div><p><a href=\"https:\/\/www.historia.uff.br\/academico\/media\/manuals-pos\/manual_2008.pdf\"><strong>Manual 2008<\/strong><\/a><\/p><div><p>inserido em 10 de Mar\u00e7o de 2008<\/p><div><p><a href=\"https:\/\/www.historia.uff.br\/academico\/media\/manuals-pos\/manual_2007.pdf\"><strong>Manual 2007<\/strong><\/a><\/p><div><p>inserido em 8 de Mar\u00e7o de 2007<\/p><div><p><a href=\"https:\/\/www.historia.uff.br\/academico\/media\/manuals-pos\/manualdospos-graduandos_2006.pdf\"><strong>Manual 2006<\/strong><\/a><\/p><div><p>inserido em 9 de Mar\u00e7o de 2006<\/p><div>\u00a0<\/div><div class=\"text\"><h5>Regimentos<\/h5><\/div><div><p><a href=\"https:\/\/www.historia.uff.br\/academico\/media\/manuals-pos\/2013_regimento-BSabril_043.pdf\"><strong>Regimento Interno em vigor<\/strong><\/a><\/p><div><p>inserido em 20 de Fevereiro de 2013<\/p><div><p><a href=\"https:\/\/www.historia.uff.br\/academico\/media\/manuals-pos\/2006_regimento-BSmaio.pdf\"><strong>Regimento Interno [antigo]<\/strong><\/a><\/p><div>inserido em 26 de Abril de 2006<\/div><\/div><\/div><\/div><\/div><\/div><\/div><\/div><\/div><\/div><\/div><\/div><\/div><\/div><\/div><\/div><\/div>\n\t\t\t\t<\/div>\n\t\t\t\t\t\t\t<div class=\"elementor-accordion-item\">\n\t\t\t\t\t<div id=\"elementor-tab-title-2243\" class=\"elementor-tab-title\" data-tab=\"3\" role=\"button\" aria-controls=\"elementor-tab-content-2243\" aria-expanded=\"false\">\n\t\t\t\t\t\t\t\t\t\t\t\t\t<span class=\"elementor-accordion-icon elementor-accordion-icon-left\" aria-hidden=\"true\">\n\t\t\t\t\t\t\t\t\t\t\t\t\t\t\t<span class=\"elementor-accordion-icon-closed\"><svg class=\"e-font-icon-svg e-fas-plus\" viewBox=\"0 0 448 512\" xmlns=\"http:\/\/www.w3.org\/2000\/svg\"><path d=\"M416 208H272V64c0-17.67-14.33-32-32-32h-32c-17.67 0-32 14.33-32 32v144H32c-17.67 0-32 14.33-32 32v32c0 17.67 14.33 32 32 32h144v144c0 17.67 14.33 32 32 32h32c17.67 0 32-14.33 32-32V304h144c17.67 0 32-14.33 32-32v-32c0-17.67-14.33-32-32-32z\"><\/path><\/svg><\/span>\n\t\t\t\t\t\t\t\t<span class=\"elementor-accordion-icon-opened\"><svg class=\"e-font-icon-svg e-fas-minus\" viewBox=\"0 0 448 512\" xmlns=\"http:\/\/www.w3.org\/2000\/svg\"><path d=\"M416 208H32c-17.67 0-32 14.33-32 32v32c0 17.67 14.33 32 32 32h384c17.67 0 32-14.33 32-32v-32c0-17.67-14.33-32-32-32z\"><\/path><\/svg><\/span>\n\t\t\t\t\t\t\t\t\t\t\t\t\t\t<\/span>\n\t\t\t\t\t\t\t\t\t\t\t\t<a class=\"elementor-accordion-title\" tabindex=\"0\">FORMUL\u00c1RIOS<\/a>\n\t\t\t\t\t<\/div>\n\t\t\t\t\t<div id=\"elementor-tab-content-2243\" class=\"elementor-tab-content elementor-clearfix\" data-tab=\"3\" role=\"region\" aria-labelledby=\"elementor-tab-title-2243\"><h5 class=\"pagetitle\">Formul\u00e1rios<\/h5><div><a href=\"https:\/\/www.historia.uff.br\/academico\/media\/formularios\/CPA-EncaminhamentoDefesas_2008_av5FOdV.doc\"><strong>Formul\u00e1rio de Encaminhamento de defesa &#8211; vers\u00e3o 2008<\/strong><\/a><div>Para maiores detalhes verifique o procedimento Defesas. O formul\u00e1rio deve ser completamente preenchido e ser entregue junto com o material solicitado para cada tipo de defesa. Aten\u00e7\u00e3o, a simples entrega do material n\u00e3o significa que a defesa esteja marcada, o material deve ser submetido a comiss\u00e3o de Planejamento Acad\u00eamico, ou em casos de urg\u00eancia a coordena\u00e7\u00e3o do curso para aprova\u00e7\u00e3o da defesa. Quanto ao preenchimento do formul\u00e1rio atente que embora possa ser preenchido tanto pelo aluno como pelo orientador, as justificativas da banca devem obrigatoriamente serem feitas pelo orientador.<br \/><br \/><div><a href=\"https:\/\/www.historia.uff.br\/academico\/media\/formularios\/Form_Disciplina_v02.zip\"><strong>Formul\u00e1rio de oferecimento de cursos<\/strong><\/a><div>Formul\u00e1rio de uso exclusivo de professores. Deve ser encaminhado dentro dos prazos estipulados por todos os professores que v\u00e3o dar cursos no semestre. Deve ser preenchido em computador e entregue em arquivo (em disquetes ou via e-mail) na secretaria.<br \/><br \/><div><a href=\"https:\/\/www.historia.uff.br\/academico\/media\/formularios\/CPA-CredenciamentoDeProfessores.zip\"><strong>Formul\u00e1rio de Credenciamento de Professores<\/strong><\/a><div>Formul\u00e1rio para ser utilizado no momento de credenciamento de professores para dar cursos, participar de bancas e tamb\u00e9m para credenciamento pleno, ou de visitantes etc. No caso de professores que ir\u00e3o participar de bancas de defesa, este formul\u00e1rio dever\u00e1 ser encaminhado (preenchido) junto com o formul\u00e1rio de encaminhamento de defesas. Todos os documentos solicitados (c\u00f3pias de identidade(ou passaporte) cpf, diploma e curr\u00edculo atualizado s\u00e3o obrigat\u00f3rios para todos os tipos de credenciamento.<br \/><br \/><div><a href=\"https:\/\/www.historia.uff.br\/academico\/media\/formularios\/NovoReg_Termo.doc\"><strong>Termo de Aceite do Novo Regimento<\/strong><\/a><div>Deve ser preenchido por todos os alunos atuais (ativos em 2006) para ajuste do novo regimento.<br \/><br \/><div><a href=\"https:\/\/www.historia.uff.br\/academico\/media\/formularios\/Form_recibo_defesa.doc\"><strong>Recibo de Entrega de materiais de Defesa<\/strong><\/a><div>A partir de 2008, os alunos ao entregarem seus materiais de qualifica\u00e7\u00e3o e defesa devem encaminh\u00e1-lo juntamente com duas c\u00f3pias deste recibo.<br \/><br \/><div><a href=\"https:\/\/www.historia.uff.br\/academico\/media\/formularios\/Form_biblioteca-pos_nadaconsta.doc\"><strong>Formul\u00e1rio de nada consta da bibioteca da p\u00f3s-gradua\u00e7\u00e3o.<\/strong><\/a><div>O aluno deve encaminhar este formul\u00e1rio depois de preenchido \u00e0 Biblioteca da P\u00f3s, pois o mesmo assinado faz parte dos materiais a serem entregues para a defesa.<br \/><br \/><div><a href=\"https:\/\/www.historia.uff.br\/academico\/media\/formularios\/formulario_registroDiploma_online.pdf\"><strong>Formul\u00e1rio de Atualiza\u00e7\u00e3o de Registro de Diploma<\/strong><\/a><div>Aten\u00e7\u00e3o: os formul\u00e1rios devem ser preenchidos em computador e apesar de serem parecidos, os dois formul\u00e1rios s\u00e3o necess\u00e1rios. Para o preenchimento voc\u00ea deve ter instalado o Adobe Acrobat Reader.<br \/><br \/><div><a href=\"https:\/\/www.historia.uff.br\/academico\/media\/formularios\/formulario_solicitacaoDiploma_online.pdf\"><strong>Formul\u00e1rio de Solicita\u00e7\u00e3o de Diploma<\/strong><\/a><div>Aten\u00e7\u00e3o: os formul\u00e1rios devem ser preenchidos em computador e apesar de serem parecidos, os dois formul\u00e1rios s\u00e3o necess\u00e1rios. Para o preenchimento voc\u00ea deve ter instalado o Adobe Acrobat Reader.<\/div><\/div><\/div><\/div><\/div><\/div><\/div><\/div><\/div><\/div><\/div><\/div><\/div><\/div><\/div><\/div><\/div>\n\t\t\t\t<\/div>\n\t\t\t\t\t\t\t\t<\/div>\n\t\t\t\t<\/div>\n\t\t\t\t<\/div>\n\t\t\t\t<\/div>\n\t\t\t\t\t<\/div>\n\t\t\t\t<\/div>\n\t\t\t\t<\/div>\n\t\t","protected":false},"excerpt":{"rendered":"<p>Mestrado e Doutorado Normas e Regulamentos MANUAL DO BOLSISTA Resolu\u00e7\u00e3o 2023 Resolu\u00e7\u00e3o Est\u00e1gio Doc\u00eancia Revisada 2023inserido em 3 de Junho de 2023Resolu\u00e7\u00e3o 2019Resolu\u00e7\u00e3o do est\u00e1gio doc\u00eanciainserido em 6 de Junho de 2019Vers\u00e3o 2016Aprovado em Reuni\u00e3o de Colegiado em 14\/12\/2016inserido em 14 de Dezembro de 2016Vers\u00e3o 2015Aprovado em Reuni\u00e3o de Colegiado em 10\/06\/2015inserido em 10 de [&hellip;]<\/p>\n","protected":false},"author":4,"featured_media":0,"parent":0,"menu_order":0,"comment_status":"closed","ping_status":"closed","template":"","meta":{"footnotes":""},"categories":[24],"tags":[],"folder":[14],"_links":{"self":[{"href":"https:\/\/www2.historia.uff.br\/site\/index.php\/wp-json\/wp\/v2\/pages\/2270"}],"collection":[{"href":"https:\/\/www2.historia.uff.br\/site\/index.php\/wp-json\/wp\/v2\/pages"}],"about":[{"href":"https:\/\/www2.historia.uff.br\/site\/index.php\/wp-json\/wp\/v2\/types\/page"}],"author":[{"embeddable":true,"href":"https:\/\/www2.historia.uff.br\/site\/index.php\/wp-json\/wp\/v2\/users\/4"}],"replies":[{"embeddable":true,"href":"https:\/\/www2.historia.uff.br\/site\/index.php\/wp-json\/wp\/v2\/comments?post=2270"}],"version-history":[{"count":3,"href":"https:\/\/www2.historia.uff.br\/site\/index.php\/wp-json\/wp\/v2\/pages\/2270\/revisions"}],"predecessor-version":[{"id":2273,"href":"https:\/\/www2.historia.uff.br\/site\/index.php\/wp-json\/wp\/v2\/pages\/2270\/revisions\/2273"}],"wp:attachment":[{"href":"https:\/\/www2.historia.uff.br\/site\/index.php\/wp-json\/wp\/v2\/media?parent=2270"}],"wp:term":[{"taxonomy":"category","embeddable":true,"href":"https:\/\/www2.historia.uff.br\/site\/index.php\/wp-json\/wp\/v2\/categories?post=2270"},{"taxonomy":"post_tag","embeddable":true,"href":"https:\/\/www2.historia.uff.br\/site\/index.php\/wp-json\/wp\/v2\/tags?post=2270"},{"taxonomy":"folder","embeddable":true,"href":"https:\/\/www2.historia.uff.br\/site\/index.php\/wp-json\/wp\/v2\/folder?post=2270"}],"curies":[{"name":"wp","href":"https:\/\/api.w.org\/{rel}","templated":true}]}}