{"id":494,"date":"2024-05-07T12:18:18","date_gmt":"2024-05-07T15:18:18","guid":{"rendered":"https:\/\/base.pro.br\/fundacao\/?page_id=494"},"modified":"2025-05-09T15:59:54","modified_gmt":"2025-05-09T18:59:54","slug":"posgrad","status":"publish","type":"page","link":"https:\/\/www2.historia.uff.br\/site\/index.php\/posgrad\/","title":{"rendered":"POSGRAD"},"content":{"rendered":"\t\t<div data-elementor-type=\"wp-page\" data-elementor-id=\"494\" class=\"elementor elementor-494\" data-elementor-post-type=\"page\">\n\t\t\t\t<div class=\"elementor-element elementor-element-056d925 e-flex e-con-boxed e-con e-parent\" data-id=\"056d925\" data-element_type=\"container\" data-settings=\"{&quot;background_background&quot;:&quot;classic&quot;}\">\n\t\t\t\t\t<div class=\"e-con-inner\">\n\t\t\t\t<div class=\"elementor-element elementor-element-dd7d88c elementor-widget elementor-widget-image\" data-id=\"dd7d88c\" data-element_type=\"widget\" data-widget_type=\"image.default\">\n\t\t\t\t<div class=\"elementor-widget-container\">\n\t\t\t\t\t\t\t\t\t\t\t\t\t<img decoding=\"async\" src=\"https:\/\/base.pro.br\/fundacao\/wp-content\/uploads\/2024\/05\/unesco.png\" title=\"\" alt=\"\" loading=\"lazy\" \/>\t\t\t\t\t\t\t\t\t\t\t\t\t<\/div>\n\t\t\t\t<\/div>\n\t\t\t\t\t<\/div>\n\t\t\t\t<\/div>\n\t\t<div class=\"elementor-element elementor-element-4f57d6d e-flex e-con-boxed e-con e-parent\" data-id=\"4f57d6d\" data-element_type=\"container\" data-settings=\"{&quot;background_background&quot;:&quot;classic&quot;}\">\n\t\t\t\t\t<div class=\"e-con-inner\">\n\t\t<div class=\"elementor-element elementor-element-9ae9f0d e-con-full e-flex e-con e-child\" data-id=\"9ae9f0d\" data-element_type=\"container\">\n\t\t\t\t<div class=\"elementor-element elementor-element-799c85a elementor-widget elementor-widget-image\" data-id=\"799c85a\" data-element_type=\"widget\" data-widget_type=\"image.default\">\n\t\t\t\t<div class=\"elementor-widget-container\">\n\t\t\t\t\t\t\t\t\t\t\t\t\t\t<a href=\"https:\/\/www2.historia.uff.br\/site\/index.php\/pt_catedra_unesco\/\">\n\t\t\t\t\t\t\t<img fetchpriority=\"high\" decoding=\"async\" width=\"800\" height=\"471\" src=\"https:\/\/www2.historia.uff.br\/site\/wp-content\/uploads\/2025\/03\/logo-catedra-fundo-branco.png\" class=\"attachment-large size-large wp-image-2993\" alt=\"\" srcset=\"https:\/\/www2.historia.uff.br\/site\/wp-content\/uploads\/2025\/03\/logo-catedra-fundo-branco.png 1004w, https:\/\/www2.historia.uff.br\/site\/wp-content\/uploads\/2025\/03\/logo-catedra-fundo-branco-300x177.png 300w, https:\/\/www2.historia.uff.br\/site\/wp-content\/uploads\/2025\/03\/logo-catedra-fundo-branco-768x452.png 768w\" sizes=\"(max-width: 800px) 100vw, 800px\" \/>\t\t\t\t\t\t\t\t<\/a>\n\t\t\t\t\t\t\t\t\t\t\t\t\t<\/div>\n\t\t\t\t<\/div>\n\t\t\t\t<\/div>\n\t\t<div class=\"elementor-element elementor-element-4763ad2 e-con-full e-flex e-con e-child\" data-id=\"4763ad2\" data-element_type=\"container\">\n\t\t\t\t<div class=\"elementor-element elementor-element-e6278ae elementor-widget elementor-widget-text-editor\" data-id=\"e6278ae\" data-element_type=\"widget\" data-widget_type=\"text-editor.default\">\n\t\t\t\t<div class=\"elementor-widget-container\">\n\t\t\t<style>\/*! elementor - v3.22.0 - 24-06-2024 *\/\n.elementor-widget-text-editor.elementor-drop-cap-view-stacked .elementor-drop-cap{background-color:#69727d;color:#fff}.elementor-widget-text-editor.elementor-drop-cap-view-framed .elementor-drop-cap{color:#69727d;border:3px solid;background-color:transparent}.elementor-widget-text-editor:not(.elementor-drop-cap-view-default) .elementor-drop-cap{margin-top:8px}.elementor-widget-text-editor:not(.elementor-drop-cap-view-default) .elementor-drop-cap-letter{width:1em;height:1em}.elementor-widget-text-editor .elementor-drop-cap{float:left;text-align:center;line-height:1;font-size:50px}.elementor-widget-text-editor .elementor-drop-cap-letter{display:inline-block}<\/style>\t\t\t\t<p>O Programa de P\u00f3s\u2013gradua\u00e7\u00e3o em Hist\u00f3ria da Universidade Federal Fluminense (PPGH) foi criado em 1971, com o in\u00edcio do funcionamento do mestrado, e ampliado em 1985, com a inaugura\u00e7\u00e3o do doutorado.<\/p><p>Desde 1998, sua excel\u00eancia \u00e9 reconhecida pela atribui\u00e7\u00e3o da nota 7 (sete), a mais alta classifica\u00e7\u00e3o concedida pelo Minist\u00e9rio da Educa\u00e7\u00e3o e pela Coordenadoria de Aperfei\u00e7oamento de Pessoal de Ensino Superior (<a href=\"http:\/\/www.capes.gov.br\/\" target=\"_blank\" rel=\"noopener\">CAPES<\/a>).<\/p><p>Com \u00e1rea de concentra\u00e7\u00e3o em Hist\u00f3ria Social, o Programa possui seis setores tem\u00e1ticos:<br \/>1) Hist\u00f3ria Antiga; <br \/>2) Hist\u00f3ria Medieval; <br \/>3) Hist\u00f3ria Moderna e Colonial; <br \/>4) Hist\u00f3ria Contempor\u00e2nea: Tradi\u00e7\u00e3o e Modernidade; <br \/>5) Hist\u00f3ria Contempor\u00e2nea: Cultura, Pol\u00edtica e Tempo Presente; <br \/>6) Hist\u00f3ria Contempor\u00e2nea: Teoria Cr\u00edtica e Conhecimento Hist\u00f3rico\u00a0<\/p><p>\u2013 estruturados, cada um deles, em tr\u00eas linhas de pesquisa: <\/p><ul><li>Poder e Sociedade;<\/li><li>Cultura e Sociedade;<\/li><li>Economia e Sociedade.<\/li><\/ul>\t\t\t\t\t\t<\/div>\n\t\t\t\t<\/div>\n\t\t\t\t<\/div>\n\t\t\t\t\t<\/div>\n\t\t\t\t<\/div>\n\t\t<div class=\"elementor-element elementor-element-2003339 e-flex e-con-boxed e-con e-parent\" data-id=\"2003339\" data-element_type=\"container\" data-settings=\"{&quot;background_background&quot;:&quot;classic&quot;}\">\n\t\t\t\t\t<div class=\"e-con-inner\">\n\t\t<div class=\"elementor-element elementor-element-1f2a515 e-con-full e-flex e-con e-child\" data-id=\"1f2a515\" data-element_type=\"container\">\n\t\t\t\t<div class=\"elementor-element elementor-element-0566359 elementor-widget elementor-widget-image\" data-id=\"0566359\" data-element_type=\"widget\" data-widget_type=\"image.default\">\n\t\t\t\t<div class=\"elementor-widget-container\">\n\t\t\t\t\t\t\t\t\t\t\t\t\t<img decoding=\"async\" src=\"https:\/\/base.pro.br\/fundacao\/wp-content\/uploads\/2024\/05\/youtube.png\" title=\"\" alt=\"\" loading=\"lazy\" \/>\t\t\t\t\t\t\t\t\t\t\t\t\t<\/div>\n\t\t\t\t<\/div>\n\t\t\t\t<div class=\"elementor-element elementor-element-c95d4a4 elementor-widget elementor-widget-text-editor\" data-id=\"c95d4a4\" data-element_type=\"widget\" data-widget_type=\"text-editor.default\">\n\t\t\t\t<div class=\"elementor-widget-container\">\n\t\t\t\t\t\t\t<p><strong>Hist\u00f3riA\u00e7\u00e3o<\/strong>\u00a0\u00e9 o canal de v\u00eddeos destinado a divulgar, de maneira din\u00e2mica, as pesquisas de Professores e Pesquisadores do PPGH UFF.<br \/><br \/><a href=\"https:\/\/www.youtube.com\/channel\/UC8G6tDEnMyG0S_A8c431wow\" target=\"_blank\" rel=\"noopener\">Clique aqui para acessar<\/a><\/p>\t\t\t\t\t\t<\/div>\n\t\t\t\t<\/div>\n\t\t\t\t<\/div>\n\t\t<div class=\"elementor-element elementor-element-9d8d494 e-con-full e-flex e-con e-child\" data-id=\"9d8d494\" data-element_type=\"container\">\n\t\t\t\t<div class=\"elementor-element elementor-element-7e43853 elementor-widget elementor-widget-video\" data-id=\"7e43853\" data-element_type=\"widget\" data-settings=\"{&quot;youtube_url&quot;:&quot;https:\\\/\\\/www.youtube.com\\\/watch?v=JZdmb3mnsZU&quot;,&quot;video_type&quot;:&quot;youtube&quot;,&quot;controls&quot;:&quot;yes&quot;}\" data-widget_type=\"video.default\">\n\t\t\t\t<div class=\"elementor-widget-container\">\n\t\t\t<style>\/*! elementor - v3.22.0 - 24-06-2024 *\/\n.elementor-widget-video .elementor-widget-container{overflow:hidden;transform:translateZ(0)}.elementor-widget-video .elementor-wrapper{aspect-ratio:var(--video-aspect-ratio)}.elementor-widget-video .elementor-wrapper iframe,.elementor-widget-video .elementor-wrapper video{height:100%;width:100%;display:flex;border:none;background-color:#000}@supports not (aspect-ratio:1\/1){.elementor-widget-video .elementor-wrapper{position:relative;overflow:hidden;height:0;padding-bottom:calc(100% \/ var(--video-aspect-ratio))}.elementor-widget-video .elementor-wrapper iframe,.elementor-widget-video .elementor-wrapper video{position:absolute;top:0;right:0;bottom:0;left:0}}.elementor-widget-video .elementor-open-inline .elementor-custom-embed-image-overlay{position:absolute;top:0;right:0;bottom:0;left:0;background-size:cover;background-position:50%}.elementor-widget-video .elementor-custom-embed-image-overlay{cursor:pointer;text-align:center}.elementor-widget-video .elementor-custom-embed-image-overlay:hover .elementor-custom-embed-play i{opacity:1}.elementor-widget-video .elementor-custom-embed-image-overlay img{display:block;width:100%;aspect-ratio:var(--video-aspect-ratio);-o-object-fit:cover;object-fit:cover;-o-object-position:center center;object-position:center center}@supports not (aspect-ratio:1\/1){.elementor-widget-video .elementor-custom-embed-image-overlay{position:relative;overflow:hidden;height:0;padding-bottom:calc(100% \/ var(--video-aspect-ratio))}.elementor-widget-video .elementor-custom-embed-image-overlay img{position:absolute;top:0;right:0;bottom:0;left:0}}.elementor-widget-video .e-hosted-video .elementor-video{-o-object-fit:cover;object-fit:cover}.e-con-inner>.elementor-widget-video,.e-con>.elementor-widget-video{width:var(--container-widget-width);--flex-grow:var(--container-widget-flex-grow)}<\/style>\t\t<div class=\"elementor-wrapper elementor-open-inline\">\n\t\t\t<div class=\"elementor-video\"><\/div>\t\t<\/div>\n\t\t\t\t<\/div>\n\t\t\t\t<\/div>\n\t\t\t\t<\/div>\n\t\t\t\t\t<\/div>\n\t\t\t\t<\/div>\n\t\t\t\t<\/div>\n\t\t","protected":false},"excerpt":{"rendered":"<p>O Programa de P\u00f3s\u2013gradua\u00e7\u00e3o em Hist\u00f3ria da Universidade Federal Fluminense (PPGH) foi criado em 1971, com o in\u00edcio do funcionamento do mestrado, e ampliado em 1985, com a inaugura\u00e7\u00e3o do doutorado. Desde 1998, sua excel\u00eancia \u00e9 reconhecida pela atribui\u00e7\u00e3o da nota 7 (sete), a mais alta classifica\u00e7\u00e3o concedida pelo Minist\u00e9rio da Educa\u00e7\u00e3o e pela Coordenadoria [&hellip;]<\/p>\n","protected":false},"author":1,"featured_media":0,"parent":0,"menu_order":0,"comment_status":"closed","ping_status":"closed","template":"","meta":{"footnotes":""},"categories":[21],"tags":[],"folder":[9],"_links":{"self":[{"href":"https:\/\/www2.historia.uff.br\/site\/index.php\/wp-json\/wp\/v2\/pages\/494"}],"collection":[{"href":"https:\/\/www2.historia.uff.br\/site\/index.php\/wp-json\/wp\/v2\/pages"}],"about":[{"href":"https:\/\/www2.historia.uff.br\/site\/index.php\/wp-json\/wp\/v2\/types\/page"}],"author":[{"embeddable":true,"href":"https:\/\/www2.historia.uff.br\/site\/index.php\/wp-json\/wp\/v2\/users\/1"}],"replies":[{"embeddable":true,"href":"https:\/\/www2.historia.uff.br\/site\/index.php\/wp-json\/wp\/v2\/comments?post=494"}],"version-history":[{"count":3,"href":"https:\/\/www2.historia.uff.br\/site\/index.php\/wp-json\/wp\/v2\/pages\/494\/revisions"}],"predecessor-version":[{"id":3005,"href":"https:\/\/www2.historia.uff.br\/site\/index.php\/wp-json\/wp\/v2\/pages\/494\/revisions\/3005"}],"wp:attachment":[{"href":"https:\/\/www2.historia.uff.br\/site\/index.php\/wp-json\/wp\/v2\/media?parent=494"}],"wp:term":[{"taxonomy":"category","embeddable":true,"href":"https:\/\/www2.historia.uff.br\/site\/index.php\/wp-json\/wp\/v2\/categories?post=494"},{"taxonomy":"post_tag","embeddable":true,"href":"https:\/\/www2.historia.uff.br\/site\/index.php\/wp-json\/wp\/v2\/tags?post=494"},{"taxonomy":"folder","embeddable":true,"href":"https:\/\/www2.historia.uff.br\/site\/index.php\/wp-json\/wp\/v2\/folder?post=494"}],"curies":[{"name":"wp","href":"https:\/\/api.w.org\/{rel}","templated":true}]}}