{"id":749,"date":"2024-05-09T07:20:05","date_gmt":"2024-05-09T10:20:05","guid":{"rendered":"https:\/\/base.pro.br\/fundacao\/?page_id=749"},"modified":"2026-04-09T16:58:11","modified_gmt":"2026-04-09T19:58:11","slug":"pos-posdoc","status":"publish","type":"page","link":"https:\/\/www2.historia.uff.br\/site\/index.php\/pos-posdoc\/","title":{"rendered":"POS-POSDOC"},"content":{"rendered":"\t\t<div data-elementor-type=\"wp-page\" data-elementor-id=\"749\" class=\"elementor elementor-749\" data-elementor-post-type=\"page\">\n\t\t\t\t<div class=\"elementor-element elementor-element-8be7268 e-flex e-con-boxed e-con e-parent\" data-id=\"8be7268\" data-element_type=\"container\" data-settings=\"{&quot;background_background&quot;:&quot;classic&quot;}\">\n\t\t\t\t\t<div class=\"e-con-inner\">\n\t\t<div class=\"elementor-element elementor-element-f78c360 e-con-full e-flex e-con e-child\" data-id=\"f78c360\" data-element_type=\"container\">\n\t\t\t\t<div class=\"elementor-element elementor-element-3e2d301 elementor-widget elementor-widget-heading\" data-id=\"3e2d301\" data-element_type=\"widget\" data-widget_type=\"heading.default\">\n\t\t\t\t<div class=\"elementor-widget-container\">\n\t\t\t<style>\/*! elementor - v3.22.0 - 24-06-2024 *\/\n.elementor-heading-title{padding:0;margin:0;line-height:1}.elementor-widget-heading .elementor-heading-title[class*=elementor-size-]>a{color:inherit;font-size:inherit;line-height:inherit}.elementor-widget-heading .elementor-heading-title.elementor-size-small{font-size:15px}.elementor-widget-heading .elementor-heading-title.elementor-size-medium{font-size:19px}.elementor-widget-heading .elementor-heading-title.elementor-size-large{font-size:29px}.elementor-widget-heading .elementor-heading-title.elementor-size-xl{font-size:39px}.elementor-widget-heading .elementor-heading-title.elementor-size-xxl{font-size:59px}<\/style><h3 class=\"elementor-heading-title elementor-size-default\">P\u00f3s-Doutorado<\/h3>\t\t<\/div>\n\t\t\t\t<\/div>\n\t\t\t\t<\/div>\n\t\t<div class=\"elementor-element elementor-element-04a10ef e-con-full e-flex e-con e-child\" data-id=\"04a10ef\" data-element_type=\"container\">\n\t\t\t\t<div class=\"elementor-element elementor-element-a03d56b elementor-widget elementor-widget-text-editor\" data-id=\"a03d56b\" data-element_type=\"widget\" data-widget_type=\"text-editor.default\">\n\t\t\t\t<div class=\"elementor-widget-container\">\n\t\t\t<style>\/*! elementor - v3.22.0 - 24-06-2024 *\/\n.elementor-widget-text-editor.elementor-drop-cap-view-stacked .elementor-drop-cap{background-color:#69727d;color:#fff}.elementor-widget-text-editor.elementor-drop-cap-view-framed .elementor-drop-cap{color:#69727d;border:3px solid;background-color:transparent}.elementor-widget-text-editor:not(.elementor-drop-cap-view-default) .elementor-drop-cap{margin-top:8px}.elementor-widget-text-editor:not(.elementor-drop-cap-view-default) .elementor-drop-cap-letter{width:1em;height:1em}.elementor-widget-text-editor .elementor-drop-cap{float:left;text-align:center;line-height:1;font-size:50px}.elementor-widget-text-editor .elementor-drop-cap-letter{display:inline-block}<\/style>\t\t\t\t<p><strong>Est\u00e1gio de P\u00f3s-doutorado<\/strong><\/p><p><strong>Caracter\u00edsticas e finalidades<\/strong><\/p><p>O est\u00e1gio de p\u00f3s-doutorado no PPGH-UFF tem como objetivos principais receber pesquisadores-doutores para o desenvolvimento de atividades de pesquisa e interlocu\u00e7\u00e3o acad\u00eamica junto ao Programa. O est\u00e1gio de p\u00f3s-doutorado \u00e9 proposto por um docente do PPGH ao seu Colegiado. Este docente assume a supervis\u00e3o da pesquisa e a responsabilidade de incorporar o pesquisador \u00e0s atividades acad\u00eamicas do seu laborat\u00f3rio ou n\u00facleo de pesquisa. H\u00e1 duas categorias de est\u00e1gio associadas ao tempo de titula\u00e7\u00e3o do solicitante, a saber: P\u00f3s-doutorado J\u00fanior (Categoria I) e P\u00f3s-doutorado S\u00eanior (Categoria II). Em ambos os casos, a proposta dever\u00e1 ser encaminhada pelo supervisor de p\u00f3s-doutoramento \u00e0 Comiss\u00e3o de Planejamento (CPLAN) do PPGH por meio de seu cadastro no SIPOS.<\/p><p><strong>Regulamenta\u00e7\u00e3o <\/strong><\/p><p>Proposta consolidada a partir do documento feito por Ciro Cardoso, acrescidas dos t\u00f3picos discutidos na reuni\u00e3o de 29\/08\/2007 da CPLAN; das altera\u00e7\u00f5es determinadas em reuni\u00e3o do Colegiado de 07\/08\/2013; das modifica\u00e7\u00f5es realizadas na reuni\u00e3o da CPLAN de 26\/05\/2015; das delibera\u00e7\u00f5es da reuni\u00e3o do Colegiado de 13\/12\/2023; e das altera\u00e7\u00f5es aprovadas pela CPLAN em 04\/03\/2026.<\/p><p><strong>P\u00f3s-doutorado J\u00fanior (Categoria I)<\/strong><\/p><p>Para pesquisadores com menos de sete anos de doutoramento.<\/p><p><strong>Documenta\u00e7\u00e3o necess\u00e1ria:<\/strong><\/p><ol><li>Ficha de inscri\u00e7\u00e3o (disponivel na \u00e1rea do(a) supervisor(a))<\/li><li>Projeto de pesquisa original a ser desenvolvido junto a uma das linhas de pesquisa do PPGH; Plano de trabalho para um ano com detalhamento das atividades acad\u00eamicas a serem desenvolvidas no PPGH e Plano de atividades que tenha como p\u00fablico-alvo os alunos da gradua\u00e7\u00e3o em Hist\u00f3ria e como modalidade: minicurso, semin\u00e1rio, oficina ou atividade docente quando de interesse do Departamento de Hist\u00f3ria.<\/li><li>Carta do(a) supervisor(a) apresentando a candidatura do(a) pesquisador(a) ao p\u00f3s-doutorado endere\u00e7ada \u00e0 CPLAN e ao Colegiado do PPGH-UFF.<\/li><li>Curr\u00edculo Lattes atualizado<\/li><li>Carta Compromisso da apresenta\u00e7\u00e3o de um relat\u00f3rio final circunstanciado (de, no m\u00ednimo, 20 p\u00e1ginas) e dos resultados da pesquisa \u2013 ou parte deles \u2013 em um texto que pode ser publicado no site do PPGH.<\/li><\/ol><p><strong>\u00a0<\/strong><strong>P\u00f3s-doutorado S\u00eanior (Categoria II)<\/strong><\/p><p>Para pesquisadores com mais de sete anos de doutoramento, com atua\u00e7\u00e3o em Universidades p\u00fablicas ou privadas, com licen\u00e7a das suas atividades docentes.<\/p><p><strong>Documenta\u00e7\u00e3o necess\u00e1ria:<\/strong><\/p><ol><li>Ficha de inscri\u00e7\u00e3o (disponivel na \u00e1rea do(a) supervisor(a))<\/li><li>Projeto de pesquisa original a ser desenvolvido junto a uma das linhas de pesquisa do PPGH; Plano de trabalho para um ano com detalhamento das atividades acad\u00eamicas a serem desenvolvidas no PPGH e Plano de atividades que tenha como p\u00fablico-alvo os alunos da gradua\u00e7\u00e3o em Hist\u00f3ria e como modalidade: minicurso, semin\u00e1rio, oficina ou atividade docente quando de interesse do Departamento de Hist\u00f3ria.<\/li><li>Carta do(a) supervisor(a) apresentando a candidatura do(a) pesquisador(a) ao p\u00f3s-doutorado endere\u00e7ada \u00e0 CPLAN e ao Colegiado do PPGH-UFF.<\/li><li>Curr\u00edculo Lattes atualizado.<\/li><li>Carta Compromisso da apresenta\u00e7\u00e3o de um relat\u00f3rio final circunstanciado (no m\u00ednimo 20 p\u00e1ginas) e dos resultados da pesquisa \u2013 ou parte deles \u2013 em um texto que pode ser publicado no site do PPGH.<\/li><\/ol><p><strong>Direitos e Deveres<\/strong><\/p><p>O(a) supervisor(a) (respons\u00e1vel pela interlocu\u00e7\u00e3o) acolher\u00e1 o(a) pesquisador(a), habilitando-o(a) \u00e0s condi\u00e7\u00f5es de trabalho junto aos n\u00facleos e laborat\u00f3rios e auxiliando-o(a) no desenvolvimento do seu plano de atividades.<\/p><p>O(a) pesquisador (a) dever\u00e1 cumprir as metas estabelecidas no projeto, participar das atividades acad\u00eamicas afinadas ao seu plano de atividades (semin\u00e1rios, workshops, palestras etc.) e produzir um relat\u00f3rio, a ser entregue junto com o parecer do supervisor, para o email coordenacao.gph.iht@id.uff.br\u00a0 em at\u00e9 3 meses ap\u00f3s a conclus\u00e3o do est\u00e1gio.<\/p><p>Ap\u00f3s a entrega do relat\u00f3rio, sendo ele aprovado, o PPGH fornecer\u00e1 um certificado de est\u00e1gio p\u00f3s-doutoral.<\/p><p>O est\u00e1gio p\u00f3s-doutoral pode durar de seis meses at\u00e9 um ano, podendo ser renovado por mais um ano, mediante solicita\u00e7\u00e3o formal por parte do(a) supervisor(a). Em caso de o est\u00e1gio estar vinculado a uma bolsa, ele se renovar\u00e1 quantas vezes forem necess\u00e1rias ao usufruto do benef\u00edcio, at\u00e9 um total de 4 anos.<\/p><p>A cada ano de renova\u00e7\u00e3o da bolsa p\u00f3s-doutorado categoria I, o pesquisador dever\u00e1 apresentar uma proposta de atividade acad\u00eamica que tenha como p\u00fablico-alvo a gradua\u00e7\u00e3o de acordo com o artigo 3, categoria I.<\/p><p>E-mail para d\u00favidas: \u00a0<a href=\"mailto:posgrad.phr.iht@id.uff.br\">posgrad.phr.iht@id.uff.br<\/a><\/p>\t\t\t\t\t\t<\/div>\n\t\t\t\t<\/div>\n\t\t\t\t<\/div>\n\t\t\t\t\t<\/div>\n\t\t\t\t<\/div>\n\t\t\t\t<\/div>\n\t\t","protected":false},"excerpt":{"rendered":"<p>P\u00f3s-Doutorado Est\u00e1gio de P\u00f3s-doutorado Caracter\u00edsticas e finalidades O est\u00e1gio de p\u00f3s-doutorado no PPGH-UFF tem como objetivos principais receber pesquisadores-doutores para o desenvolvimento de atividades de pesquisa e interlocu\u00e7\u00e3o acad\u00eamica junto ao Programa. O est\u00e1gio de p\u00f3s-doutorado \u00e9 proposto por um docente do PPGH ao seu Colegiado. Este docente assume a supervis\u00e3o da pesquisa e a [&hellip;]<\/p>\n","protected":false},"author":1,"featured_media":0,"parent":0,"menu_order":0,"comment_status":"closed","ping_status":"closed","template":"","meta":{"footnotes":""},"categories":[21],"tags":[],"folder":[9],"_links":{"self":[{"href":"https:\/\/www2.historia.uff.br\/site\/index.php\/wp-json\/wp\/v2\/pages\/749"}],"collection":[{"href":"https:\/\/www2.historia.uff.br\/site\/index.php\/wp-json\/wp\/v2\/pages"}],"about":[{"href":"https:\/\/www2.historia.uff.br\/site\/index.php\/wp-json\/wp\/v2\/types\/page"}],"author":[{"embeddable":true,"href":"https:\/\/www2.historia.uff.br\/site\/index.php\/wp-json\/wp\/v2\/users\/1"}],"replies":[{"embeddable":true,"href":"https:\/\/www2.historia.uff.br\/site\/index.php\/wp-json\/wp\/v2\/comments?post=749"}],"version-history":[{"count":39,"href":"https:\/\/www2.historia.uff.br\/site\/index.php\/wp-json\/wp\/v2\/pages\/749\/revisions"}],"predecessor-version":[{"id":4940,"href":"https:\/\/www2.historia.uff.br\/site\/index.php\/wp-json\/wp\/v2\/pages\/749\/revisions\/4940"}],"wp:attachment":[{"href":"https:\/\/www2.historia.uff.br\/site\/index.php\/wp-json\/wp\/v2\/media?parent=749"}],"wp:term":[{"taxonomy":"category","embeddable":true,"href":"https:\/\/www2.historia.uff.br\/site\/index.php\/wp-json\/wp\/v2\/categories?post=749"},{"taxonomy":"post_tag","embeddable":true,"href":"https:\/\/www2.historia.uff.br\/site\/index.php\/wp-json\/wp\/v2\/tags?post=749"},{"taxonomy":"folder","embeddable":true,"href":"https:\/\/www2.historia.uff.br\/site\/index.php\/wp-json\/wp\/v2\/folder?post=749"}],"curies":[{"name":"wp","href":"https:\/\/api.w.org\/{rel}","templated":true}]}}