{"id":886,"date":"2024-05-10T10:01:54","date_gmt":"2024-05-10T13:01:54","guid":{"rendered":"https:\/\/base.pro.br\/fundacao\/?page_id=886"},"modified":"2025-05-09T15:49:27","modified_gmt":"2025-05-09T18:49:27","slug":"elementor-886","status":"publish","type":"page","link":"https:\/\/www2.historia.uff.br\/site\/index.php\/elementor-886\/","title":{"rendered":"POS-LIVROSDIG"},"content":{"rendered":"\t\t<div data-elementor-type=\"wp-page\" data-elementor-id=\"886\" class=\"elementor elementor-886\" data-elementor-post-type=\"page\">\n\t\t\t\t<div class=\"elementor-element elementor-element-54e2e18 e-flex e-con-boxed e-con e-parent\" data-id=\"54e2e18\" data-element_type=\"container\" data-settings=\"{&quot;background_background&quot;:&quot;classic&quot;}\">\n\t\t\t\t\t<div class=\"e-con-inner\">\n\t\t<div class=\"elementor-element elementor-element-dfbf56d e-con-full e-flex e-con e-child\" data-id=\"dfbf56d\" data-element_type=\"container\">\n\t\t\t\t<div class=\"elementor-element elementor-element-8a1b05e elementor-widget elementor-widget-heading\" data-id=\"8a1b05e\" data-element_type=\"widget\" data-widget_type=\"heading.default\">\n\t\t\t\t<div class=\"elementor-widget-container\">\n\t\t\t<style>\/*! elementor - v3.22.0 - 24-06-2024 *\/\n.elementor-heading-title{padding:0;margin:0;line-height:1}.elementor-widget-heading .elementor-heading-title[class*=elementor-size-]>a{color:inherit;font-size:inherit;line-height:inherit}.elementor-widget-heading .elementor-heading-title.elementor-size-small{font-size:15px}.elementor-widget-heading .elementor-heading-title.elementor-size-medium{font-size:19px}.elementor-widget-heading .elementor-heading-title.elementor-size-large{font-size:29px}.elementor-widget-heading .elementor-heading-title.elementor-size-xl{font-size:39px}.elementor-widget-heading .elementor-heading-title.elementor-size-xxl{font-size:59px}<\/style><h4 class=\"elementor-heading-title elementor-size-default\">PUBLICA\u00c7\u00d5ES<\/h4>\t\t<\/div>\n\t\t\t\t<\/div>\n\t\t\t\t<div class=\"elementor-element elementor-element-71cb9bd elementor-widget elementor-widget-heading\" data-id=\"71cb9bd\" data-element_type=\"widget\" data-widget_type=\"heading.default\">\n\t\t\t\t<div class=\"elementor-widget-container\">\n\t\t\t<h5 class=\"elementor-heading-title elementor-size-default\">Livros Digitais<\/h5>\t\t<\/div>\n\t\t\t\t<\/div>\n\t\t\t\t<\/div>\n\t\t<div class=\"elementor-element elementor-element-1b1efd2 e-con-full e-flex e-con e-child\" data-id=\"1b1efd2\" data-element_type=\"container\">\n\t\t\t\t<div class=\"elementor-element elementor-element-aefda93 elementor-widget elementor-widget-text-editor\" data-id=\"aefda93\" data-element_type=\"widget\" data-widget_type=\"text-editor.default\">\n\t\t\t\t<div class=\"elementor-widget-container\">\n\t\t\t<style>\/*! elementor - v3.22.0 - 24-06-2024 *\/\n.elementor-widget-text-editor.elementor-drop-cap-view-stacked .elementor-drop-cap{background-color:#69727d;color:#fff}.elementor-widget-text-editor.elementor-drop-cap-view-framed .elementor-drop-cap{color:#69727d;border:3px solid;background-color:transparent}.elementor-widget-text-editor:not(.elementor-drop-cap-view-default) .elementor-drop-cap{margin-top:8px}.elementor-widget-text-editor:not(.elementor-drop-cap-view-default) .elementor-drop-cap-letter{width:1em;height:1em}.elementor-widget-text-editor .elementor-drop-cap{float:left;text-align:center;line-height:1;font-size:50px}.elementor-widget-text-editor .elementor-drop-cap-letter{display:inline-block}<\/style>\t\t\t\t<h3>Cole\u00e7\u00e3o Capistrano de Abreu<\/h3><div class=\"row\"><div class=\"col s12 m6\"><div class=\"card small horizontal publication_card\"><div class=\"card-image\"><div class=\"material-placeholder\"><img decoding=\"async\" class=\"materialboxed\" src=\"https:\/\/www.historia.uff.br\/academico\/media\/livros\/cap_capa_0020.jpg\" width=\"200\" border=\"1\" \/><\/div><\/div><div class=\"card-stacked\"><div class=\"card-content\"><div class=\"card-title livro_title\">2016<\/div><p><a href=\"https:\/\/www.historia.uff.br\/academico\/media\/livros\/cap_arquivo_0020.pdf\">50 anos do golpe: debates discentes<\/a><\/p><p class=\"grey-text\">978-85-63735-27-0<\/p><\/div><\/div><\/div><\/div><div class=\"col s12 m6\"><div class=\"card small horizontal publication_card\"><div class=\"card-image\"><div class=\"material-placeholder\"><img decoding=\"async\" class=\"materialboxed\" src=\"https:\/\/www.historia.uff.br\/academico\/media\/livros\/cap_2016_dialogosHistoria2.png\" width=\"200\" \/><\/div><\/div><div class=\"card-stacked\"><div class=\"card-content\"><div class=\"card-title livro_title\">2016<\/div><p><a href=\"https:\/\/www.historia.uff.br\/academico\/media\/livros\/cap_2016_dialogosHistoria2.pdf\">Di\u00e1logos com a Hist\u00f3ria 2<\/a><\/p><p class=\"grey-text\">978-85-63735-20-1<\/p><\/div><\/div><\/div><\/div><div class=\"col s12 m6\"><div class=\"card small horizontal publication_card\"><div class=\"card-image\"><div class=\"material-placeholder\"><img decoding=\"async\" class=\"materialboxed\" src=\"https:\/\/www.historia.uff.br\/academico\/media\/livros\/cap_2014_nupehc_1encontro.png\" width=\"200\" \/><\/div><\/div><div class=\"card-stacked\"><div class=\"card-content\"><div class=\"card-title livro_title\">2014<\/div><p><a href=\"https:\/\/www.historia.uff.br\/academico\/media\/livros\/cap_2014_nupehc_1encontro.pdf\">Anais do I Encontro de Graduandos e P\u00f3s-Graduandos do N\u00facleo de Pesquisa e Estudos em Hist\u00f3ria Cultural<\/a><\/p><p class=\"grey-text\">978-85-63735-17-1<\/p><\/div><\/div><\/div><\/div><div class=\"col s12 m6\"><div class=\"card small horizontal publication_card\"><div class=\"card-image\"><div class=\"material-placeholder\"><img decoding=\"async\" class=\"materialboxed\" src=\"https:\/\/www.historia.uff.br\/academico\/media\/livros\/cap_2014_dialogosHistoria.png\" width=\"200\" \/><\/div><\/div><div class=\"card-stacked\"><div class=\"card-content\"><div class=\"card-title livro_title\">2014<\/div><p><a href=\"https:\/\/www.historia.uff.br\/academico\/media\/livros\/cap_2014_dialogosHistoria.pdf\">Di\u00e1logos com a hist\u00f3ria: trabalhos apresentados na semana de hist\u00f3ria da UFF: mar\u00e7o de 2012<\/a><\/p><p class=\"grey-text\">978-85-63735-13-3<\/p><\/div><\/div><\/div><\/div><div class=\"col s12 m6\"><div class=\"card small horizontal publication_card\"><div class=\"card-image\">\u00a0<\/div><div class=\"card-stacked\"><div class=\"card-content\">\u00a0<\/div><\/div><\/div><\/div><\/div><h6>\u00a0<\/h6><div class=\"row\"><div class=\"col s12 m6\"><div class=\"card small horizontal publication_card\"><div class=\"card-stacked\"><div class=\"card-content\">\u00a0<\/div><\/div><\/div><\/div><\/div>\t\t\t\t\t\t<\/div>\n\t\t\t\t<\/div>\n\t\t\t\t<\/div>\n\t\t<div class=\"elementor-element elementor-element-d032d73 e-con-full e-flex e-con e-child\" data-id=\"d032d73\" data-element_type=\"container\">\n\t\t\t\t<div class=\"elementor-element elementor-element-969808c elementor-widget elementor-widget-text-editor\" data-id=\"969808c\" data-element_type=\"widget\" data-widget_type=\"text-editor.default\">\n\t\t\t\t<div class=\"elementor-widget-container\">\n\t\t\t\t\t\t\t<div class=\"row\"><div class=\"col s12 m6\"><div class=\"card small horizontal publication_card\"><div class=\"card-stacked\"><div class=\"card-content\"><div class=\"card-title livro_title\"><br \/><br \/>2013<\/div><p><a href=\"https:\/\/www.historia.uff.br\/academico\/media\/livros\/cap_2012_lcp_PoderPolitica.pdf\">Poder e pol\u00edtica: pensando na toler\u00e2ncia e a cidadania<\/a><\/p><p class=\"grey-text\">978-85-63735-11-9<\/p><\/div><\/div><\/div><\/div><div class=\"col s12 m6\"><div class=\"card small horizontal publication_card\"><div class=\"card-image\"><div class=\"material-placeholder\"><img decoding=\"async\" class=\"materialboxed\" src=\"https:\/\/www.historia.uff.br\/academico\/media\/livros\/cap_2010_3encontroPosgrad_anais.png\" width=\"200\" \/><\/div><\/div><div class=\"card-stacked\"><div class=\"card-content\"><div class=\"card-title livro_title\">2012<\/div><p><a href=\"https:\/\/www.historia.uff.br\/academico\/media\/livros\/cap_2010_3encontroPosgrad_anais.pdf\">Anais do III encontro de p\u00f3s-doutores do programa de p\u00f3s-gradua\u00e7\u00e3o em hist\u00f3ria da UFF (2010)<\/a><\/p><p class=\"grey-text\">978-85-63735-08-9<\/p><\/div><\/div><\/div><\/div><div class=\"col s12 m6\"><div class=\"card small horizontal publication_card\"><div class=\"card-image\"><div class=\"material-placeholder\"><img decoding=\"async\" class=\"materialboxed\" src=\"https:\/\/www.historia.uff.br\/academico\/media\/livros\/cap_2012_estudos-de-imprensa-no-brasil.png\" width=\"200\" \/><\/div><\/div><div class=\"card-stacked\"><div class=\"card-content\"><div class=\"card-title livro_title\">2012<\/div><p><a href=\"https:\/\/www.historia.uff.br\/academico\/media\/livros\/cap_2012_estudos-de-imprensa-no-brasil.pdf\">Estudos de imprensa no Brasil: I semin\u00e1rio de p\u00f3s-graduandos em hist\u00f3ria da UFF<\/a><\/p><p class=\"grey-text\">978-85-63735-07-2<\/p><\/div><\/div><\/div><\/div><div class=\"col s12 m6\"><div class=\"card small horizontal publication_card\"><div class=\"card-image\"><div class=\"material-placeholder\"><img decoding=\"async\" class=\"materialboxed\" src=\"https:\/\/www.historia.uff.br\/academico\/media\/livros\/cap_2011_coloquioLCP.png\" width=\"200\" \/><\/div><\/div><div class=\"card-stacked\"><div class=\"card-content\"><div class=\"card-title livro_title\">2011<\/div><p><a href=\"https:\/\/www.historia.uff.br\/academico\/media\/livros\/cap_2011_coloquioLCP.pdf\">Anais do col\u00f3quio Internacional do laborat\u00f3rio cidade e poder. A Am\u00e9rica Ib\u00e9rica e as rela\u00e7\u00f5es Ibero-Americanas no contexto do Mercosul<\/a><\/p><p class=\"grey-text\">978-85-63735-05-8<\/p><\/div><\/div><\/div><\/div><div class=\"col s12 m6\"><div class=\"card small horizontal publication_card\"><div class=\"card-image\"><div class=\"material-placeholder\"><img decoding=\"async\" class=\"materialboxed\" src=\"https:\/\/www.historia.uff.br\/academico\/media\/livros\/cap_2009_forumPosgrad_anais_i_ii.png\" width=\"200\" \/><\/div><\/div><div class=\"card-stacked\"><div class=\"card-content\"><div class=\"card-title livro_title\">2010<\/div><p><a href=\"https:\/\/www.historia.uff.br\/academico\/media\/livros\/cap_2009_forumPosgrad_anais_i_ii.pdf\">Anais do I e II encontro de P\u00f3s-Doutores do programa de P\u00f3s-gradua\u00e7\u00e3o em Hist\u00f3ria da UFF<\/a><\/p><p class=\"grey-text\">978-85-63735-00-3<\/p><\/div><\/div><\/div><\/div><\/div><h6>\u00a0<\/h6>\t\t\t\t\t\t<\/div>\n\t\t\t\t<\/div>\n\t\t\t\t<\/div>\n\t\t\t\t\t<\/div>\n\t\t\t\t<\/div>\n\t\t<div class=\"elementor-element elementor-element-e0a528e e-flex e-con-boxed e-con e-parent\" data-id=\"e0a528e\" data-element_type=\"container\" data-settings=\"{&quot;background_background&quot;:&quot;classic&quot;}\">\n\t\t\t\t\t<div class=\"e-con-inner\">\n\t\t<div class=\"elementor-element elementor-element-d674204 e-con-full e-flex e-con e-child\" data-id=\"d674204\" data-element_type=\"container\">\n\t\t\t\t<\/div>\n\t\t<div class=\"elementor-element elementor-element-071fa26 e-con-full e-flex e-con e-child\" data-id=\"071fa26\" data-element_type=\"container\">\n\t\t\t\t<div class=\"elementor-element elementor-element-dc09cf2 elementor-widget elementor-widget-text-editor\" data-id=\"dc09cf2\" data-element_type=\"widget\" data-widget_type=\"text-editor.default\">\n\t\t\t\t<div class=\"elementor-widget-container\">\n\t\t\t\t\t\t\t<h3>Cole\u00e7\u00e3o Hist\u00f3ria on line<\/h3><div class=\"row\"><div class=\"col s12 m6\"><div class=\"card small horizontal publication_card\"><div class=\"card-image\"><div class=\"material-placeholder\"><img decoding=\"async\" class=\"materialboxed\" src=\"https:\/\/www.historia.uff.br\/academico\/media\/livros\/hol_2016_nec_caminhos.png\" width=\"200\" \/><\/div><\/div><div class=\"card-stacked\"><div class=\"card-content\"><div class=\"card-title livro_title\">2016<\/div><p><a href=\"https:\/\/www.historia.uff.br\/academico\/media\/livros\/hol_2016_nec_caminhos.pdf\">Caminhos da Hist\u00f3ria Pol\u00edtica \u2013 os 20 anos do NEC\/UFF<\/a><\/p><p class=\"grey-text\">978-85-63735-21-8<\/p><\/div><\/div><\/div><\/div><div class=\"col s12 m6\"><div class=\"card small horizontal publication_card\"><div class=\"card-image\"><div class=\"material-placeholder\"><img decoding=\"async\" class=\"materialboxed\" src=\"https:\/\/www.historia.uff.br\/academico\/media\/livros\/hol_2016_lcp_questaoReligiosa.png\" width=\"200\" \/><\/div><\/div><div class=\"card-stacked\"><div class=\"card-content\"><div class=\"card-title livro_title\">2016<\/div><p><a href=\"https:\/\/www.historia.uff.br\/academico\/media\/livros\/hol_2016_lcp_questaoReligiosa.pdf\">\u201cQuest\u00e3o Religiosa\u201d, Poder e Seculariza\u00e7\u00e3o<\/a><\/p><p class=\"grey-text\">978-85-63735-22-5<\/p><\/div><\/div><\/div><\/div><div class=\"col s12 m6\"><div class=\"card small horizontal publication_card\"><div class=\"card-image\"><div class=\"material-placeholder\"><img decoding=\"async\" class=\"materialboxed\" src=\"https:\/\/www.historia.uff.br\/academico\/media\/livros\/hol_2014_translatioStudii.png\" width=\"200\" \/><\/div><\/div><div class=\"card-stacked\"><div class=\"card-content\"><div class=\"card-title livro_title\">2014<\/div><p><a href=\"https:\/\/www.historia.uff.br\/academico\/media\/livros\/hol_2014_translatioStudii.pdf\">Translatio Studii: Problematizando a Idade M\u00e9dia<\/a><\/p><p class=\"grey-text\">978-85-63735-14-0<\/p><\/div><\/div><\/div><\/div><div class=\"col s12 m6\"><div class=\"card small horizontal publication_card\"><div class=\"card-image\"><div class=\"material-placeholder\"><img decoding=\"async\" class=\"materialboxed\" src=\"https:\/\/www.historia.uff.br\/academico\/media\/livros\/hol_2013_anais_encontroEUA.png\" width=\"200\" \/><\/div><\/div><div class=\"card-stacked\"><div class=\"card-content\"><div class=\"card-title livro_title\">2013<\/div><p><a href=\"https:\/\/www.historia.uff.br\/academico\/media\/livros\/hol_2013_anais_encontroEUA.pdf\">Anais do I Encontro de Graduandos e P\u00f3s-Graduandos em Hist\u00f3ria dos Estados Unidos<\/a><\/p><p class=\"grey-text\">978-85-63735-12-6<\/p><\/div><\/div><\/div><\/div><div class=\"col s12 m6\"><div class=\"card small horizontal publication_card\"><div class=\"card-image\"><div class=\"material-placeholder\">\u00a0<\/div><\/div><\/div><\/div><div class=\"col s12 m6\"><div class=\"card small horizontal publication_card\"><div class=\"card-stacked\"><div class=\"card-content\">\u00a0<\/div><\/div><\/div><\/div><\/div>\t\t\t\t\t\t<\/div>\n\t\t\t\t<\/div>\n\t\t\t\t<\/div>\n\t\t<div class=\"elementor-element elementor-element-5123930 e-con-full e-flex e-con e-child\" data-id=\"5123930\" data-element_type=\"container\">\n\t\t\t\t<div class=\"elementor-element elementor-element-179ba8a elementor-widget elementor-widget-text-editor\" data-id=\"179ba8a\" data-element_type=\"widget\" data-widget_type=\"text-editor.default\">\n\t\t\t\t<div class=\"elementor-widget-container\">\n\t\t\t\t\t\t\t<div class=\"col s12 m6\"><div class=\"card small horizontal publication_card\"><div class=\"card-image\"><div class=\"material-placeholder\"><img decoding=\"async\" class=\"materialboxed\" src=\"https:\/\/www.historia.uff.br\/academico\/media\/livros\/hol_2013_EstudosAfricanos.png\" width=\"200\" \/><\/div><\/div><div class=\"card-stacked\"><div class=\"card-content\"><div class=\"card-title livro_title\">2012<\/div><p><a href=\"https:\/\/www.historia.uff.br\/academico\/media\/livros\/hol_2013_EstudosAfricanos.pdf\">Estudos africanos: m\u00faltiplas abordagens<\/a><\/p><p class=\"grey-text\">978-85-63735-09-6<\/p><\/div><\/div><\/div><\/div><div class=\"col s12 m6\"><div class=\"card small horizontal publication_card\"><div class=\"card-image\"><div class=\"material-placeholder\"><img decoding=\"async\" class=\"materialboxed\" src=\"https:\/\/www.historia.uff.br\/academico\/media\/livros\/hol_2011_CaminhosLiberdade.png\" width=\"200\" \/><\/div><\/div><div class=\"card-stacked\"><div class=\"card-content\"><div class=\"card-title livro_title\">2011<\/div><p><a href=\"https:\/\/www.historia.uff.br\/academico\/media\/livros\/hol_2011_CaminhosLiberdade.pdf\">Caminhos da liberdade: hist\u00f3rias da aboli\u00e7\u00e3o e do p\u00f3s-aboli\u00e7\u00e3o no Brasil<\/a><\/p><p class=\"grey-text\">978-85-63735-02-7<\/p><\/div><\/div><\/div><\/div><div class=\"col s12 m6\"><div class=\"card small horizontal publication_card\"><div class=\"card-image\"><div class=\"material-placeholder\"><img decoding=\"async\" class=\"materialboxed\" src=\"https:\/\/www.historia.uff.br\/academico\/media\/livros\/hol_2010_AfricaPassadoPresente.png\" width=\"200\" border=\"1\" \/><\/div><\/div><div class=\"card-stacked\"><div class=\"card-content\"><div class=\"card-title livro_title\">2010<\/div><p><a href=\"https:\/\/www.historia.uff.br\/academico\/media\/livros\/hol_2010_AfricaPassadoPresente.pdf\">\u00c1frica passado e presente: II encontro de estudos africanos da UFF<\/a><\/p><p class=\"grey-text\">978-85-63735-01-0<\/p><\/div><\/div><\/div><\/div>\t\t\t\t\t\t<\/div>\n\t\t\t\t<\/div>\n\t\t\t\t<\/div>\n\t\t\t\t\t<\/div>\n\t\t\t\t<\/div>\n\t\t\t\t<\/div>\n\t\t","protected":false},"excerpt":{"rendered":"<p>PUBLICA\u00c7\u00d5ES Livros Digitais Cole\u00e7\u00e3o Capistrano de Abreu 2016 50 anos do golpe: debates discentes 978-85-63735-27-0 2016 Di\u00e1logos com a Hist\u00f3ria 2 978-85-63735-20-1 2014 Anais do I Encontro de Graduandos e P\u00f3s-Graduandos do N\u00facleo de Pesquisa e Estudos em Hist\u00f3ria Cultural 978-85-63735-17-1 2014 Di\u00e1logos com a hist\u00f3ria: trabalhos apresentados na semana de hist\u00f3ria da UFF: mar\u00e7o [&hellip;]<\/p>\n","protected":false},"author":1,"featured_media":0,"parent":0,"menu_order":0,"comment_status":"closed","ping_status":"closed","template":"","meta":{"footnotes":""},"categories":[21],"tags":[],"folder":[9],"_links":{"self":[{"href":"https:\/\/www2.historia.uff.br\/site\/index.php\/wp-json\/wp\/v2\/pages\/886"}],"collection":[{"href":"https:\/\/www2.historia.uff.br\/site\/index.php\/wp-json\/wp\/v2\/pages"}],"about":[{"href":"https:\/\/www2.historia.uff.br\/site\/index.php\/wp-json\/wp\/v2\/types\/page"}],"author":[{"embeddable":true,"href":"https:\/\/www2.historia.uff.br\/site\/index.php\/wp-json\/wp\/v2\/users\/1"}],"replies":[{"embeddable":true,"href":"https:\/\/www2.historia.uff.br\/site\/index.php\/wp-json\/wp\/v2\/comments?post=886"}],"version-history":[{"count":3,"href":"https:\/\/www2.historia.uff.br\/site\/index.php\/wp-json\/wp\/v2\/pages\/886\/revisions"}],"predecessor-version":[{"id":2078,"href":"https:\/\/www2.historia.uff.br\/site\/index.php\/wp-json\/wp\/v2\/pages\/886\/revisions\/2078"}],"wp:attachment":[{"href":"https:\/\/www2.historia.uff.br\/site\/index.php\/wp-json\/wp\/v2\/media?parent=886"}],"wp:term":[{"taxonomy":"category","embeddable":true,"href":"https:\/\/www2.historia.uff.br\/site\/index.php\/wp-json\/wp\/v2\/categories?post=886"},{"taxonomy":"post_tag","embeddable":true,"href":"https:\/\/www2.historia.uff.br\/site\/index.php\/wp-json\/wp\/v2\/tags?post=886"},{"taxonomy":"folder","embeddable":true,"href":"https:\/\/www2.historia.uff.br\/site\/index.php\/wp-json\/wp\/v2\/folder?post=886"}],"curies":[{"name":"wp","href":"https:\/\/api.w.org\/{rel}","templated":true}]}}