{"id":15,"date":"2024-10-26T10:17:46","date_gmt":"2024-10-26T13:17:46","guid":{"rendered":"http:\/\/tempoanateste.000.pe\/?page_id=15"},"modified":"2024-11-05T10:20:32","modified_gmt":"2024-11-05T13:20:32","slug":"sobre","status":"publish","type":"page","link":"https:\/\/www2.historia.uff.br\/tempo\/sobre\/","title":{"rendered":"Sobre"},"content":{"rendered":"\t\t<div data-elementor-type=\"wp-page\" data-elementor-id=\"15\" class=\"elementor elementor-15\">\n\t\t\t\t<div class=\"elementor-element elementor-element-5e41a31 e-flex e-con-boxed wpr-particle-no wpr-jarallax-no wpr-parallax-no wpr-sticky-section-no e-con e-parent\" data-id=\"5e41a31\" data-element_type=\"container\">\n\t\t\t\t\t<div class=\"e-con-inner\">\n\t\t<div class=\"elementor-element elementor-element-3d2d7fc e-con-full e-flex wpr-particle-no wpr-jarallax-no wpr-parallax-no wpr-sticky-section-no e-con e-child\" data-id=\"3d2d7fc\" data-element_type=\"container\">\n\t\t\t\t<\/div>\n\t\t<div class=\"elementor-element elementor-element-bb91938 e-con-full e-flex wpr-particle-no wpr-jarallax-no wpr-parallax-no wpr-sticky-section-no e-con e-child\" data-id=\"bb91938\" data-element_type=\"container\">\n\t\t\t\t<div class=\"elementor-element elementor-element-f2b65f4 elementor-widget elementor-widget-heading\" data-id=\"f2b65f4\" data-element_type=\"widget\" data-widget_type=\"heading.default\">\n\t\t\t\t<div class=\"elementor-widget-container\">\n\t\t\t\t\t<h2 class=\"elementor-heading-title elementor-size-default\">Sobre o peri\u00f3dico<\/h2>\t\t\t\t<\/div>\n\t\t\t\t<\/div>\n\t\t\t\t<\/div>\n\t\t\t\t\t<\/div>\n\t\t\t\t<\/div>\n\t\t<div class=\"elementor-element elementor-element-32bacef e-flex e-con-boxed wpr-particle-no wpr-jarallax-no wpr-parallax-no wpr-sticky-section-no e-con e-parent\" data-id=\"32bacef\" data-element_type=\"container\">\n\t\t\t\t\t<div class=\"e-con-inner\">\n\t\t\t\t<div class=\"elementor-element elementor-element-96908cb elementor-widget elementor-widget-text-editor\" data-id=\"96908cb\" data-element_type=\"widget\" data-widget_type=\"text-editor.default\">\n\t\t\t\t<div class=\"elementor-widget-container\">\n\t\t\t\t\t\t\t\t\t<h4>Breve hist\u00f3rico<\/h4><div>Tempo \u2013 revista do Departamento de Hist\u00f3ria da UFF, criada em 1996 por iniciativa do referido Departamento e do Programa de P\u00f3s-Gradua\u00e7\u00e3o em Hist\u00f3ria, ambos do Instituto de Hist\u00f3ria da UFF, \u00e9 um peri\u00f3dico destinado \u00e0 divulga\u00e7\u00e3o e discuss\u00e3o de trabalhos de pesquisa no campo da Hist\u00f3ria. Ao longo dos anos a revista consolidou-se como f\u00f3rum importante de debate da Hist\u00f3ria em diferentes modalidades \u2013 social, econ\u00f4mica, pol\u00edtica, das ideias, entre outras \u2013, cumprindo o objetivo de constituir-se um canal de publica\u00e7\u00e3o de pesquisas cient\u00edficas inovadoras geradas por historiadores do pa\u00eds e do exterior.<\/div><div>\u00a0<\/div><h4>Conformidade com a Ci\u00eancia Aberta<\/h4><div>A editoria da Tempo acompanha atentamente os debates sobre Ci\u00eancia Aberta, especialmente no f\u00f3rum de editores da Associa\u00e7\u00e3o Nacional de Hist\u00f3ria (ANPUH), reconhecendo as particularidades dos peri\u00f3dicos de Ci\u00eancias Humanas no Brasil. Nesse sentido, tem buscado adotar as pr\u00e1ticas da Ci\u00eancia Aberta, fazendo uma gest\u00e3o transparente na edi\u00e7\u00e3o de cada n\u00famero e no tratamento dos dados de pesquisa. Desde o \u00faltimo n\u00famero de 2024, o peri\u00f3dico iniciou a abertura gradual do processo de avalia\u00e7\u00e3o dos manuscritos, permitindo a identifica\u00e7\u00e3o dos pareceristas com o consentimento dos mesmos nos artigos aprovados para publica\u00e7\u00e3o. Da mesma forma, os autores dever\u00e3o incluir refer\u00eancias a sites que disponibilizam c\u00f3pias digitais de documentos em arquivos, bibliotecas, reposit\u00f3rios, teses e artigos on-line citados no manuscrito. Exce\u00e7\u00f5es s\u00e3o permitidas em casos de quest\u00f5es legais e \u00e9ticas. Al\u00e9m disso, o autor ao submeter o artigo para a Tempo tamb\u00e9m se compromete a disponibilizar mediante solicita\u00e7\u00e3o direta os dados analisados no artigo.<\/div><div>\u00a0<\/div><div>Os artigos submetidos para publica\u00e7\u00e3o devem ser in\u00e9ditos, n\u00e3o tendo sido publicados anteriormente em formatos impresso ou eletr\u00f4nico, exceto aqueles disponibilizados em reposit\u00f3rios preprints. Neste caso, no momento da submiss\u00e3o o autor respons\u00e1vel deve preencher e anexar o <a href=\"http:\/\/tempoanateste.000.pe\/wp-content\/uploads\/2024\/11\/Formulario_sobre_Conformidade_com_a_Ciencia_Aberta_ES.docx\">Formul\u00e1rio sobre Conformidade com a Ci\u00eancia Aberta<\/a> e envi\u00e1-lo aos editores chefes.<\/div><div>\u00a0<\/div><div>N\u00e3o \u00e9 permitida a submiss\u00e3o simult\u00e2nea para avalia\u00e7\u00e3o em outro peri\u00f3dico.<\/div><div>\u00a0<\/div><div>Este peri\u00f3dico segue o modelo Gold Open Access.<\/div><div>\u00a0<\/div><h4>\u00c9tica na publica\u00e7\u00e3o<\/h4><div>Os artigos submetidos ao peri\u00f3dico Tempo s\u00e3o identificados no momento de sua aprova\u00e7\u00e3o pelos avaliadores e vice-versa. Os editores chefes n\u00e3o podem submeter artigos no peri\u00f3dico durante a sua gest\u00e3o, com exce\u00e7\u00e3o de entrevistas. Todos os casos de d\u00favida s\u00e3o avaliados em conjunto com os editores associados, e para altera\u00e7\u00f5es do regimento consulta-se o conselho editorial.<\/div><div>\u00a0<\/div><div><a href=\"http:\/\/tempoanateste.000.pe\/wp-content\/uploads\/2024\/11\/Regimento_tempo.pdf\">REGIMENTO_Revista TEMPO_ 07DEZ_2021<\/a><\/div><div>\u00a0<\/div><h4>Foco e escopo<\/h4><div>Tempo funciona como instrumento afinado com a identidade do Instituto de Hist\u00f3ria da Universidade Federal Fluminense (IHT-UFF). Sua orienta\u00e7\u00e3o editorial dialoga com os campos de interesses de seus professores, pesquisadores, orientandos e linhas de pesquisa que, gra\u00e7as ao trabalho de editores, conselheiros e equipe t\u00e9cnica, s\u00e3o convertidos em conte\u00fado para leitura e an\u00e1lise. Um cuidadoso processo de produ\u00e7\u00e3o editorial atenta para a excel\u00eancia da qualidade do que \u00e9 publicado no peri\u00f3dico.<\/div><div>\u00a0<\/div><div>Tempo publica artigos (livres e em dossi\u00eas), resenhas e entrevistas, abarcando um amplo espectro de temas hist\u00f3ricos com diferentes abordagens temporais e espaciais. Contudo, n\u00e3o publica artigos sobre hist\u00f3ria da educa\u00e7\u00e3o. As contribui\u00e7\u00f5es devem ser originais, ainda n\u00e3o publicadas e\/ou em processo de avalia\u00e7\u00e3o em outros peri\u00f3dicos.<\/div><div>\u00a0<\/div><div>Desde 2016 Tempo tem sido publicada tr\u00eas vezes ao ano, e a partir de 2024 em sistema de fluxo cont\u00ednuo.<\/div><div>\u00a0<\/div><div>Os temas dos dossi\u00eas s\u00e3o escolhidos ap\u00f3s lan\u00e7amento de um edital p\u00fablico e universal, por uma comiss\u00e3o externa formada exclusivamente para esse fim, a cada dois anos. Os dossi\u00eas devem ser propostos preferencialmente por um pesquisador brasileiro e outro estrangeiro. Os artigos que devem compor os respectivos dossi\u00eas aprovados tamb\u00e9m s\u00e3o selecionados a partir de chamada p\u00fablica e avaliados por especialistas ad hoc (peer review), tal como os artigos livres que comp\u00f5em a revista.<\/div><div>\u00a0<\/div><h4>Preserva\u00e7\u00e3o digital<\/h4><div>Este peri\u00f3dico segue os padr\u00f5es definidos no programa de<a href=\"https:\/\/www.scielo.org\/pt\/sobre-o-scielo\/preservacao-digital\/\"> Pol\u00edtica de Preserva\u00e7\u00e3o Digital do Programa SciELO<\/a>.<\/div><div>\u00a0<\/div><h4>Fontes de indexa\u00e7\u00e3o<\/h4><ul><li><a href=\"https:\/\/www.scielo.br\/j\/tem\/\">SciELO<\/a><\/li><li><a href=\"https:\/\/www.scopus.com\/sourceid\/21100205962?origin=sbrowse\">Scopus<\/a><\/li><li><a href=\"https:\/\/www.redalyc.org\/revista.oa?id=1670\">RedALyC<\/a><\/li><li><a href=\"https:\/\/latindex.org\/latindex\/ficha\/17929\">Latindex<\/a><\/li><li><a href=\"https:\/\/www-periodicos-capes-gov-br.ezl.periodicos.capes.gov.br\/index.php\/acervo\/lista-a-z-periodicos.html?q=Tempo\">Capes Peri\u00f3dicos<\/a><\/li><li><a href=\"https:\/\/www.sumarios.org\/revista\/tempo\">Sum\u00e1rios de Revistas Brasileiras<\/a><\/li><li><a href=\"https:\/\/www.scimagojr.com\/journalsearch.php?q=21100205962&amp;tip=sid&amp;clean=0#google_vignette\">Scimago<\/a><\/li><\/ul><h4>Ficha bibliogr\u00e1fica<\/h4><ul><li>T\u00edtulo do peri\u00f3dico conforme registro do ISSN: Tempo<\/li><li>T\u00edtulo abreviado conforme registrodo ISSN: Tem<\/li><li>Publica\u00e7\u00e3o de: Eduff<\/li><li>Periodicidade: quadrimestral<\/li><li>Modalidade de publica\u00e7\u00e3o: Publica\u00e7\u00e3o Cont\u00ednua<\/li><li>Ano de cria\u00e7\u00e3o do peri\u00f3dico: 1996<\/li><\/ul>\t\t\t\t\t\t\t\t<\/div>\n\t\t\t\t<\/div>\n\t\t\t\t\t<\/div>\n\t\t\t\t<\/div>\n\t\t\t\t<\/div>\n\t\t","protected":false},"excerpt":{"rendered":"<p>Sobre o peri\u00f3dico Breve hist\u00f3rico Tempo \u2013 revista do Departamento de Hist\u00f3ria da UFF, criada em 1996 por iniciativa do referido Departamento e do Programa de P\u00f3s-Gradua\u00e7\u00e3o em Hist\u00f3ria, ambos do Instituto de Hist\u00f3ria da UFF, \u00e9 um peri\u00f3dico destinado \u00e0 divulga\u00e7\u00e3o e discuss\u00e3o de trabalhos de pesquisa no campo da Hist\u00f3ria. Ao longo dos anos a revista consolidou-se como f\u00f3rum importante de debate da Hist\u00f3ria em diferentes modalidades \u2013 social, econ\u00f4mica, pol\u00edtica, das ideias, entre outras \u2013, cumprindo o objetivo de constituir-se um canal de publica\u00e7\u00e3o de pesquisas cient\u00edficas inovadoras geradas por historiadores do pa\u00eds e do exterior.\u00a0 Conformidade com a Ci\u00eancia Aberta A editoria da Tempo acompanha atentamente os debates sobre Ci\u00eancia Aberta, especialmente no f\u00f3rum de editores da Associa\u00e7\u00e3o Nacional de Hist\u00f3ria (ANPUH), reconhecendo as particularidades dos peri\u00f3dicos de Ci\u00eancias Humanas no Brasil. Nesse sentido, tem buscado adotar as pr\u00e1ticas da Ci\u00eancia Aberta, fazendo uma gest\u00e3o transparente na edi\u00e7\u00e3o de cada n\u00famero e no tratamento dos dados de pesquisa. Desde o \u00faltimo n\u00famero de 2024, o peri\u00f3dico iniciou a abertura gradual do processo de avalia\u00e7\u00e3o dos manuscritos, permitindo a identifica\u00e7\u00e3o dos pareceristas com o consentimento dos mesmos nos artigos aprovados para publica\u00e7\u00e3o. Da mesma forma, os autores dever\u00e3o incluir refer\u00eancias a sites que disponibilizam c\u00f3pias digitais de documentos em arquivos, bibliotecas, reposit\u00f3rios, teses e artigos on-line citados no manuscrito. Exce\u00e7\u00f5es s\u00e3o permitidas em casos de quest\u00f5es legais e \u00e9ticas. Al\u00e9m disso, o autor ao submeter o artigo para a Tempo tamb\u00e9m se compromete a disponibilizar mediante solicita\u00e7\u00e3o direta os dados analisados no artigo.\u00a0Os artigos submetidos para publica\u00e7\u00e3o devem ser in\u00e9ditos, n\u00e3o tendo sido publicados anteriormente em formatos impresso ou eletr\u00f4nico, exceto aqueles disponibilizados em reposit\u00f3rios preprints. Neste caso, no momento da submiss\u00e3o o autor respons\u00e1vel deve preencher e anexar o Formul\u00e1rio sobre Conformidade com a Ci\u00eancia Aberta e envi\u00e1-lo aos editores chefes.\u00a0N\u00e3o \u00e9 permitida a submiss\u00e3o simult\u00e2nea para avalia\u00e7\u00e3o em outro peri\u00f3dico.\u00a0Este peri\u00f3dico segue o modelo Gold Open Access.\u00a0 \u00c9tica na publica\u00e7\u00e3o Os artigos submetidos ao peri\u00f3dico Tempo s\u00e3o identificados no momento de sua aprova\u00e7\u00e3o pelos avaliadores e vice-versa. Os editores chefes n\u00e3o podem submeter artigos no peri\u00f3dico durante a sua gest\u00e3o, com exce\u00e7\u00e3o de entrevistas. Todos os casos de d\u00favida s\u00e3o avaliados em conjunto com os editores associados, e para altera\u00e7\u00f5es do regimento consulta-se o conselho editorial.\u00a0REGIMENTO_Revista TEMPO_ 07DEZ_2021\u00a0 Foco e escopo Tempo funciona como instrumento afinado com a identidade do Instituto de Hist\u00f3ria da Universidade Federal Fluminense (IHT-UFF). Sua orienta\u00e7\u00e3o editorial dialoga com os campos de interesses de seus professores, pesquisadores, orientandos e linhas de pesquisa que, gra\u00e7as ao trabalho de editores, conselheiros e equipe t\u00e9cnica, s\u00e3o convertidos em conte\u00fado para leitura e an\u00e1lise. Um cuidadoso processo de produ\u00e7\u00e3o editorial atenta para a excel\u00eancia da qualidade do que \u00e9 publicado no peri\u00f3dico.\u00a0Tempo publica artigos (livres e em dossi\u00eas), resenhas e entrevistas, abarcando um amplo espectro de temas hist\u00f3ricos com diferentes abordagens temporais e espaciais. Contudo, n\u00e3o publica artigos sobre hist\u00f3ria da educa\u00e7\u00e3o. As contribui\u00e7\u00f5es devem ser originais, ainda n\u00e3o publicadas e\/ou em processo de avalia\u00e7\u00e3o em outros peri\u00f3dicos.\u00a0Desde 2016 Tempo tem sido publicada tr\u00eas vezes ao ano, e a partir de 2024 em sistema de fluxo cont\u00ednuo.\u00a0Os temas dos dossi\u00eas s\u00e3o escolhidos ap\u00f3s lan\u00e7amento de um edital p\u00fablico e universal, por uma comiss\u00e3o externa formada exclusivamente para esse fim, a cada dois anos. Os dossi\u00eas devem ser propostos preferencialmente por um pesquisador brasileiro e outro estrangeiro. Os artigos que devem compor os respectivos dossi\u00eas aprovados tamb\u00e9m s\u00e3o selecionados a partir de chamada p\u00fablica e avaliados por especialistas ad hoc (peer review), tal como os artigos livres que comp\u00f5em a revista.\u00a0 Preserva\u00e7\u00e3o digital Este peri\u00f3dico segue os padr\u00f5es definidos no programa de Pol\u00edtica de Preserva\u00e7\u00e3o Digital do Programa SciELO.\u00a0 Fontes de indexa\u00e7\u00e3o SciELO Scopus RedALyC Latindex Capes Peri\u00f3dicos Sum\u00e1rios de Revistas Brasileiras Scimago Ficha bibliogr\u00e1fica T\u00edtulo do peri\u00f3dico conforme registro do ISSN: Tempo T\u00edtulo abreviado conforme registrodo ISSN: Tem Publica\u00e7\u00e3o de: Eduff Periodicidade: quadrimestral Modalidade de publica\u00e7\u00e3o: Publica\u00e7\u00e3o Cont\u00ednua Ano de cria\u00e7\u00e3o do peri\u00f3dico: 1996<\/p>\n","protected":false},"author":1,"featured_media":0,"parent":0,"menu_order":0,"comment_status":"closed","ping_status":"closed","template":"elementor_header_footer","meta":{"footnotes":""},"class_list":["post-15","page","type-page","status-publish","hentry"],"_links":{"self":[{"href":"https:\/\/www2.historia.uff.br\/tempo\/wp-json\/wp\/v2\/pages\/15","targetHints":{"allow":["GET"]}}],"collection":[{"href":"https:\/\/www2.historia.uff.br\/tempo\/wp-json\/wp\/v2\/pages"}],"about":[{"href":"https:\/\/www2.historia.uff.br\/tempo\/wp-json\/wp\/v2\/types\/page"}],"author":[{"embeddable":true,"href":"https:\/\/www2.historia.uff.br\/tempo\/wp-json\/wp\/v2\/users\/1"}],"replies":[{"embeddable":true,"href":"https:\/\/www2.historia.uff.br\/tempo\/wp-json\/wp\/v2\/comments?post=15"}],"version-history":[{"count":31,"href":"https:\/\/www2.historia.uff.br\/tempo\/wp-json\/wp\/v2\/pages\/15\/revisions"}],"predecessor-version":[{"id":953,"href":"https:\/\/www2.historia.uff.br\/tempo\/wp-json\/wp\/v2\/pages\/15\/revisions\/953"}],"wp:attachment":[{"href":"https:\/\/www2.historia.uff.br\/tempo\/wp-json\/wp\/v2\/media?parent=15"}],"curies":[{"name":"wp","href":"https:\/\/api.w.org\/{rel}","templated":true}]}}