{"id":1940,"date":"2024-11-25T10:16:36","date_gmt":"2024-11-25T13:16:36","guid":{"rendered":"https:\/\/tempoanateste.000.pe\/?page_id=1940"},"modified":"2024-11-29T20:59:00","modified_gmt":"2024-11-29T23:59:00","slug":"edicoes-digitais","status":"publish","type":"page","link":"https:\/\/www2.historia.uff.br\/tempo\/edicoes-digitais\/","title":{"rendered":"Edi\u00e7\u00f5es digitais"},"content":{"rendered":"\t\t<div data-elementor-type=\"wp-page\" data-elementor-id=\"1940\" class=\"elementor elementor-1940\">\n\t\t\t\t<div class=\"elementor-element elementor-element-c916bfa e-flex e-con-boxed wpr-particle-no wpr-jarallax-no wpr-parallax-no wpr-sticky-section-no e-con e-parent\" data-id=\"c916bfa\" data-element_type=\"container\" data-settings=\"{&quot;background_background&quot;:&quot;classic&quot;}\">\n\t\t\t\t\t<div class=\"e-con-inner\">\n\t\t\t\t<div class=\"elementor-element elementor-element-7a5bee2 elementor-widget elementor-widget-heading\" data-id=\"7a5bee2\" data-element_type=\"widget\" data-widget_type=\"heading.default\">\n\t\t\t\t<div class=\"elementor-widget-container\">\n\t\t\t\t\t<h2 class=\"elementor-heading-title elementor-size-default\">Edi\u00e7\u00f5es digitais<\/h2>\t\t\t\t<\/div>\n\t\t\t\t<\/div>\n\t\t\t\t\t<\/div>\n\t\t\t\t<\/div>\n\t\t<div class=\"elementor-element elementor-element-ce3661d e-flex e-con-boxed wpr-particle-no wpr-jarallax-no wpr-parallax-no wpr-sticky-section-no e-con e-parent\" data-id=\"ce3661d\" data-element_type=\"container\">\n\t\t\t\t\t<div class=\"e-con-inner\">\n\t\t\t\t<div class=\"elementor-element elementor-element-23d297a elementor-widget elementor-widget-text-editor\" data-id=\"23d297a\" data-element_type=\"widget\" data-widget_type=\"text-editor.default\">\n\t\t\t\t<div class=\"elementor-widget-container\">\n\t\t\t\t\t\t\t\t\t<h4 style=\"font-weight: 400;\">\u00a0<\/h4><p style=\"font-weight: 400;\">A partir de 2005 a revista passou a ser publicada on-line, integrando a rede SciELO desde 2006. Ap\u00f3s um per\u00edodo de testes, em 2016 <em>Tempo<\/em>\u00a0passou a ser publicada tr\u00eas vezes por ano, e a partir de 2024 em sistema de fluxo cont\u00ednuo, com dossi\u00eas, artigos avulsos, resenhas e entrevistas.<\/p><p style=\"font-weight: 400;\"><a href=\"https:\/\/www.scielo.br\/j\/tem\/\">Acesse aqui<\/a> o site SciELO da revista.<\/p>\t\t\t\t\t\t\t\t<\/div>\n\t\t\t\t<\/div>\n\t\t\t\t\t<\/div>\n\t\t\t\t<\/div>\n\t\t<div class=\"elementor-element elementor-element-48fcaac e-flex e-con-boxed wpr-particle-no wpr-jarallax-no wpr-parallax-no wpr-sticky-section-no e-con e-parent\" data-id=\"48fcaac\" data-element_type=\"container\">\n\t\t\t\t\t<div class=\"e-con-inner\">\n\t\t\t\t\t<\/div>\n\t\t\t\t<\/div>\n\t\t\t\t<\/div>\n\t\t","protected":false},"excerpt":{"rendered":"<p>Edi\u00e7\u00f5es digitais \u00a0 A partir de 2005 a revista passou a ser publicada on-line, integrando a rede SciELO desde 2006. Ap\u00f3s um per\u00edodo de testes, em 2016 Tempo\u00a0passou a ser publicada tr\u00eas vezes por ano, e a partir de 2024 em sistema de fluxo cont\u00ednuo, com dossi\u00eas, artigos avulsos, resenhas e entrevistas. Acesse aqui o site SciELO da revista.<\/p>\n","protected":false},"author":1,"featured_media":0,"parent":0,"menu_order":0,"comment_status":"closed","ping_status":"closed","template":"elementor_header_footer","meta":{"footnotes":""},"class_list":["post-1940","page","type-page","status-publish","hentry"],"_links":{"self":[{"href":"https:\/\/www2.historia.uff.br\/tempo\/wp-json\/wp\/v2\/pages\/1940","targetHints":{"allow":["GET"]}}],"collection":[{"href":"https:\/\/www2.historia.uff.br\/tempo\/wp-json\/wp\/v2\/pages"}],"about":[{"href":"https:\/\/www2.historia.uff.br\/tempo\/wp-json\/wp\/v2\/types\/page"}],"author":[{"embeddable":true,"href":"https:\/\/www2.historia.uff.br\/tempo\/wp-json\/wp\/v2\/users\/1"}],"replies":[{"embeddable":true,"href":"https:\/\/www2.historia.uff.br\/tempo\/wp-json\/wp\/v2\/comments?post=1940"}],"version-history":[{"count":10,"href":"https:\/\/www2.historia.uff.br\/tempo\/wp-json\/wp\/v2\/pages\/1940\/revisions"}],"predecessor-version":[{"id":1959,"href":"https:\/\/www2.historia.uff.br\/tempo\/wp-json\/wp\/v2\/pages\/1940\/revisions\/1959"}],"wp:attachment":[{"href":"https:\/\/www2.historia.uff.br\/tempo\/wp-json\/wp\/v2\/media?parent=1940"}],"curies":[{"name":"wp","href":"https:\/\/api.w.org\/{rel}","templated":true}]}}