{"id":202,"date":"2024-10-28T13:49:19","date_gmt":"2024-10-28T16:49:19","guid":{"rendered":"http:\/\/tempoanateste.000.pe\/?page_id=202"},"modified":"2024-11-04T12:12:20","modified_gmt":"2024-11-04T15:12:20","slug":"instrucoes","status":"publish","type":"page","link":"https:\/\/www2.historia.uff.br\/tempo\/instrucoes\/","title":{"rendered":"Instru\u00e7\u00f5es"},"content":{"rendered":"\t\t<div data-elementor-type=\"wp-page\" data-elementor-id=\"202\" class=\"elementor elementor-202\">\n\t\t\t\t<div class=\"elementor-element elementor-element-2a1b05c e-flex e-con-boxed wpr-particle-no wpr-jarallax-no wpr-parallax-no wpr-sticky-section-no e-con e-parent\" data-id=\"2a1b05c\" data-element_type=\"container\" data-settings=\"{&quot;background_background&quot;:&quot;classic&quot;}\">\n\t\t\t\t\t<div class=\"e-con-inner\">\n\t\t<div class=\"elementor-element elementor-element-5222be9 e-con-full e-flex wpr-particle-no wpr-jarallax-no wpr-parallax-no wpr-sticky-section-no e-con e-child\" data-id=\"5222be9\" data-element_type=\"container\">\n\t\t\t\t<\/div>\n\t\t<div class=\"elementor-element elementor-element-3ff8826 e-con-full e-flex wpr-particle-no wpr-jarallax-no wpr-parallax-no wpr-sticky-section-no e-con e-child\" data-id=\"3ff8826\" data-element_type=\"container\">\n\t\t\t\t<div class=\"elementor-element elementor-element-e905036 elementor-widget elementor-widget-heading\" data-id=\"e905036\" data-element_type=\"widget\" data-widget_type=\"heading.default\">\n\t\t\t\t<div class=\"elementor-widget-container\">\n\t\t\t\t\t<h2 class=\"elementor-heading-title elementor-size-default\">Instru\u00e7\u00f5es<\/h2>\t\t\t\t<\/div>\n\t\t\t\t<\/div>\n\t\t\t\t<\/div>\n\t\t\t\t\t<\/div>\n\t\t\t\t<\/div>\n\t\t<div class=\"elementor-element elementor-element-f230234 e-flex e-con-boxed wpr-particle-no wpr-jarallax-no wpr-parallax-no wpr-sticky-section-no e-con e-parent\" data-id=\"f230234\" data-element_type=\"container\">\n\t\t\t\t\t<div class=\"e-con-inner\">\n\t\t<div class=\"elementor-element elementor-element-a726cf0 e-con-full e-flex wpr-particle-no wpr-jarallax-no wpr-parallax-no wpr-sticky-section-no e-con e-child\" data-id=\"a726cf0\" data-element_type=\"container\">\n\t\t\t\t<div class=\"elementor-element elementor-element-e56f5d7 elementor-widget elementor-widget-text-editor\" data-id=\"e56f5d7\" data-element_type=\"widget\" data-widget_type=\"text-editor.default\">\n\t\t\t\t<div class=\"elementor-widget-container\">\n\t\t\t\t\t\t\t\t\t<h3>Tipos de documentos aceitos<\/h3><p>O peri\u00f3dico se dedica \u00e0 publica\u00e7\u00e3o de artigos originais (avulsos e em dossi\u00eas), resenhas e entrevistas em portugu\u00eas, ingl\u00eas, espanhol e franc\u00eas.<\/p><p>A Tempo n\u00e3o se responsabiliza pela revis\u00e3o do manuscrito submetido em l\u00edngua estrangeira. Os artigos avulsos podem abordar diferentes temas, baseados em pesquisa te\u00f3rica, historiogr\u00e1fica e\/ou fontes prim\u00e1rias. Os artigos em dossi\u00eas referem-se \u00e0 an\u00e1lise de um t\u00f3pico espec\u00edfico proposto por especialistas, organizadores dos dossi\u00eas.<\/p><p>Para enviar artigos ao peri\u00f3dico, todos os autores precisam ter titula\u00e7\u00e3o de doutor.<\/p><p>Os autores obrigatoriamente devem informar seu n\u00famero ORCID (Open Researcher and Contributor ID) quando da submiss\u00e3o do artigo. Registro e informa\u00e7\u00f5es no site <a href=\"https:\/\/orcid.org\/signin\">https:\/\/orcid.org\/signin<\/a>.<\/p><p>Cada autor(a) poder\u00e1 ter somente um artigo em processo de avalia\u00e7\u00e3o. Ser\u00e1 ainda observado um intervalo de dois anos entre a publica\u00e7\u00e3o e o in\u00edcio de um novo processo de submiss\u00e3o de texto de um autor(a).<\/p><p>Todos os trabalhos aprovados quando da sua publica\u00e7\u00e3o final no peri\u00f3dico Tempo receber\u00e3o seu Digital Object Identifier (<a href=\"https:\/\/www.doi.org\/\">DOI<\/a>)<\/p><h3>Contribui\u00e7\u00e3o dos autores<\/h3><p>No caso de artigos com autoria m\u00faltipla, os autores devem especificar em mensagem aos editores quais foram as contribui\u00e7\u00f5es individuais de cada autor(a) na elabora\u00e7\u00e3o do texto, quando for poss\u00edvel. Caso seja necess\u00e1rio, o artigo publicado explicitar\u00e1 as diferentes contribui\u00e7\u00f5es dos autores conforme a taxonomia do <a href=\"https:\/\/credit.niso.org\/\">CRediT \u2013 Contributor Roles Taxonomy<\/a>.<\/p><h3>Prepara\u00e7\u00e3o do manuscrito<\/h3><p>Para viabilizar a avalia\u00e7\u00e3o cega, os manuscritos n\u00e3o podem ter identifica\u00e7\u00e3o autoral na p\u00e1gina inicial, no texto e nas notas.<br \/>Todas as contribui\u00e7\u00f5es devem usar o editor de texto da Microsoft Word ou editores compat\u00edveis (Times New Roman, tipo 12 e espa\u00e7o 1,5). Os artigos que n\u00e3o estiverem estritamente conforme as regras ser\u00e3o rejeitados.<\/p><p><strong>Os artigos devem ter:<\/strong><\/p><ul><li>entre 40.000 e 60.000 caracteres com espa\u00e7os;<\/li><li>t\u00edtulos, resumos (at\u00e9 950 caracteres cada, com espa\u00e7os) e tr\u00eas palavras-chave em portugu\u00eas e ingl\u00eas;<\/li><li>notas de rodap\u00e9 e bibliografia;<\/li><li>cita\u00e7\u00f5es bibliogr\u00e1ficas no corpo do texto, notas de rodap\u00e9 e bibliografia final conforme as normas da ABNT (como apresentadas nos exemplos abaixo).<\/li><\/ul><p><strong>Sobre as resenhas cr\u00edticas:<\/strong><br \/>As resenhas cr\u00edticas devem colocar a obra analisada em di\u00e1logo com a historiografia pertinente ao tema, estimulando o debate acad\u00eamico por meio de sua publica\u00e7\u00e3o. Devem trazer novas pontua\u00e7\u00f5es e conhecimentos e n\u00e3o se limitar ao simples resumo da obra. Devem referir-se a livros nacionais publicados no mesmo ano ou no ano anterior ao da submiss\u00e3o, ou livros estrangeiros publicados nos \u00faltimos tr\u00eas anos. Autores de resenhas devem evitar situa\u00e7\u00f5es que possam ser caracterizadas como conflito de interesses.<\/p><p><strong>As resenhas devem ter:<\/strong><\/p><ul><li>entre 10.000 e 15.000 caracteres com espa\u00e7os;<\/li><li>um t\u00edtulo diferente do t\u00edtulo do livro resenhado, em portugu\u00eas e ingl\u00eas;<\/li><li>pequenos resumos (at\u00e9 300 caracteres cada, com espa\u00e7os) e tr\u00eas palavras-chave em portugu\u00eas e ingl\u00eas;<\/li><li>ao menos 1 refer\u00eancia bibliogr\u00e1fica ao longo do texto e devidamente referenciada no final.<\/li><\/ul><p><strong>As entrevistas devem ter:<\/strong><\/p><ul><li>entre 15.000 e 30.000 caracteres, com espa\u00e7os;<\/li><li>t\u00edtulos em portugu\u00eas e ingl\u00eas; pequenos resumos (at\u00e9 300 caracteres cada, com espa\u00e7os) e tr\u00eas palavras-chave em portugu\u00eas e ingl\u00eas;<\/li><li>ao menos 1 refer\u00eancia bibliogr\u00e1fica ao longo do texto, devidamente mencionada no final.<\/li><\/ul><p><strong>Refer\u00eancias bibliogr\u00e1ficas e cita\u00e7\u00f5es<\/strong><\/p><p>O peri\u00f3dico Tempo utiliza as seguintes instru\u00e7\u00f5es normativas da Associa\u00e7\u00e3o Brasileira de Normas T\u00e9cnicas (ABNT): Refer\u00eancias &#8211; Elabora\u00e7\u00e3o (NBR-6023\/2018); Cita\u00e7\u00f5es em documentos &#8211; Apresenta\u00e7\u00e3o (NBR 10520\/2002) e Resumo &#8211; Apresenta\u00e7\u00e3o (NBR 6028\/2003).<\/p><p><strong>Livros<\/strong><br \/>Corpo do texto e notas: (Monteiro, 2023, p. 175)<br \/>Refer\u00eancias: MONTEIRO, Rodrigo Bentes. O c\u00f3dice endiabrado: da subleva\u00e7\u00e3o nas Minas em 1720. Niter\u00f3i: Eduff, 2023.<\/p><p><strong>Cap\u00edtulo de livros<\/strong><br \/>corpo de texto e notas: (Santos, 2021, p. 83-108)<br \/>Refer\u00eancias: SANTOS, Georgina Silva dos. Bruxas e freiras nas malhas da Inquisi\u00e7\u00e3o portuguesa. In: MEGIANI, Ana Paula Torres; MONTEIRO, Rodrigo Bentes (Orgs.). Tra\u00e7os: da obra de Laura de Mello e Souza. Rio de Janeiro: Ouro sobre Azul, 2021, p. 83-108.<\/p><p><strong>Artigos<\/strong><br \/>corpo do texto e notas: (Quadrat, 2023, p. 224)<br \/>Refer\u00eancias: QUADRAT, Samantha Viz. Mem\u00f3rias da ditadura e da resist\u00eancia no centro da cidade do Rio de Janeiro. Revista Transversos (Rio de Janeiro). n. 28, p. 223-233, 2023. Dispon\u00edvel em: https:\/\/www.e-publicacoes.uerj.br\/transversos\/article\/view\/78625<br \/>Acesso em: 31\/08\/2024.<\/p><p><strong>Teses e disserta\u00e7\u00f5es<\/strong><br \/>corpo do texto e notas: (Souza, 2015, p. 139)<br \/>Refer\u00eancia: SOUZA, Elizabeth Santos de. O mercado de cr\u00e9dito na corte joanina: experi\u00eancias das rela\u00e7\u00f5es sociais de empr\u00e9stimos (c. 1808-1821). Disserta\u00e7\u00e3o (Mestrado em Hist\u00f3ria), Universidade Federal Fluminense. Niter\u00f3i, 2015.<br \/>Dispon\u00edvel em: https:\/\/www.historia.uff.br\/stricto\/td\/1936.pdf<br \/>Acesso em: 30\/08\/2024.<\/p><p><strong>Texto obtido na internet<\/strong><br \/>SOBRENOME, Nome. T\u00edtulo. Data (se houver). Dispon\u00edvel em: https:\/\/www&#8230; Acesso em: dia\/m\u00eas\/ano.<\/p><p><strong>Trabalho apresentado em evento<\/strong><br \/>SOBRENOME, Nome. T\u00edtulo do trabalho. In: Nome do evento, n\u00famero (se houver), ano, Local do evento. Anais&#8230; Local: Editora (se houver), ano, p. xxx-yyy.<\/p><p><strong>Documentos de arquivos e bibliotecas (manuscritos, datilografados, digitalizados etc.)<\/strong><\/p><p><strong>Notas de rodap\u00e9<\/strong><br \/>Arquivo Hist\u00f3rico Ultramarino (AHU), \u201cRequerimento de Jo\u00e3o Cordeiro, pedindo provis\u00e3o, por um ano, para servir nos of\u00edcios de tabeli\u00e3o, escriv\u00e3o da C\u00e2mara e Almota\u00e7aria na Vila de Pitangui, Comarca do Sabar\u00e1\u201d, Minas Gerais, Cx. 35, Doc. 01. Dispon\u00edvel em: https:\/\/www &#8230; Acesso em: dia\/m\u00eas\/ano.<\/p><p><strong>Cita\u00e7\u00f5es de trechos de manuscritos e impressos<\/strong><br \/>Em aten\u00e7\u00e3o \u00e0 historicidade dos textos, todas as cita\u00e7\u00f5es de trechos de manuscritos ou edi\u00e7\u00f5es impressas, antigas ou recentes, devem respeitar as respectivas ortografias originais, incluindo pontua\u00e7\u00e3o, acentua\u00e7\u00e3o, uso de mai\u00fasculas e min\u00fasculas, sem atualizar a linguagem ou escrever [sic]. Em caso de cita\u00e7\u00e3o \u201capud\u201d, respeitar-se-\u00e1 a forma ortogr\u00e1fica da edi\u00e7\u00e3o consultada.<\/p><h3>Ativos digitais<\/h3><p>Tabelas, quadros, figuras, ilustra\u00e7\u00f5es, mapas, diagramas e demais ativos digitais presentes nos documentos devem ser enviados no corpo do artigo submetido e em arquivos anexos em alta resolu\u00e7\u00e3o (formato jpeg ou png), para posterior publica\u00e7\u00e3o no peri\u00f3dico.<br \/>A fim de facilitar a audi\u00e7\u00e3o dos artigos e sua acessibilidade conforme os princ\u00edpios de Diversidade, Equidade, Inclus\u00e3o e Acessibilidade (DEIA), as imagens nos artigos devem ser descritas de modo sint\u00e9tico e claro em legendas abaixo, tanto quanto poss\u00edvel.<\/p><h3>Declara\u00e7\u00e3o de financiamento<\/h3><p>Quando os artigos s\u00e3o aprovados e identificados, os autores podem informar em nota inicial do texto as fontes de apoio para o trabalho, como institui\u00e7\u00f5es acad\u00eamicas, ag\u00eancias de fomento, tipo de bolsa ou aux\u00edlio e n\u00fameros de processos.<\/p>\t\t\t\t\t\t\t\t<\/div>\n\t\t\t\t<\/div>\n\t\t\t\t<\/div>\n\t\t\t\t\t<\/div>\n\t\t\t\t<\/div>\n\t\t\t\t<\/div>\n\t\t","protected":false},"excerpt":{"rendered":"<p>Instru\u00e7\u00f5es Tipos de documentos aceitos O peri\u00f3dico se dedica \u00e0 publica\u00e7\u00e3o de artigos originais (avulsos e em dossi\u00eas), resenhas e entrevistas em portugu\u00eas, ingl\u00eas, espanhol e franc\u00eas. A Tempo n\u00e3o se responsabiliza pela revis\u00e3o do manuscrito submetido em l\u00edngua estrangeira. Os artigos avulsos podem abordar diferentes temas, baseados em pesquisa te\u00f3rica, historiogr\u00e1fica e\/ou fontes prim\u00e1rias. Os artigos em dossi\u00eas referem-se \u00e0 an\u00e1lise de um t\u00f3pico espec\u00edfico proposto por especialistas, organizadores dos dossi\u00eas. Para enviar artigos ao peri\u00f3dico, todos os autores precisam ter titula\u00e7\u00e3o de doutor. Os autores obrigatoriamente devem informar seu n\u00famero ORCID (Open Researcher and Contributor ID) quando da submiss\u00e3o do artigo. Registro e informa\u00e7\u00f5es no site https:\/\/orcid.org\/signin. Cada autor(a) poder\u00e1 ter somente um artigo em processo de avalia\u00e7\u00e3o. Ser\u00e1 ainda observado um intervalo de dois anos entre a publica\u00e7\u00e3o e o in\u00edcio de um novo processo de submiss\u00e3o de texto de um autor(a). Todos os trabalhos aprovados quando da sua publica\u00e7\u00e3o final no peri\u00f3dico Tempo receber\u00e3o seu Digital Object Identifier (DOI) Contribui\u00e7\u00e3o dos autores No caso de artigos com autoria m\u00faltipla, os autores devem especificar em mensagem aos editores quais foram as contribui\u00e7\u00f5es individuais de cada autor(a) na elabora\u00e7\u00e3o do texto, quando for poss\u00edvel. Caso seja necess\u00e1rio, o artigo publicado explicitar\u00e1 as diferentes contribui\u00e7\u00f5es dos autores conforme a taxonomia do CRediT \u2013 Contributor Roles Taxonomy. Prepara\u00e7\u00e3o do manuscrito Para viabilizar a avalia\u00e7\u00e3o cega, os manuscritos n\u00e3o podem ter identifica\u00e7\u00e3o autoral na p\u00e1gina inicial, no texto e nas notas.Todas as contribui\u00e7\u00f5es devem usar o editor de texto da Microsoft Word ou editores compat\u00edveis (Times New Roman, tipo 12 e espa\u00e7o 1,5). Os artigos que n\u00e3o estiverem estritamente conforme as regras ser\u00e3o rejeitados. Os artigos devem ter: entre 40.000 e 60.000 caracteres com espa\u00e7os; t\u00edtulos, resumos (at\u00e9 950 caracteres cada, com espa\u00e7os) e tr\u00eas palavras-chave em portugu\u00eas e ingl\u00eas; notas de rodap\u00e9 e bibliografia; cita\u00e7\u00f5es bibliogr\u00e1ficas no corpo do texto, notas de rodap\u00e9 e bibliografia final conforme as normas da ABNT (como apresentadas nos exemplos abaixo). Sobre as resenhas cr\u00edticas:As resenhas cr\u00edticas devem colocar a obra analisada em di\u00e1logo com a historiografia pertinente ao tema, estimulando o debate acad\u00eamico por meio de sua publica\u00e7\u00e3o. Devem trazer novas pontua\u00e7\u00f5es e conhecimentos e n\u00e3o se limitar ao simples resumo da obra. Devem referir-se a livros nacionais publicados no mesmo ano ou no ano anterior ao da submiss\u00e3o, ou livros estrangeiros publicados nos \u00faltimos tr\u00eas anos. Autores de resenhas devem evitar situa\u00e7\u00f5es que possam ser caracterizadas como conflito de interesses. As resenhas devem ter: entre 10.000 e 15.000 caracteres com espa\u00e7os; um t\u00edtulo diferente do t\u00edtulo do livro resenhado, em portugu\u00eas e ingl\u00eas; pequenos resumos (at\u00e9 300 caracteres cada, com espa\u00e7os) e tr\u00eas palavras-chave em portugu\u00eas e ingl\u00eas; ao menos 1 refer\u00eancia bibliogr\u00e1fica ao longo do texto e devidamente referenciada no final. As entrevistas devem ter: entre 15.000 e 30.000 caracteres, com espa\u00e7os; t\u00edtulos em portugu\u00eas e ingl\u00eas; pequenos resumos (at\u00e9 300 caracteres cada, com espa\u00e7os) e tr\u00eas palavras-chave em portugu\u00eas e ingl\u00eas; ao menos 1 refer\u00eancia bibliogr\u00e1fica ao longo do texto, devidamente mencionada no final. Refer\u00eancias bibliogr\u00e1ficas e cita\u00e7\u00f5es O peri\u00f3dico Tempo utiliza as seguintes instru\u00e7\u00f5es normativas da Associa\u00e7\u00e3o Brasileira de Normas T\u00e9cnicas (ABNT): Refer\u00eancias &#8211; Elabora\u00e7\u00e3o (NBR-6023\/2018); Cita\u00e7\u00f5es em documentos &#8211; Apresenta\u00e7\u00e3o (NBR 10520\/2002) e Resumo &#8211; Apresenta\u00e7\u00e3o (NBR 6028\/2003). LivrosCorpo do texto e notas: (Monteiro, 2023, p. 175)Refer\u00eancias: MONTEIRO, Rodrigo Bentes. O c\u00f3dice endiabrado: da subleva\u00e7\u00e3o nas Minas em 1720. Niter\u00f3i: Eduff, 2023. Cap\u00edtulo de livroscorpo de texto e notas: (Santos, 2021, p. 83-108)Refer\u00eancias: SANTOS, Georgina Silva dos. Bruxas e freiras nas malhas da Inquisi\u00e7\u00e3o portuguesa. In: MEGIANI, Ana Paula Torres; MONTEIRO, Rodrigo Bentes (Orgs.). Tra\u00e7os: da obra de Laura de Mello e Souza. Rio de Janeiro: Ouro sobre Azul, 2021, p. 83-108. Artigoscorpo do texto e notas: (Quadrat, 2023, p. 224)Refer\u00eancias: QUADRAT, Samantha Viz. Mem\u00f3rias da ditadura e da resist\u00eancia no centro da cidade do Rio de Janeiro. Revista Transversos (Rio de Janeiro). n. 28, p. 223-233, 2023. Dispon\u00edvel em: https:\/\/www.e-publicacoes.uerj.br\/transversos\/article\/view\/78625Acesso em: 31\/08\/2024. Teses e disserta\u00e7\u00f5escorpo do texto e notas: (Souza, 2015, p. 139)Refer\u00eancia: SOUZA, Elizabeth Santos de. O mercado de cr\u00e9dito na corte joanina: experi\u00eancias das rela\u00e7\u00f5es sociais de empr\u00e9stimos (c. 1808-1821). Disserta\u00e7\u00e3o (Mestrado em Hist\u00f3ria), Universidade Federal Fluminense. Niter\u00f3i, 2015.Dispon\u00edvel em: https:\/\/www.historia.uff.br\/stricto\/td\/1936.pdfAcesso em: 30\/08\/2024. Texto obtido na internetSOBRENOME, Nome. T\u00edtulo. Data (se houver). Dispon\u00edvel em: https:\/\/www&#8230; Acesso em: dia\/m\u00eas\/ano. Trabalho apresentado em eventoSOBRENOME, Nome. T\u00edtulo do trabalho. In: Nome do evento, n\u00famero (se houver), ano, Local do evento. Anais&#8230; Local: Editora (se houver), ano, p. xxx-yyy. Documentos de arquivos e bibliotecas (manuscritos, datilografados, digitalizados etc.) Notas de rodap\u00e9Arquivo Hist\u00f3rico Ultramarino (AHU), \u201cRequerimento de Jo\u00e3o Cordeiro, pedindo provis\u00e3o, por um ano, para servir nos of\u00edcios de tabeli\u00e3o, escriv\u00e3o da C\u00e2mara e Almota\u00e7aria na Vila de Pitangui, Comarca do Sabar\u00e1\u201d, Minas Gerais, Cx. 35, Doc. 01. Dispon\u00edvel em: https:\/\/www &#8230; Acesso em: dia\/m\u00eas\/ano. Cita\u00e7\u00f5es de trechos de manuscritos e impressosEm aten\u00e7\u00e3o \u00e0 historicidade dos textos, todas as cita\u00e7\u00f5es de trechos de manuscritos ou edi\u00e7\u00f5es impressas, antigas ou recentes, devem respeitar as respectivas ortografias originais, incluindo pontua\u00e7\u00e3o, acentua\u00e7\u00e3o, uso de mai\u00fasculas e min\u00fasculas, sem atualizar a linguagem ou escrever [sic]. Em caso de cita\u00e7\u00e3o \u201capud\u201d, respeitar-se-\u00e1 a forma ortogr\u00e1fica da edi\u00e7\u00e3o consultada. Ativos digitais Tabelas, quadros, figuras, ilustra\u00e7\u00f5es, mapas, diagramas e demais ativos digitais presentes nos documentos devem ser enviados no corpo do artigo submetido e em arquivos anexos em alta resolu\u00e7\u00e3o (formato jpeg ou png), para posterior publica\u00e7\u00e3o no peri\u00f3dico.A fim de facilitar a audi\u00e7\u00e3o dos artigos e sua acessibilidade conforme os princ\u00edpios de Diversidade, Equidade, Inclus\u00e3o e Acessibilidade (DEIA), as imagens nos artigos devem ser descritas de modo sint\u00e9tico e claro em legendas abaixo, tanto quanto poss\u00edvel. Declara\u00e7\u00e3o de financiamento Quando os artigos s\u00e3o aprovados e identificados, os autores podem informar em nota inicial do texto as fontes de apoio para o trabalho, como institui\u00e7\u00f5es acad\u00eamicas, ag\u00eancias de fomento, tipo de bolsa ou aux\u00edlio e n\u00fameros de processos.<\/p>\n","protected":false},"author":1,"featured_media":0,"parent":0,"menu_order":0,"comment_status":"closed","ping_status":"closed","template":"elementor_header_footer","meta":{"footnotes":""},"class_list":["post-202","page","type-page","status-publish","hentry"],"_links":{"self":[{"href":"https:\/\/www2.historia.uff.br\/tempo\/wp-json\/wp\/v2\/pages\/202","targetHints":{"allow":["GET"]}}],"collection":[{"href":"https:\/\/www2.historia.uff.br\/tempo\/wp-json\/wp\/v2\/pages"}],"about":[{"href":"https:\/\/www2.historia.uff.br\/tempo\/wp-json\/wp\/v2\/types\/page"}],"author":[{"embeddable":true,"href":"https:\/\/www2.historia.uff.br\/tempo\/wp-json\/wp\/v2\/users\/1"}],"replies":[{"embeddable":true,"href":"https:\/\/www2.historia.uff.br\/tempo\/wp-json\/wp\/v2\/comments?post=202"}],"version-history":[{"count":43,"href":"https:\/\/www2.historia.uff.br\/tempo\/wp-json\/wp\/v2\/pages\/202\/revisions"}],"predecessor-version":[{"id":941,"href":"https:\/\/www2.historia.uff.br\/tempo\/wp-json\/wp\/v2\/pages\/202\/revisions\/941"}],"wp:attachment":[{"href":"https:\/\/www2.historia.uff.br\/tempo\/wp-json\/wp\/v2\/media?parent=202"}],"curies":[{"name":"wp","href":"https:\/\/api.w.org\/{rel}","templated":true}]}}