{"id":21,"date":"2024-10-26T10:18:52","date_gmt":"2024-10-26T13:18:52","guid":{"rendered":"http:\/\/tempoanateste.000.pe\/?page_id=21"},"modified":"2024-11-13T15:18:08","modified_gmt":"2024-11-13T18:18:08","slug":"edicoes","status":"publish","type":"page","link":"https:\/\/www2.historia.uff.br\/tempo\/edicoes\/","title":{"rendered":"Edi\u00e7\u00f5es"},"content":{"rendered":"\t\t<div data-elementor-type=\"wp-page\" data-elementor-id=\"21\" class=\"elementor elementor-21\">\n\t\t\t\t<div class=\"elementor-element elementor-element-e8f92a2 e-flex e-con-boxed wpr-particle-no wpr-jarallax-no wpr-parallax-no wpr-sticky-section-no e-con e-parent\" data-id=\"e8f92a2\" data-element_type=\"container\" data-settings=\"{&quot;background_background&quot;:&quot;classic&quot;}\">\n\t\t\t\t\t<div class=\"e-con-inner\">\n\t\t<div class=\"elementor-element elementor-element-7bd45bd e-con-full e-flex wpr-particle-no wpr-jarallax-no wpr-parallax-no wpr-sticky-section-no e-con e-child\" data-id=\"7bd45bd\" data-element_type=\"container\">\n\t\t\t\t<\/div>\n\t\t<div class=\"elementor-element elementor-element-56e3c6f e-con-full e-flex wpr-particle-no wpr-jarallax-no wpr-parallax-no wpr-sticky-section-no e-con e-child\" data-id=\"56e3c6f\" data-element_type=\"container\">\n\t\t\t\t<div class=\"elementor-element elementor-element-eac229f elementor-widget elementor-widget-heading\" data-id=\"eac229f\" data-element_type=\"widget\" data-widget_type=\"heading.default\">\n\t\t\t\t<div class=\"elementor-widget-container\">\n\t\t\t\t\t<h2 class=\"elementor-heading-title elementor-size-default\">Edi\u00e7\u00f5es<\/h2>\t\t\t\t<\/div>\n\t\t\t\t<\/div>\n\t\t\t\t<\/div>\n\t\t\t\t\t<\/div>\n\t\t\t\t<\/div>\n\t\t<div class=\"elementor-element elementor-element-3220939 e-flex e-con-boxed wpr-particle-no wpr-jarallax-no wpr-parallax-no wpr-sticky-section-no e-con e-parent\" data-id=\"3220939\" data-element_type=\"container\">\n\t\t\t\t\t<div class=\"e-con-inner\">\n\t\t\t\t<div class=\"elementor-element elementor-element-88b6531 elementor-widget elementor-widget-text-editor\" data-id=\"88b6531\" data-element_type=\"widget\" data-widget_type=\"text-editor.default\">\n\t\t\t\t<div class=\"elementor-widget-container\">\n\t\t\t\t\t\t\t\t\t<h4>Edi\u00e7\u00f5es impressas<\/h4><p style=\"font-weight: 400;\">De 1996 a 2004,\u00a0<em>Tempo<\/em>\u00a0foi publicada somente em formato impresso, com capas padronizadas e cores diferentes para cada n\u00famero anual. Desde o in\u00edcio, os dossi\u00eas tem\u00e1ticos foram uma marca da revista, que inclu\u00eda not\u00edcias das teses e disserta\u00e7\u00f5es defendidas no PPGH-UFF.<\/p><p style=\"font-weight: 400;\"><a href=\"https:\/\/tempoanateste.000.pe\/edicoes-digitalizadas\/\">Acesse aqui<\/a> esses n\u00fameros antigos digitalizados.<\/p><h4>\u00a0<\/h4><h4 style=\"font-weight: 400;\">Edi\u00e7oes digitais<\/h4><p style=\"font-weight: 400;\">A partir de 2005 a revista passou a ser publicada on-line, integrando a rede SciELO desde 2006. Ap\u00f3s um per\u00edodo de testes, em 2016 <em>Tempo<\/em>\u00a0passou a ser publicada tr\u00eas vezes por ano, e a partir de 2024 em sistema de fluxo cont\u00ednuo, com dossi\u00eas, artigos avulsos, resenhas e entrevistas.<\/p><p style=\"font-weight: 400;\"><a href=\"https:\/\/www.scielo.br\/j\/tem\/\">Acesse aqui<\/a> o site SciELO da revista.<\/p>\t\t\t\t\t\t\t\t<\/div>\n\t\t\t\t<\/div>\n\t\t\t\t\t<\/div>\n\t\t\t\t<\/div>\n\t\t\t\t<\/div>\n\t\t","protected":false},"excerpt":{"rendered":"<p>Edi\u00e7\u00f5es Edi\u00e7\u00f5es impressas De 1996 a 2004,\u00a0Tempo\u00a0foi publicada somente em formato impresso, com capas padronizadas e cores diferentes para cada n\u00famero anual. Desde o in\u00edcio, os dossi\u00eas tem\u00e1ticos foram uma marca da revista, que inclu\u00eda not\u00edcias das teses e disserta\u00e7\u00f5es defendidas no PPGH-UFF. Acesse aqui esses n\u00fameros antigos digitalizados. \u00a0 Edi\u00e7oes digitais A partir de 2005 a revista passou a ser publicada on-line, integrando a rede SciELO desde 2006. Ap\u00f3s um per\u00edodo de testes, em 2016 Tempo\u00a0passou a ser publicada tr\u00eas vezes por ano, e a partir de 2024 em sistema de fluxo cont\u00ednuo, com dossi\u00eas, artigos avulsos, resenhas e entrevistas. Acesse aqui o site SciELO da revista.<\/p>\n","protected":false},"author":1,"featured_media":0,"parent":0,"menu_order":0,"comment_status":"closed","ping_status":"closed","template":"elementor_header_footer","meta":{"footnotes":""},"class_list":["post-21","page","type-page","status-publish","hentry"],"_links":{"self":[{"href":"https:\/\/www2.historia.uff.br\/tempo\/wp-json\/wp\/v2\/pages\/21","targetHints":{"allow":["GET"]}}],"collection":[{"href":"https:\/\/www2.historia.uff.br\/tempo\/wp-json\/wp\/v2\/pages"}],"about":[{"href":"https:\/\/www2.historia.uff.br\/tempo\/wp-json\/wp\/v2\/types\/page"}],"author":[{"embeddable":true,"href":"https:\/\/www2.historia.uff.br\/tempo\/wp-json\/wp\/v2\/users\/1"}],"replies":[{"embeddable":true,"href":"https:\/\/www2.historia.uff.br\/tempo\/wp-json\/wp\/v2\/comments?post=21"}],"version-history":[{"count":52,"href":"https:\/\/www2.historia.uff.br\/tempo\/wp-json\/wp\/v2\/pages\/21\/revisions"}],"predecessor-version":[{"id":987,"href":"https:\/\/www2.historia.uff.br\/tempo\/wp-json\/wp\/v2\/pages\/21\/revisions\/987"}],"wp:attachment":[{"href":"https:\/\/www2.historia.uff.br\/tempo\/wp-json\/wp\/v2\/media?parent=21"}],"curies":[{"name":"wp","href":"https:\/\/api.w.org\/{rel}","templated":true}]}}