{"id":666,"date":"2024-10-31T08:41:42","date_gmt":"2024-10-31T11:41:42","guid":{"rendered":"http:\/\/tempoanateste.000.pe\/?page_id=666"},"modified":"2024-11-05T10:22:31","modified_gmt":"2024-11-05T13:22:31","slug":"politica-editorial","status":"publish","type":"page","link":"https:\/\/www2.historia.uff.br\/tempo\/politica-editorial\/","title":{"rendered":"Pol\u00edtica editorial"},"content":{"rendered":"\t\t<div data-elementor-type=\"wp-page\" data-elementor-id=\"666\" class=\"elementor elementor-666\">\n\t\t\t\t<div class=\"elementor-element elementor-element-5e0b4d2 e-flex e-con-boxed wpr-particle-no wpr-jarallax-no wpr-parallax-no wpr-sticky-section-no e-con e-parent\" data-id=\"5e0b4d2\" data-element_type=\"container\">\n\t\t\t\t\t<div class=\"e-con-inner\">\n\t\t<div class=\"elementor-element elementor-element-2cf60f5 e-con-full e-flex wpr-particle-no wpr-jarallax-no wpr-parallax-no wpr-sticky-section-no e-con e-child\" data-id=\"2cf60f5\" data-element_type=\"container\">\n\t\t\t\t<\/div>\n\t\t<div class=\"elementor-element elementor-element-211c1fe e-con-full e-flex wpr-particle-no wpr-jarallax-no wpr-parallax-no wpr-sticky-section-no e-con e-child\" data-id=\"211c1fe\" data-element_type=\"container\">\n\t\t\t\t<div class=\"elementor-element elementor-element-74f04af elementor-widget elementor-widget-heading\" data-id=\"74f04af\" data-element_type=\"widget\" data-widget_type=\"heading.default\">\n\t\t\t\t<div class=\"elementor-widget-container\">\n\t\t\t\t\t<h2 class=\"elementor-heading-title elementor-size-default\">Pol\u00edtica editorial<\/h2>\t\t\t\t<\/div>\n\t\t\t\t<\/div>\n\t\t\t\t<\/div>\n\t\t\t\t\t<\/div>\n\t\t\t\t<\/div>\n\t\t<div class=\"elementor-element elementor-element-745fc13 e-flex e-con-boxed wpr-particle-no wpr-jarallax-no wpr-parallax-no wpr-sticky-section-no e-con e-parent\" data-id=\"745fc13\" data-element_type=\"container\">\n\t\t\t\t\t<div class=\"e-con-inner\">\n\t\t<div class=\"elementor-element elementor-element-7c3a0f2 e-con-full e-flex wpr-particle-no wpr-jarallax-no wpr-parallax-no wpr-sticky-section-no e-con e-child\" data-id=\"7c3a0f2\" data-element_type=\"container\">\n\t\t\t\t<div class=\"elementor-element elementor-element-b32dc17 elementor-widget elementor-widget-text-editor\" data-id=\"b32dc17\" data-element_type=\"widget\" data-widget_type=\"text-editor.default\">\n\t\t\t\t<div class=\"elementor-widget-container\">\n\t\t\t\t\t\t\t\t\t<h4>Preprints<\/h4><p>A Tempo aceita manuscritos previamente depositados em um servidor reconhecido de preprint. Por ser uma autoria reconhecida, a avalia\u00e7\u00e3o n\u00e3o seguir\u00e1 o anonimato da autoria.<\/p><div>A informa\u00e7\u00e3o de que o manuscrito foi anteriormente publicado sob esse formato dever\u00e1 constar na primeira nota do texto na vers\u00e3o final para a publica\u00e7\u00e3o, incluindo o DOI do preprint.<\/div><div>\u00a0<\/div><h4>Processo de avalia\u00e7\u00e3o por pares<\/h4><div>Todos os manuscritos se submetem ao mesmo processo de publica\u00e7\u00e3o. Na primeira etapa, realizada em nosso sistema de submiss\u00e3o on-line, o editor analisar\u00e1 a adequa\u00e7\u00e3o do artigo \u00e0 miss\u00e3o da Tempo, a obedi\u00eancia \u00e0s normas e o potencial de inova\u00e7\u00e3o do trabalho. Os editores podem recusar o trabalho nesta primeira fase. Na segunda fase, os trabalhos s\u00e3o submetidos ao sistema peer review conforme quadro abaixo.<\/div><div>\u00a0<\/div><div>\u00a0<\/div><div><img fetchpriority=\"high\" decoding=\"async\" class=\"wp-image-693 aligncenter\" src=\"http:\/\/tempoanateste.000.pe\/wp-content\/uploads\/2024\/10\/tempo_quadro.jpg\" alt=\"SISTEMA PEER REVIEW tempo uff\" width=\"600\" height=\"493\" srcset=\"https:\/\/www2.historia.uff.br\/tempo\/wp-content\/uploads\/2024\/10\/tempo_quadro.jpg 1001w, https:\/\/www2.historia.uff.br\/tempo\/wp-content\/uploads\/2024\/10\/tempo_quadro-300x247.jpg 300w, https:\/\/www2.historia.uff.br\/tempo\/wp-content\/uploads\/2024\/10\/tempo_quadro-768x631.jpg 768w, https:\/\/www2.historia.uff.br\/tempo\/wp-content\/uploads\/2024\/10\/tempo_quadro-600x493.jpg 600w\" sizes=\"(max-width: 600px) 100vw, 600px\" \/><\/div><div>\u00a0<\/div><div>\u00a0<\/div><div>Em cada artigo publicado os avaliadores s\u00e3o identificados, com o seu consentimento. As resenhas e entrevistas s\u00e3o tamb\u00e9m submetidas ao sistema on-line, mas s\u00e3o analisadas pelos editores e conselho editorial.<\/div><div>\u00a0<\/div><div>Tempo procura ter periodicidade quadrimestral, com os n\u00fameros sendo completados normalmente em abril, agosto e dezembro. Assim que os textos de uma se\u00e7\u00e3o ficam prontos no processo editorial, eles seguem para publica\u00e7\u00e3o on-line, em sistema de fluxo cont\u00ednuo. Os n\u00fameros normalmente apresentam, nesta ordem, as seguintes se\u00e7\u00f5es:<\/div><div>\u00a0<\/div><div>1 &#8211; Artigo (com artigos livres);<\/div><div>2 &#8211; Dossi\u00ea (com um artigo de apresenta\u00e7\u00e3o do(s) organizador(es) e 3 a 5 artigos componentes \u2013 excepcionalmente, aceitam-se 6 artigos);<\/div><div>3 &#8211; Resenha (uma ou duas);<\/div><div>4 &#8211; Entrevista;<\/div><div>6 &#8211; Errata<\/div><div>\u00a0<\/div><h4>Dados abertos<\/h4><div>Os autores de artigos e resenhas na Tempo devem explicitar os dados na internet de consulta a c\u00f3pias digitais de manuscritos e impressos antigos, teses e disserta\u00e7\u00f5es em reposit\u00f3rios institucionais e tamb\u00e9m de artigos on-line. Para tal, devem escrever o link de acesso e a data de consulta, a fim de esclarecer sua rela\u00e7\u00e3o com a fonte e facilitar a consulta do leitor. Como informado na se\u00e7\u00e3o Conformidade com a Ci\u00eancia Aberta, o autor se compromete a fornecer, caso solicitado, os dados analisados no artigo. Nesse caso, os reposit\u00f3rios em que se encontram os dados e informa\u00e7\u00f5es devem ser citados no texto de acordo com o <a href=\"http:\/\/tempoanateste.000.pe\/wp-content\/uploads\/2024\/11\/guia-de-citacao-de-dados_pt.pdf\">Guia de cita\u00e7\u00e3o de dados de pesquisa<\/a>.<\/div><div>\u00a0<\/div><h4>Cobran\u00e7a de taxas<\/h4><div>Tempo \u00e9 um peri\u00f3dico de acesso aberto. N\u00e3o h\u00e1 taxa para submiss\u00e3o e avalia\u00e7\u00e3o de artigos.<\/div><div>\u00a0<\/div><div>\u00a0<\/div><h4>Pol\u00edtica de \u00e9tica e m\u00e1s condutas, errata e retrata\u00e7\u00e3o<\/h4><div>A Tempo se compromete a seguir boas pr\u00e1ticas editoriais, respeitando as diretrizes de \u00e9tica cient\u00edfica que ditam a pesquisa hist\u00f3rica. Comportamentos anti\u00e9ticos, incluindo pl\u00e1gio e falsifica\u00e7\u00e3o de dados, n\u00e3o s\u00e3o tolerados.<\/div><div>\u00a0<\/div><div>No momento da submiss\u00e3o, o autor deve assegurar que todas as diretrizes \u00e9ticas foram seguidas, informar as fontes de financiamento e, quando aplic\u00e1vel, declarar a aprova\u00e7\u00e3o de comit\u00eas de \u00e9tica. A observ\u00e2ncia das boas pr\u00e1ticas \u00e9ticas \u00e9 de responsabilidade exclusiva do autor.<\/div><div>\u00a0<\/div><div>Os artigos ser\u00e3o avaliados sem discrimina\u00e7\u00e3o de g\u00eanero, ra\u00e7a, orienta\u00e7\u00e3o sexual, religi\u00e3o, nacionalidade ou posicionamentos pol\u00edticos desde que respeitados os documentos nacionais e internacionais sobre direitos humanos.<\/div><div>\u00a0<\/div><div>Quanto \u00e0 autoria, todos que contribu\u00edram para a concep\u00e7\u00e3o, desenvolvimento e an\u00e1lise dos dados devem ser identificados como coautores, devendo todos serem doutores no momento da submiss\u00e3o e respons\u00e1veis pelo conte\u00fado do artigo.<\/div><div>\u00a0<\/div><div>Se forem identificados erros ap\u00f3s a publica\u00e7\u00e3o, o autor se compromete a informar o mais r\u00e1pido poss\u00edvel aos editores da Tempo para a emiss\u00e3o de erratas em um dos pr\u00f3ximos n\u00fameros do peri\u00f3dico.<\/div><div>\u00a0<\/div><div>Em casos de m\u00e1s condutas, como pl\u00e1gio, autopl\u00e1gio ou republica\u00e7\u00e3o de manuscritos, detectadas ap\u00f3s a publica\u00e7\u00e3o, o autor estar\u00e1 sujeito a san\u00e7\u00f5es editoriais, incluindo a retrata\u00e7\u00e3o do artigo. Al\u00e9m disso, caso queira, o autor plagiado poder\u00e1 enviar uma resposta em formato de artigo a ser publicada em um dos n\u00fameros subsequentes.<\/div><div>\u00a0<\/div><div>Tempo segue os princ\u00edpios \u00e9ticos estabelecidos no <a href=\"https:\/\/wp.scielo.org\/wp-content\/uploads\/Guia-de-Boas-Praticas-para-o-Fortalecimento-da-Etica-na-Publicacao-Cientifica.pdf\">Guia de Boas Pr\u00e1ticas para o Fortalecimento da \u00c9tica na Publica\u00e7\u00e3o Cient\u00edfica da SciELO<\/a>, as recomenda\u00e7\u00f5es do <a href=\"https:\/\/publicationethics.org\/\">Committee on Publication Ethics<\/a> (COPE), do<a href=\"https:\/\/doaj.org\/\"> Directory of Open Access Journals<\/a> (DOAJ) e da <a href=\"https:\/\/www.oaspa.org\/\">Open Access Scholarly Publishers Association<\/a> (OASPA). Para pesquisas realizadas em ambientes virtuais, adotamos como refer\u00eancia o documento da <a href=\"https:\/\/comitedeetica.ufop.br\/sites\/default\/files\/comitedeetica\/files\/orientacoes_para_procedimentos_em_pesquisas_com_qualquer_etapa_em_ambiente_virtual.pdf?m=1614288626\">Comiss\u00e3o Nacional de \u00c9tica em Pesquisa<\/a> (CONEP) e, para pesquisadores internacionais, recomenda-se a consulta a documentos equivalentes em seus pa\u00edses ou contato direto com a editoria da revista.<\/div><div>\u00a0<\/div><div>\u00a0<\/div><h4>Pol\u00edtica sobre conflito de interesses<\/h4><div>O conflito de interesses pode ser de natureza pessoal, comercial, pol\u00edtica, acad\u00eamica ou financeira. Conflitos de interesses podem ocorrer quando autores, revisores ou editores possuem interesses que podem influenciar na elabora\u00e7\u00e3o ou avalia\u00e7\u00e3o de manuscritos. Ao submeter o manuscrito, os autores s\u00e3o respons\u00e1veis por reconhecer e revelar conflitos financeiros ou de outra natureza que possam ter influenciado o trabalho. Caso haja, ainda que potencialmente, conflito de interesse, o(s) autor(es) deve(m) inform\u00e1-lo em documento pr\u00f3prio assinado e anexado \u00e0 plataforma de submiss\u00e3o. Para mais informa\u00e7\u00f5es: <a href=\"https:\/\/www.icmje.org\/recommendations\/browse\/roles-and-responsibilities\/author-responsibilities--conflicts-of-interest.html\">Disclosure of Financial and Non-Financial Relationships and Activities, and Conflicts of Interest<\/a>.<\/div><div>\u00a0<\/div><div>\u00a0<\/div><h4>Ado\u00e7\u00e3o de <em>softwares<\/em> de verifica\u00e7\u00e3o de similaridade<\/h4><div>Tempo faz uso dos seguintes <em>softwares<\/em> de verifica\u00e7\u00e3o de similaridade: CopySpider; Plagiarism Checker.<\/div><div>\u00a0<\/div><div>Os artigos s\u00e3o verificados pelos editores logo ap\u00f3s a submiss\u00e3o. Em situa\u00e7\u00f5es de pequena similaridade com trechos de outra produ\u00e7\u00e3o dos pr\u00f3prios autores (incluindo teses e disserta\u00e7\u00f5es de sua autoria) ou de outrem, os autores s\u00e3o contatados para reformularem a submiss\u00e3o. Em casos de grande similaridade, a submiss\u00e3o \u00e9 rejeitada.<\/div><div>\u00a0<\/div><div>O peri\u00f3dico publica artigos cient\u00edficos ap\u00f3s avalia\u00e7\u00e3o de dois pareceristas acad\u00eamicos e especialistas no tema. Entre os crit\u00e9rios utilizados para aprova\u00e7\u00e3o ou recusa do texto est\u00e1 o ineditismo do trabalho. Muitos programas de p\u00f3s-gradua\u00e7\u00e3o disponibilizam ao p\u00fablico as teses de doutorado e disserta\u00e7\u00f5es de mestrado para consulta on-line. Artigos com temas relativos ao tema de estudo da(o) autor(a) em seu mestrado ou doutoramento ser\u00e3o aceitos apenas caso apresentem acr\u00e9scimo significativo, ao tratarem de fontes in\u00e9ditas n\u00e3o exploradas na tese ou disserta\u00e7\u00e3o, ou contemplarem um di\u00e1logo com bibliografia recente, comprovando altera\u00e7\u00e3o ou evolu\u00e7\u00e3o das conclus\u00f5es apontadas anteriormente. Nesses casos a informa\u00e7\u00e3o precisa constar em mensagem aos editores, junto ao artigo enviado para avalia\u00e7\u00e3o.<\/div><div>\u00a0<\/div><div>\u00a0<\/div><h4>Ado\u00e7\u00e3o de <em>softwares<\/em> com uso de recursos de intelig\u00eancia artificial<\/h4><div>Autores que utilizam intelig\u00eancia artificial generativa (IA generativa) devem descrever o seu uso na submiss\u00e3o do artigo, justificar e detalhar como e onde foi aplicada no pr\u00f3prio manuscrito. Caso o artigo seja aprovado, os autores devem detalhar o uso de IA generativa tamb\u00e9m na vers\u00e3o final, incluindo especifica\u00e7\u00f5es como nome, vers\u00e3o da ferramenta e data da consulta. A informa\u00e7\u00e3o constar\u00e1 em nota inicial do artigo, junto a agradecimentos ou descri\u00e7\u00e3o de projetos de pesquisa.<\/div><div>\u00a0<\/div><div>\u00a0<\/div><h4>Quest\u00f5es de sexo e g\u00eanero<\/h4><div>A equipe editorial da Tempo, al\u00e9m dos autores que publicam na revista, devem observar as diretrizes sobre Equidade de Sexo e G\u00eanero em Pesquisa (<a href=\"https:\/\/www.equator-network.org\/reporting-guidelines\/sager-guidelines\/\">Sex and Gender Equity in Research \u2013 SAGER<\/a>). As diretrizes SAGER orientam o relato de informa\u00e7\u00f5es sobre sexo e g\u00eanero no desenho do estudo, na an\u00e1lise de dados e nos resultados e interpreta\u00e7\u00e3o dos achados. Al\u00e9m disso, Tempo observa a pol\u00edtica de equidade de g\u00eanero na forma\u00e7\u00e3o de seu corpo editorial.<\/div><div>\u00a0<\/div><div>\u00a0<\/div><h4>Comit\u00ea de \u00e9tica<\/h4><div>Os autores devem anexar nas submiss\u00f5es de artigos uma declara\u00e7\u00e3o de aprova\u00e7\u00e3o do comit\u00ea de \u00e9tica da institui\u00e7\u00e3o respons\u00e1vel por aprovar a pesquisa, em caso de temas controversos.<\/div><div>\u00a0<\/div><div>\u00a0<\/div><h4>Direitos autorais<\/h4><div>Autores de artigos publicados pela Tempo mant\u00eam os direitos autorais de seus trabalhos, licenciando-os sob a licen\u00e7a Creative Commons Attribution CC BY 4.0, que permite que os artigos sejam reutilizados e distribu\u00eddos sem restri\u00e7\u00e3o, desde que o trabalho original seja corretamente citado, com os autores concedendo \u00e0 Tempo o direito de primeira publica\u00e7\u00e3o.<\/div><div>\u00a0<\/div><div>\u00a0<\/div><h4>Propriedade intelectual e termos de uso<\/h4><div><strong>Responsabilidade do site:<\/strong><\/div><div>Todo o conte\u00fado do peri\u00f3dico e os artigos publicados pela Tempo est\u00e3o licenciados sob a Creative Commons Attribution, com a licen\u00e7a CC-BY como atribui\u00e7\u00e3o principal de Open Access.<\/div><div>\u00a0<\/div><div><strong>Responsabilidade do(a) autor(a):<\/strong><\/div><div>Todos os dados, opini\u00f5es e conceitos presentes nos manuscritos publicados s\u00e3o de responsabilidade dos autores, assim como a precis\u00e3o e exatid\u00e3o das refer\u00eancias bibliogr\u00e1ficas. Tempo encoraja os autores a arquivarem seus manuscritos aceitos, publicando-os em blogs pessoais, reposit\u00f3rios institucionais e m\u00eddias sociais acad\u00eamicas, bem como postando-os em suas m\u00eddias sociais pessoais, desde que seja inclu\u00edda a cita\u00e7\u00e3o completa \u00e0 vers\u00e3o do website do peri\u00f3dico.<\/div>\t\t\t\t\t\t\t\t<\/div>\n\t\t\t\t<\/div>\n\t\t\t\t<\/div>\n\t\t\t\t\t<\/div>\n\t\t\t\t<\/div>\n\t\t\t\t<\/div>\n\t\t","protected":false},"excerpt":{"rendered":"<p>Pol\u00edtica editorial Preprints A Tempo aceita manuscritos previamente depositados em um servidor reconhecido de preprint. Por ser uma autoria reconhecida, a avalia\u00e7\u00e3o n\u00e3o seguir\u00e1 o anonimato da autoria. A informa\u00e7\u00e3o de que o manuscrito foi anteriormente publicado sob esse formato dever\u00e1 constar na primeira nota do texto na vers\u00e3o final para a publica\u00e7\u00e3o, incluindo o DOI do preprint.\u00a0 Processo de avalia\u00e7\u00e3o por pares Todos os manuscritos se submetem ao mesmo processo de publica\u00e7\u00e3o. Na primeira etapa, realizada em nosso sistema de submiss\u00e3o on-line, o editor analisar\u00e1 a adequa\u00e7\u00e3o do artigo \u00e0 miss\u00e3o da Tempo, a obedi\u00eancia \u00e0s normas e o potencial de inova\u00e7\u00e3o do trabalho. Os editores podem recusar o trabalho nesta primeira fase. Na segunda fase, os trabalhos s\u00e3o submetidos ao sistema peer review conforme quadro abaixo.\u00a0\u00a0\u00a0\u00a0Em cada artigo publicado os avaliadores s\u00e3o identificados, com o seu consentimento. As resenhas e entrevistas s\u00e3o tamb\u00e9m submetidas ao sistema on-line, mas s\u00e3o analisadas pelos editores e conselho editorial.\u00a0Tempo procura ter periodicidade quadrimestral, com os n\u00fameros sendo completados normalmente em abril, agosto e dezembro. Assim que os textos de uma se\u00e7\u00e3o ficam prontos no processo editorial, eles seguem para publica\u00e7\u00e3o on-line, em sistema de fluxo cont\u00ednuo. Os n\u00fameros normalmente apresentam, nesta ordem, as seguintes se\u00e7\u00f5es:\u00a01 &#8211; Artigo (com artigos livres);2 &#8211; Dossi\u00ea (com um artigo de apresenta\u00e7\u00e3o do(s) organizador(es) e 3 a 5 artigos componentes \u2013 excepcionalmente, aceitam-se 6 artigos);3 &#8211; Resenha (uma ou duas);4 &#8211; Entrevista;6 &#8211; Errata\u00a0 Dados abertos Os autores de artigos e resenhas na Tempo devem explicitar os dados na internet de consulta a c\u00f3pias digitais de manuscritos e impressos antigos, teses e disserta\u00e7\u00f5es em reposit\u00f3rios institucionais e tamb\u00e9m de artigos on-line. Para tal, devem escrever o link de acesso e a data de consulta, a fim de esclarecer sua rela\u00e7\u00e3o com a fonte e facilitar a consulta do leitor. Como informado na se\u00e7\u00e3o Conformidade com a Ci\u00eancia Aberta, o autor se compromete a fornecer, caso solicitado, os dados analisados no artigo. Nesse caso, os reposit\u00f3rios em que se encontram os dados e informa\u00e7\u00f5es devem ser citados no texto de acordo com o Guia de cita\u00e7\u00e3o de dados de pesquisa.\u00a0 Cobran\u00e7a de taxas Tempo \u00e9 um peri\u00f3dico de acesso aberto. N\u00e3o h\u00e1 taxa para submiss\u00e3o e avalia\u00e7\u00e3o de artigos.\u00a0\u00a0 Pol\u00edtica de \u00e9tica e m\u00e1s condutas, errata e retrata\u00e7\u00e3o A Tempo se compromete a seguir boas pr\u00e1ticas editoriais, respeitando as diretrizes de \u00e9tica cient\u00edfica que ditam a pesquisa hist\u00f3rica. Comportamentos anti\u00e9ticos, incluindo pl\u00e1gio e falsifica\u00e7\u00e3o de dados, n\u00e3o s\u00e3o tolerados.\u00a0No momento da submiss\u00e3o, o autor deve assegurar que todas as diretrizes \u00e9ticas foram seguidas, informar as fontes de financiamento e, quando aplic\u00e1vel, declarar a aprova\u00e7\u00e3o de comit\u00eas de \u00e9tica. A observ\u00e2ncia das boas pr\u00e1ticas \u00e9ticas \u00e9 de responsabilidade exclusiva do autor.\u00a0Os artigos ser\u00e3o avaliados sem discrimina\u00e7\u00e3o de g\u00eanero, ra\u00e7a, orienta\u00e7\u00e3o sexual, religi\u00e3o, nacionalidade ou posicionamentos pol\u00edticos desde que respeitados os documentos nacionais e internacionais sobre direitos humanos.\u00a0Quanto \u00e0 autoria, todos que contribu\u00edram para a concep\u00e7\u00e3o, desenvolvimento e an\u00e1lise dos dados devem ser identificados como coautores, devendo todos serem doutores no momento da submiss\u00e3o e respons\u00e1veis pelo conte\u00fado do artigo.\u00a0Se forem identificados erros ap\u00f3s a publica\u00e7\u00e3o, o autor se compromete a informar o mais r\u00e1pido poss\u00edvel aos editores da Tempo para a emiss\u00e3o de erratas em um dos pr\u00f3ximos n\u00fameros do peri\u00f3dico.\u00a0Em casos de m\u00e1s condutas, como pl\u00e1gio, autopl\u00e1gio ou republica\u00e7\u00e3o de manuscritos, detectadas ap\u00f3s a publica\u00e7\u00e3o, o autor estar\u00e1 sujeito a san\u00e7\u00f5es editoriais, incluindo a retrata\u00e7\u00e3o do artigo. Al\u00e9m disso, caso queira, o autor plagiado poder\u00e1 enviar uma resposta em formato de artigo a ser publicada em um dos n\u00fameros subsequentes.\u00a0Tempo segue os princ\u00edpios \u00e9ticos estabelecidos no Guia de Boas Pr\u00e1ticas para o Fortalecimento da \u00c9tica na Publica\u00e7\u00e3o Cient\u00edfica da SciELO, as recomenda\u00e7\u00f5es do Committee on Publication Ethics (COPE), do Directory of Open Access Journals (DOAJ) e da Open Access Scholarly Publishers Association (OASPA). Para pesquisas realizadas em ambientes virtuais, adotamos como refer\u00eancia o documento da Comiss\u00e3o Nacional de \u00c9tica em Pesquisa (CONEP) e, para pesquisadores internacionais, recomenda-se a consulta a documentos equivalentes em seus pa\u00edses ou contato direto com a editoria da revista.\u00a0\u00a0 Pol\u00edtica sobre conflito de interesses O conflito de interesses pode ser de natureza pessoal, comercial, pol\u00edtica, acad\u00eamica ou financeira. Conflitos de interesses podem ocorrer quando autores, revisores ou editores possuem interesses que podem influenciar na elabora\u00e7\u00e3o ou avalia\u00e7\u00e3o de manuscritos. Ao submeter o manuscrito, os autores s\u00e3o respons\u00e1veis por reconhecer e revelar conflitos financeiros ou de outra natureza que possam ter influenciado o trabalho. Caso haja, ainda que potencialmente, conflito de interesse, o(s) autor(es) deve(m) inform\u00e1-lo em documento pr\u00f3prio assinado e anexado \u00e0 plataforma de submiss\u00e3o. Para mais informa\u00e7\u00f5es: Disclosure of Financial and Non-Financial Relationships and Activities, and Conflicts of Interest.\u00a0\u00a0 Ado\u00e7\u00e3o de softwares de verifica\u00e7\u00e3o de similaridade Tempo faz uso dos seguintes softwares de verifica\u00e7\u00e3o de similaridade: CopySpider; Plagiarism Checker.\u00a0Os artigos s\u00e3o verificados pelos editores logo ap\u00f3s a submiss\u00e3o. Em situa\u00e7\u00f5es de pequena similaridade com trechos de outra produ\u00e7\u00e3o dos pr\u00f3prios autores (incluindo teses e disserta\u00e7\u00f5es de sua autoria) ou de outrem, os autores s\u00e3o contatados para reformularem a submiss\u00e3o. Em casos de grande similaridade, a submiss\u00e3o \u00e9 rejeitada.\u00a0O peri\u00f3dico publica artigos cient\u00edficos ap\u00f3s avalia\u00e7\u00e3o de dois pareceristas acad\u00eamicos e especialistas no tema. Entre os crit\u00e9rios utilizados para aprova\u00e7\u00e3o ou recusa do texto est\u00e1 o ineditismo do trabalho. Muitos programas de p\u00f3s-gradua\u00e7\u00e3o disponibilizam ao p\u00fablico as teses de doutorado e disserta\u00e7\u00f5es de mestrado para consulta on-line. Artigos com temas relativos ao tema de estudo da(o) autor(a) em seu mestrado ou doutoramento ser\u00e3o aceitos apenas caso apresentem acr\u00e9scimo significativo, ao tratarem de fontes in\u00e9ditas n\u00e3o exploradas na tese ou disserta\u00e7\u00e3o, ou contemplarem um di\u00e1logo com bibliografia recente, comprovando altera\u00e7\u00e3o ou evolu\u00e7\u00e3o das conclus\u00f5es apontadas anteriormente. Nesses casos a informa\u00e7\u00e3o precisa constar em mensagem aos editores, junto ao artigo enviado para avalia\u00e7\u00e3o.\u00a0\u00a0 Ado\u00e7\u00e3o de softwares com uso de recursos de intelig\u00eancia artificial Autores que utilizam intelig\u00eancia artificial generativa (IA generativa) devem descrever o seu uso na submiss\u00e3o do artigo, justificar e detalhar como e onde foi aplicada no pr\u00f3prio manuscrito. Caso o artigo seja aprovado,<\/p>\n","protected":false},"author":1,"featured_media":0,"parent":0,"menu_order":0,"comment_status":"closed","ping_status":"closed","template":"elementor_header_footer","meta":{"footnotes":""},"class_list":["post-666","page","type-page","status-publish","hentry"],"_links":{"self":[{"href":"https:\/\/www2.historia.uff.br\/tempo\/wp-json\/wp\/v2\/pages\/666","targetHints":{"allow":["GET"]}}],"collection":[{"href":"https:\/\/www2.historia.uff.br\/tempo\/wp-json\/wp\/v2\/pages"}],"about":[{"href":"https:\/\/www2.historia.uff.br\/tempo\/wp-json\/wp\/v2\/types\/page"}],"author":[{"embeddable":true,"href":"https:\/\/www2.historia.uff.br\/tempo\/wp-json\/wp\/v2\/users\/1"}],"replies":[{"embeddable":true,"href":"https:\/\/www2.historia.uff.br\/tempo\/wp-json\/wp\/v2\/comments?post=666"}],"version-history":[{"count":54,"href":"https:\/\/www2.historia.uff.br\/tempo\/wp-json\/wp\/v2\/pages\/666\/revisions"}],"predecessor-version":[{"id":954,"href":"https:\/\/www2.historia.uff.br\/tempo\/wp-json\/wp\/v2\/pages\/666\/revisions\/954"}],"wp:attachment":[{"href":"https:\/\/www2.historia.uff.br\/tempo\/wp-json\/wp\/v2\/media?parent=666"}],"curies":[{"name":"wp","href":"https:\/\/api.w.org\/{rel}","templated":true}]}}