{"id":968,"date":"2024-11-13T14:28:42","date_gmt":"2024-11-13T17:28:42","guid":{"rendered":"https:\/\/tempoanateste.000.pe\/?page_id=968"},"modified":"2024-11-29T21:32:16","modified_gmt":"2024-11-30T00:32:16","slug":"edicoes-digitalizadas","status":"publish","type":"page","link":"https:\/\/www2.historia.uff.br\/tempo\/edicoes-digitalizadas\/","title":{"rendered":"Edi\u00e7\u00f5es impressas digitalizadas"},"content":{"rendered":"\t\t<div data-elementor-type=\"wp-page\" data-elementor-id=\"968\" class=\"elementor elementor-968\">\n\t\t\t\t<div class=\"elementor-element elementor-element-f86dade e-flex e-con-boxed wpr-particle-no wpr-jarallax-no wpr-parallax-no wpr-sticky-section-no e-con e-parent\" data-id=\"f86dade\" data-element_type=\"container\" data-settings=\"{&quot;background_background&quot;:&quot;classic&quot;}\">\n\t\t\t\t\t<div class=\"e-con-inner\">\n\t\t\t\t<div class=\"elementor-element elementor-element-3ce34d5 elementor-widget elementor-widget-heading\" data-id=\"3ce34d5\" data-element_type=\"widget\" data-widget_type=\"heading.default\">\n\t\t\t\t<div class=\"elementor-widget-container\">\n\t\t\t\t\t<h2 class=\"elementor-heading-title elementor-size-default\">Edi\u00e7\u00f5es impressas<\/h2>\t\t\t\t<\/div>\n\t\t\t\t<\/div>\n\t\t\t\t\t<\/div>\n\t\t\t\t<\/div>\n\t\t<div class=\"elementor-element elementor-element-0a56a67 e-flex e-con-boxed wpr-particle-no wpr-jarallax-no wpr-parallax-no wpr-sticky-section-no e-con e-parent\" data-id=\"0a56a67\" data-element_type=\"container\">\n\t\t\t\t\t<div class=\"e-con-inner\">\n\t\t<div class=\"elementor-element elementor-element-6da699d e-con-full e-flex wpr-particle-no wpr-jarallax-no wpr-parallax-no wpr-sticky-section-no e-con e-child\" data-id=\"6da699d\" data-element_type=\"container\">\n\t\t\t\t<div class=\"elementor-element elementor-element-fa8af53 elementor-widget elementor-widget-text-editor\" data-id=\"fa8af53\" data-element_type=\"widget\" data-widget_type=\"text-editor.default\">\n\t\t\t\t<div class=\"elementor-widget-container\">\n\t\t\t\t\t\t\t\t\t<p>v.1 n.1\u00a0 \u00a0 \u00a0\/\u00a0 \u00a0 \u00a0Abril, 1996 \u00a0 \/\u00a0 \u00a0 <a href=\"https:\/\/tempoanateste.000.pe\/v-1-n-1\"><strong>Viol\u00eancia e Cidadania<\/strong><\/a><\/p>\t\t\t\t\t\t\t\t<\/div>\n\t\t\t\t<\/div>\n\t\t\t\t<div class=\"elementor-element elementor-element-65a0a4b elementor-widget-divider--view-line elementor-widget elementor-widget-divider\" data-id=\"65a0a4b\" data-element_type=\"widget\" data-widget_type=\"divider.default\">\n\t\t\t\t<div class=\"elementor-widget-container\">\n\t\t\t\t\t\t\t<div class=\"elementor-divider\">\n\t\t\t<span class=\"elementor-divider-separator\">\n\t\t\t\t\t\t<\/span>\n\t\t<\/div>\n\t\t\t\t\t\t<\/div>\n\t\t\t\t<\/div>\n\t\t\t\t<div class=\"elementor-element elementor-element-449dad2 elementor-widget elementor-widget-text-editor\" data-id=\"449dad2\" data-element_type=\"widget\" data-widget_type=\"text-editor.default\">\n\t\t\t\t<div class=\"elementor-widget-container\">\n\t\t\t\t\t\t\t\t\t<p>v.1 n.2\u00a0 \u00a0 \u00a0\/\u00a0 \u00a0 \u00a0Dezembro, 1996 \u00a0 \/\u00a0 \u00a0 <a href=\"https:\/\/tempoanateste.000.pe\/v-1-n-2\/\"><strong>Teoria e Metodologia<\/strong><\/a><\/p>\t\t\t\t\t\t\t\t<\/div>\n\t\t\t\t<\/div>\n\t\t\t\t<div class=\"elementor-element elementor-element-c8eabc9 elementor-widget-divider--view-line elementor-widget elementor-widget-divider\" data-id=\"c8eabc9\" data-element_type=\"widget\" data-widget_type=\"divider.default\">\n\t\t\t\t<div class=\"elementor-widget-container\">\n\t\t\t\t\t\t\t<div class=\"elementor-divider\">\n\t\t\t<span class=\"elementor-divider-separator\">\n\t\t\t\t\t\t<\/span>\n\t\t<\/div>\n\t\t\t\t\t\t<\/div>\n\t\t\t\t<\/div>\n\t\t\t\t<div class=\"elementor-element elementor-element-4025a9d elementor-widget elementor-widget-text-editor\" data-id=\"4025a9d\" data-element_type=\"widget\" data-widget_type=\"text-editor.default\">\n\t\t\t\t<div class=\"elementor-widget-container\">\n\t\t\t\t\t\t\t\t\t<p>v.2 n.3\u00a0 \u00a0 \u00a0\/\u00a0 \u00a0 \u00a0Junho, 1997 \u00a0 \/\u00a0 \u00a0 <a href=\"https:\/\/tempoanateste.000.pe\/v-2-n-3-junho-1997\/\">\u00a0<strong>Identidade e Exclus\u00e3o<\/strong><\/a><\/p>\t\t\t\t\t\t\t\t<\/div>\n\t\t\t\t<\/div>\n\t\t\t\t<div class=\"elementor-element elementor-element-9b267ae elementor-widget-divider--view-line elementor-widget elementor-widget-divider\" data-id=\"9b267ae\" data-element_type=\"widget\" data-widget_type=\"divider.default\">\n\t\t\t\t<div class=\"elementor-widget-container\">\n\t\t\t\t\t\t\t<div class=\"elementor-divider\">\n\t\t\t<span class=\"elementor-divider-separator\">\n\t\t\t\t\t\t<\/span>\n\t\t<\/div>\n\t\t\t\t\t\t<\/div>\n\t\t\t\t<\/div>\n\t\t\t\t<div class=\"elementor-element elementor-element-48c7376 elementor-widget elementor-widget-text-editor\" data-id=\"48c7376\" data-element_type=\"widget\" data-widget_type=\"text-editor.default\">\n\t\t\t\t<div class=\"elementor-widget-container\">\n\t\t\t\t\t\t\t\t\t<p>v.2 n.4\u00a0 \u00a0 \u00a0\/\u00a0 \u00a0 \u00a0Junho, 1997 \u00a0 \/\u00a0 \u00a0 <a href=\"https:\/\/tempoanateste.000.pe\/v-2-n-4-dezembro-1997\/\"><strong>Modernidade<\/strong><\/a><\/p>\t\t\t\t\t\t\t\t<\/div>\n\t\t\t\t<\/div>\n\t\t\t\t<div class=\"elementor-element elementor-element-dd6c0d8 elementor-widget-divider--view-line elementor-widget elementor-widget-divider\" data-id=\"dd6c0d8\" data-element_type=\"widget\" data-widget_type=\"divider.default\">\n\t\t\t\t<div class=\"elementor-widget-container\">\n\t\t\t\t\t\t\t<div class=\"elementor-divider\">\n\t\t\t<span class=\"elementor-divider-separator\">\n\t\t\t\t\t\t<\/span>\n\t\t<\/div>\n\t\t\t\t\t\t<\/div>\n\t\t\t\t<\/div>\n\t\t\t\t<div class=\"elementor-element elementor-element-892d9a8 elementor-widget elementor-widget-text-editor\" data-id=\"892d9a8\" data-element_type=\"widget\" data-widget_type=\"text-editor.default\">\n\t\t\t\t<div class=\"elementor-widget-container\">\n\t\t\t\t\t\t\t\t\t<p>v.3 n.5\u00a0 \u00a0 \u00a0\/\u00a0 \u00a0 \u00a0Julho, 1998 \u00a0 \/\u00a0 \u00a0 <a href=\"https:\/\/tempoanateste.000.pe\/v-3-n-5-julho-1998\/\"><strong>Revolu\u00e7\u00e3o e Utopia<\/strong><\/a><\/p>\t\t\t\t\t\t\t\t<\/div>\n\t\t\t\t<\/div>\n\t\t\t\t<div class=\"elementor-element elementor-element-b2262cd elementor-widget-divider--view-line elementor-widget elementor-widget-divider\" data-id=\"b2262cd\" data-element_type=\"widget\" data-widget_type=\"divider.default\">\n\t\t\t\t<div class=\"elementor-widget-container\">\n\t\t\t\t\t\t\t<div class=\"elementor-divider\">\n\t\t\t<span class=\"elementor-divider-separator\">\n\t\t\t\t\t\t<\/span>\n\t\t<\/div>\n\t\t\t\t\t\t<\/div>\n\t\t\t\t<\/div>\n\t\t\t\t<div class=\"elementor-element elementor-element-1067695 elementor-widget elementor-widget-text-editor\" data-id=\"1067695\" data-element_type=\"widget\" data-widget_type=\"text-editor.default\">\n\t\t\t\t<div class=\"elementor-widget-container\">\n\t\t\t\t\t\t\t\t\t<p>v.3 n.6\u00a0 \u00a0 \u00a0\/\u00a0 \u00a0 \u00a0Dezembro, 1998 \u00a0 \/\u00a0 \u00a0 \u00a0<a href=\"https:\/\/tempoanateste.000.pe\/v-3-n-6-dezembro-1998\/\"><strong>Escravid\u00e3o e \u00c1frica Negra<\/strong><\/a><\/p>\t\t\t\t\t\t\t\t<\/div>\n\t\t\t\t<\/div>\n\t\t\t\t<div class=\"elementor-element elementor-element-4084d1d elementor-widget-divider--view-line elementor-widget elementor-widget-divider\" data-id=\"4084d1d\" data-element_type=\"widget\" data-widget_type=\"divider.default\">\n\t\t\t\t<div class=\"elementor-widget-container\">\n\t\t\t\t\t\t\t<div class=\"elementor-divider\">\n\t\t\t<span class=\"elementor-divider-separator\">\n\t\t\t\t\t\t<\/span>\n\t\t<\/div>\n\t\t\t\t\t\t<\/div>\n\t\t\t\t<\/div>\n\t\t\t\t<div class=\"elementor-element elementor-element-a6bc6be elementor-widget elementor-widget-text-editor\" data-id=\"a6bc6be\" data-element_type=\"widget\" data-widget_type=\"text-editor.default\">\n\t\t\t\t<div class=\"elementor-widget-container\">\n\t\t\t\t\t\t\t\t\t<p>v.4 n.7\u00a0 \u00a0 \u00a0\/\u00a0 \u00a0 \u00a0Julho, 1999 \u00a0 \/\u00a0 \u00a0 <a href=\"https:\/\/tempoanateste.000.pe\/v-4-n-7-julho-1999\/\">\u00a0<strong>Terra e Trabalho<\/strong><\/a><\/p>\t\t\t\t\t\t\t\t<\/div>\n\t\t\t\t<\/div>\n\t\t\t\t<div class=\"elementor-element elementor-element-16acbda elementor-widget-divider--view-line elementor-widget elementor-widget-divider\" data-id=\"16acbda\" data-element_type=\"widget\" data-widget_type=\"divider.default\">\n\t\t\t\t<div class=\"elementor-widget-container\">\n\t\t\t\t\t\t\t<div class=\"elementor-divider\">\n\t\t\t<span class=\"elementor-divider-separator\">\n\t\t\t\t\t\t<\/span>\n\t\t<\/div>\n\t\t\t\t\t\t<\/div>\n\t\t\t\t<\/div>\n\t\t\t\t<div class=\"elementor-element elementor-element-c1d4aad elementor-widget elementor-widget-text-editor\" data-id=\"c1d4aad\" data-element_type=\"widget\" data-widget_type=\"text-editor.default\">\n\t\t\t\t<div class=\"elementor-widget-container\">\n\t\t\t\t\t\t\t\t\t<p>v.4 n.8\u00a0 \u00a0 \u00a0\/\u00a0 \u00a0 \u00a0Dezembro, 1999 \u00a0 \/\u00a0 \u00a0<a href=\"https:\/\/tempoanateste.000.pe\/n-4-v-8-dezembro-1999\/\"><strong>Descobrimentos e Redescobrimentos do Brasil<\/strong><\/a><\/p>\t\t\t\t\t\t\t\t<\/div>\n\t\t\t\t<\/div>\n\t\t\t\t<div class=\"elementor-element elementor-element-cf28b5e elementor-widget-divider--view-line elementor-widget elementor-widget-divider\" data-id=\"cf28b5e\" data-element_type=\"widget\" data-widget_type=\"divider.default\">\n\t\t\t\t<div class=\"elementor-widget-container\">\n\t\t\t\t\t\t\t<div class=\"elementor-divider\">\n\t\t\t<span class=\"elementor-divider-separator\">\n\t\t\t\t\t\t<\/span>\n\t\t<\/div>\n\t\t\t\t\t\t<\/div>\n\t\t\t\t<\/div>\n\t\t\t\t<div class=\"elementor-element elementor-element-207a368 elementor-widget elementor-widget-text-editor\" data-id=\"207a368\" data-element_type=\"widget\" data-widget_type=\"text-editor.default\">\n\t\t\t\t<div class=\"elementor-widget-container\">\n\t\t\t\t\t\t\t\t\t<p>v.5 n.9\u00a0 \u00a0 \u00a0\/\u00a0 \u00a0 Julho, 2000\u00a0 \u00a0\/\u00a0 <a href=\"https:\/\/tempoanateste.000.pe\/n-5-v-9-julho-2000\/\">\u00a0<strong>Hist\u00f3ria das Mulheres e das Rela\u00e7\u00f5es de G\u00eanero<\/strong><\/a><\/p>\t\t\t\t\t\t\t\t<\/div>\n\t\t\t\t<\/div>\n\t\t\t\t<div class=\"elementor-element elementor-element-35abb8c elementor-widget-divider--view-line elementor-widget elementor-widget-divider\" data-id=\"35abb8c\" data-element_type=\"widget\" data-widget_type=\"divider.default\">\n\t\t\t\t<div class=\"elementor-widget-container\">\n\t\t\t\t\t\t\t<div class=\"elementor-divider\">\n\t\t\t<span class=\"elementor-divider-separator\">\n\t\t\t\t\t\t<\/span>\n\t\t<\/div>\n\t\t\t\t\t\t<\/div>\n\t\t\t\t<\/div>\n\t\t\t\t<div class=\"elementor-element elementor-element-eba23be elementor-widget elementor-widget-text-editor\" data-id=\"eba23be\" data-element_type=\"widget\" data-widget_type=\"text-editor.default\">\n\t\t\t\t<div class=\"elementor-widget-container\">\n\t\t\t\t\t\t\t\t\t<p>v.5 n.10\u00a0 \u00a0 \u00a0\/\u00a0 \u00a0 Dezembro, 2000\u00a0 \u00a0 \/\u00a0 <a href=\"https:\/\/tempoanateste.000.pe\/v-5-n-10-dezembro-2000\/\">\u00a0<strong>Cultura e Movimentos Sociais<\/strong><\/a><\/p>\t\t\t\t\t\t\t\t<\/div>\n\t\t\t\t<\/div>\n\t\t\t\t<div class=\"elementor-element elementor-element-1dc32b0 elementor-widget-divider--view-line elementor-widget elementor-widget-divider\" data-id=\"1dc32b0\" data-element_type=\"widget\" data-widget_type=\"divider.default\">\n\t\t\t\t<div class=\"elementor-widget-container\">\n\t\t\t\t\t\t\t<div class=\"elementor-divider\">\n\t\t\t<span class=\"elementor-divider-separator\">\n\t\t\t\t\t\t<\/span>\n\t\t<\/div>\n\t\t\t\t\t\t<\/div>\n\t\t\t\t<\/div>\n\t\t\t\t<div class=\"elementor-element elementor-element-44180d2 elementor-widget elementor-widget-text-editor\" data-id=\"44180d2\" data-element_type=\"widget\" data-widget_type=\"text-editor.default\">\n\t\t\t\t<div class=\"elementor-widget-container\">\n\t\t\t\t\t\t\t\t\t<p>v.6 n.11\u00a0 \u00a0 \u00a0\/\u00a0 \u00a0 Julho, 2001\u00a0 \u00a0 \u00a0\/\u00a0 \u00a0 <a href=\"https:\/\/tempoanateste.000.pe\/v-6-n-11-julho-2001\/\"><strong>Religiosidades na Hist\u00f3ria<\/strong><\/a><\/p>\t\t\t\t\t\t\t\t<\/div>\n\t\t\t\t<\/div>\n\t\t\t\t<div class=\"elementor-element elementor-element-6e38c1d elementor-widget-divider--view-line elementor-widget elementor-widget-divider\" data-id=\"6e38c1d\" data-element_type=\"widget\" data-widget_type=\"divider.default\">\n\t\t\t\t<div class=\"elementor-widget-container\">\n\t\t\t\t\t\t\t<div class=\"elementor-divider\">\n\t\t\t<span class=\"elementor-divider-separator\">\n\t\t\t\t\t\t<\/span>\n\t\t<\/div>\n\t\t\t\t\t\t<\/div>\n\t\t\t\t<\/div>\n\t\t\t\t<div class=\"elementor-element elementor-element-e87c85c elementor-widget elementor-widget-text-editor\" data-id=\"e87c85c\" data-element_type=\"widget\" data-widget_type=\"text-editor.default\">\n\t\t\t\t<div class=\"elementor-widget-container\">\n\t\t\t\t\t\t\t\t\t<p>v.6 n.12\u00a0 \u00a0 \u00a0\/\u00a0 \u00a0 Dezembro, 2001\u00a0 \u00a0\/\u00a0 \u00a0<a href=\"https:\/\/tempoanateste.000.pe\/v-6-n-12-dezembro-2001\/\"><strong>Identidades Coletivas: Cultura e Pol\u00edtica<\/strong><\/a><\/p>\t\t\t\t\t\t\t\t<\/div>\n\t\t\t\t<\/div>\n\t\t\t\t<div class=\"elementor-element elementor-element-883d38c elementor-widget-divider--view-line elementor-widget elementor-widget-divider\" data-id=\"883d38c\" data-element_type=\"widget\" data-widget_type=\"divider.default\">\n\t\t\t\t<div class=\"elementor-widget-container\">\n\t\t\t\t\t\t\t<div class=\"elementor-divider\">\n\t\t\t<span class=\"elementor-divider-separator\">\n\t\t\t\t\t\t<\/span>\n\t\t<\/div>\n\t\t\t\t\t\t<\/div>\n\t\t\t\t<\/div>\n\t\t\t\t<div class=\"elementor-element elementor-element-fa1c613 elementor-widget elementor-widget-text-editor\" data-id=\"fa1c613\" data-element_type=\"widget\" data-widget_type=\"text-editor.default\">\n\t\t\t\t<div class=\"elementor-widget-container\">\n\t\t\t\t\t\t\t\t\t<p>v.7 n.13\u00a0 \u00a0 \u00a0\/\u00a0 \u00a0 Julho, 2002\u00a0 \u00a0 \u00a0\/\u00a0 \u00a0 <a href=\"https:\/\/tempoanateste.000.pe\/v-7-n-13-julho-2002\/\"><strong>Pol\u00edtica e Administra\u00e7\u00e3o no Mundo Luso-Brasileiro<\/strong><\/a><\/p>\t\t\t\t\t\t\t\t<\/div>\n\t\t\t\t<\/div>\n\t\t\t\t<div class=\"elementor-element elementor-element-1c4f203 elementor-widget-divider--view-line elementor-widget elementor-widget-divider\" data-id=\"1c4f203\" data-element_type=\"widget\" data-widget_type=\"divider.default\">\n\t\t\t\t<div class=\"elementor-widget-container\">\n\t\t\t\t\t\t\t<div class=\"elementor-divider\">\n\t\t\t<span class=\"elementor-divider-separator\">\n\t\t\t\t\t\t<\/span>\n\t\t<\/div>\n\t\t\t\t\t\t<\/div>\n\t\t\t\t<\/div>\n\t\t\t\t<div class=\"elementor-element elementor-element-e639bbc elementor-widget elementor-widget-text-editor\" data-id=\"e639bbc\" data-element_type=\"widget\" data-widget_type=\"text-editor.default\">\n\t\t\t\t<div class=\"elementor-widget-container\">\n\t\t\t\t\t\t\t\t\t<p>v.7 n.14\u00a0 \u00a0 \u00a0\/\u00a0 \u00a0 Janeiro, 2003\u00a0 \u00a0 \u00a0\/\u00a0 \u00a0<a href=\"https:\/\/tempoanateste.000.pe\/v-7-n-14-janeiro-2003\/\">\u00a0<strong>Imagem e Cultura Visual<\/strong><\/a><\/p>\t\t\t\t\t\t\t\t<\/div>\n\t\t\t\t<\/div>\n\t\t\t\t<div class=\"elementor-element elementor-element-313a924 elementor-widget-divider--view-line elementor-widget elementor-widget-divider\" data-id=\"313a924\" data-element_type=\"widget\" data-widget_type=\"divider.default\">\n\t\t\t\t<div class=\"elementor-widget-container\">\n\t\t\t\t\t\t\t<div class=\"elementor-divider\">\n\t\t\t<span class=\"elementor-divider-separator\">\n\t\t\t\t\t\t<\/span>\n\t\t<\/div>\n\t\t\t\t\t\t<\/div>\n\t\t\t\t<\/div>\n\t\t\t\t<div class=\"elementor-element elementor-element-89ccbf4 elementor-widget elementor-widget-text-editor\" data-id=\"89ccbf4\" data-element_type=\"widget\" data-widget_type=\"text-editor.default\">\n\t\t\t\t<div class=\"elementor-widget-container\">\n\t\t\t\t\t\t\t\t\t<p>v.8 n.15\u00a0 \u00a0 \u00a0\/\u00a0 \u00a0 Julho, 2003\u00a0 \u00a0 \u00a0\/\u00a0 \u00a0<strong><a href=\"https:\/\/tempoanateste.000.pe\/v-8-n-15-julho-2003\/\">Neg\u00f3cio e Riqueza<\/a><\/strong><\/p>\t\t\t\t\t\t\t\t<\/div>\n\t\t\t\t<\/div>\n\t\t\t\t<div class=\"elementor-element elementor-element-917fee9 elementor-widget-divider--view-line elementor-widget elementor-widget-divider\" data-id=\"917fee9\" data-element_type=\"widget\" data-widget_type=\"divider.default\">\n\t\t\t\t<div class=\"elementor-widget-container\">\n\t\t\t\t\t\t\t<div class=\"elementor-divider\">\n\t\t\t<span class=\"elementor-divider-separator\">\n\t\t\t\t\t\t<\/span>\n\t\t<\/div>\n\t\t\t\t\t\t<\/div>\n\t\t\t\t<\/div>\n\t\t\t\t<div class=\"elementor-element elementor-element-5582d11 elementor-widget elementor-widget-text-editor\" data-id=\"5582d11\" data-element_type=\"widget\" data-widget_type=\"text-editor.default\">\n\t\t\t\t<div class=\"elementor-widget-container\">\n\t\t\t\t\t\t\t\t\t<p>v.8 n.16\u00a0 \u00a0 \u00a0\/\u00a0 \u00a0 Janeiro, 2004\u00a0 \u00a0 \u00a0\/\u00a0 \u00a0<a href=\"https:\/\/tempoanateste.000.pe\/v-8-n-16-janeiro-2004\/\"><strong>Hist\u00f3ria do Tempo Presente<\/strong><\/a><\/p>\t\t\t\t\t\t\t\t<\/div>\n\t\t\t\t<\/div>\n\t\t\t\t<div class=\"elementor-element elementor-element-6b95c20 elementor-widget-divider--view-line elementor-widget elementor-widget-divider\" data-id=\"6b95c20\" data-element_type=\"widget\" data-widget_type=\"divider.default\">\n\t\t\t\t<div class=\"elementor-widget-container\">\n\t\t\t\t\t\t\t<div class=\"elementor-divider\">\n\t\t\t<span class=\"elementor-divider-separator\">\n\t\t\t\t\t\t<\/span>\n\t\t<\/div>\n\t\t\t\t\t\t<\/div>\n\t\t\t\t<\/div>\n\t\t\t\t<div class=\"elementor-element elementor-element-5dbc52b elementor-widget elementor-widget-text-editor\" data-id=\"5dbc52b\" data-element_type=\"widget\" data-widget_type=\"text-editor.default\">\n\t\t\t\t<div class=\"elementor-widget-container\">\n\t\t\t\t\t\t\t\t\t<p>v.9 n.17\u00a0 \u00a0 \u00a0\/\u00a0 \u00a0 Julho, 2004\u00a0 \u00a0 \u00a0\/\u00a0 <a href=\"https:\/\/tempoanateste.000.pe\/v-9-n-17-julho-2004\/\">\u00a0<strong>Narrativas e Fontes Liter\u00e1rias<\/strong><\/a><\/p>\t\t\t\t\t\t\t\t<\/div>\n\t\t\t\t<\/div>\n\t\t\t\t<div class=\"elementor-element elementor-element-6ef5469 elementor-widget-divider--view-line elementor-widget elementor-widget-divider\" data-id=\"6ef5469\" data-element_type=\"widget\" data-widget_type=\"divider.default\">\n\t\t\t\t<div class=\"elementor-widget-container\">\n\t\t\t\t\t\t\t<div class=\"elementor-divider\">\n\t\t\t<span class=\"elementor-divider-separator\">\n\t\t\t\t\t\t<\/span>\n\t\t<\/div>\n\t\t\t\t\t\t<\/div>\n\t\t\t\t<\/div>\n\t\t\t\t<\/div>\n\t\t\t\t\t<\/div>\n\t\t\t\t<\/div>\n\t\t<div class=\"elementor-element elementor-element-2520815 e-flex e-con-boxed wpr-particle-no wpr-jarallax-no wpr-parallax-no wpr-sticky-section-no e-con e-parent\" data-id=\"2520815\" data-element_type=\"container\">\n\t\t\t\t\t<div class=\"e-con-inner\">\n\t\t\t\t\t<\/div>\n\t\t\t\t<\/div>\n\t\t\t\t<\/div>\n\t\t","protected":false},"excerpt":{"rendered":"<p>Edi\u00e7\u00f5es impressas v.1 n.1\u00a0 \u00a0 \u00a0\/\u00a0 \u00a0 \u00a0Abril, 1996 \u00a0 \/\u00a0 \u00a0 Viol\u00eancia e Cidadania v.1 n.2\u00a0 \u00a0 \u00a0\/\u00a0 \u00a0 \u00a0Dezembro, 1996 \u00a0 \/\u00a0 \u00a0 Teoria e Metodologia v.2 n.3\u00a0 \u00a0 \u00a0\/\u00a0 \u00a0 \u00a0Junho, 1997 \u00a0 \/\u00a0 \u00a0 \u00a0Identidade e Exclus\u00e3o v.2 n.4\u00a0 \u00a0 \u00a0\/\u00a0 \u00a0 \u00a0Junho, 1997 \u00a0 \/\u00a0 \u00a0 Modernidade v.3 n.5\u00a0 \u00a0 \u00a0\/\u00a0 \u00a0 \u00a0Julho, 1998 \u00a0 \/\u00a0 \u00a0 Revolu\u00e7\u00e3o e Utopia v.3 n.6\u00a0 \u00a0 \u00a0\/\u00a0 \u00a0 \u00a0Dezembro, 1998 \u00a0 \/\u00a0 \u00a0 \u00a0Escravid\u00e3o e \u00c1frica Negra v.4 n.7\u00a0 \u00a0 \u00a0\/\u00a0 \u00a0 \u00a0Julho, 1999 \u00a0 \/\u00a0 \u00a0 \u00a0Terra e Trabalho v.4 n.8\u00a0 \u00a0 \u00a0\/\u00a0 \u00a0 \u00a0Dezembro, 1999 \u00a0 \/\u00a0 \u00a0Descobrimentos e Redescobrimentos do Brasil v.5 n.9\u00a0 \u00a0 \u00a0\/\u00a0 \u00a0 Julho, 2000\u00a0 \u00a0\/\u00a0 \u00a0Hist\u00f3ria das Mulheres e das Rela\u00e7\u00f5es de G\u00eanero v.5 n.10\u00a0 \u00a0 \u00a0\/\u00a0 \u00a0 Dezembro, 2000\u00a0 \u00a0 \/\u00a0 \u00a0Cultura e Movimentos Sociais v.6 n.11\u00a0 \u00a0 \u00a0\/\u00a0 \u00a0 Julho, 2001\u00a0 \u00a0 \u00a0\/\u00a0 \u00a0 Religiosidades na Hist\u00f3ria v.6 n.12\u00a0 \u00a0 \u00a0\/\u00a0 \u00a0 Dezembro, 2001\u00a0 \u00a0\/\u00a0 \u00a0Identidades Coletivas: Cultura e Pol\u00edtica v.7 n.13\u00a0 \u00a0 \u00a0\/\u00a0 \u00a0 Julho, 2002\u00a0 \u00a0 \u00a0\/\u00a0 \u00a0 Pol\u00edtica e Administra\u00e7\u00e3o no Mundo Luso-Brasileiro v.7 n.14\u00a0 \u00a0 \u00a0\/\u00a0 \u00a0 Janeiro, 2003\u00a0 \u00a0 \u00a0\/\u00a0 \u00a0\u00a0Imagem e Cultura Visual v.8 n.15\u00a0 \u00a0 \u00a0\/\u00a0 \u00a0 Julho, 2003\u00a0 \u00a0 \u00a0\/\u00a0 \u00a0Neg\u00f3cio e Riqueza v.8 n.16\u00a0 \u00a0 \u00a0\/\u00a0 \u00a0 Janeiro, 2004\u00a0 \u00a0 \u00a0\/\u00a0 \u00a0Hist\u00f3ria do Tempo Presente v.9 n.17\u00a0 \u00a0 \u00a0\/\u00a0 \u00a0 Julho, 2004\u00a0 \u00a0 \u00a0\/\u00a0 \u00a0Narrativas e Fontes Liter\u00e1rias<\/p>\n","protected":false},"author":1,"featured_media":0,"parent":0,"menu_order":0,"comment_status":"closed","ping_status":"closed","template":"elementor_header_footer","meta":{"footnotes":""},"class_list":["post-968","page","type-page","status-publish","hentry"],"_links":{"self":[{"href":"https:\/\/www2.historia.uff.br\/tempo\/wp-json\/wp\/v2\/pages\/968","targetHints":{"allow":["GET"]}}],"collection":[{"href":"https:\/\/www2.historia.uff.br\/tempo\/wp-json\/wp\/v2\/pages"}],"about":[{"href":"https:\/\/www2.historia.uff.br\/tempo\/wp-json\/wp\/v2\/types\/page"}],"author":[{"embeddable":true,"href":"https:\/\/www2.historia.uff.br\/tempo\/wp-json\/wp\/v2\/users\/1"}],"replies":[{"embeddable":true,"href":"https:\/\/www2.historia.uff.br\/tempo\/wp-json\/wp\/v2\/comments?post=968"}],"version-history":[{"count":138,"href":"https:\/\/www2.historia.uff.br\/tempo\/wp-json\/wp\/v2\/pages\/968\/revisions"}],"predecessor-version":[{"id":1960,"href":"https:\/\/www2.historia.uff.br\/tempo\/wp-json\/wp\/v2\/pages\/968\/revisions\/1960"}],"wp:attachment":[{"href":"https:\/\/www2.historia.uff.br\/tempo\/wp-json\/wp\/v2\/media?parent=968"}],"curies":[{"name":"wp","href":"https:\/\/api.w.org\/{rel}","templated":true}]}}